{"id":3733,"date":"2024-04-04T16:37:39","date_gmt":"2024-04-04T15:37:39","guid":{"rendered":"http:\/\/bioscom.onpressidium.com\/conditions-dutilisation\/"},"modified":"2024-04-04T16:37:48","modified_gmt":"2024-04-04T15:37:48","slug":"conditions-dutilisation","status":"publish","type":"page","link":"https:\/\/bioserenity.com\/fr\/conditions-dutilisation\/","title":{"rendered":"Conditions d&rsquo;utilisation"},"content":{"rendered":"\n<h2 class=\"wp-block-heading\">CONDITIONS G\u00c9N\u00c9RALES D&rsquo;UTILISATION DU SITE ET DES SERVICES OFFERTS<\/h2>\n\n<p>L&rsquo;utilisation du site <a href=\"http:\/\/www.group.bioserenity.com\/\" target=\"_blank\" rel=\"noreferrer noopener\">www.bioserenity.com<\/a> implique l&rsquo;acceptation pleine et enti\u00e8re des conditions g\u00e9n\u00e9rales d&rsquo;utilisation ci-apr\u00e8s d\u00e9crites. Ces conditions d&rsquo;utilisation sont susceptibles d&rsquo;\u00eatre modifi\u00e9es ou compl\u00e9t\u00e9es \u00e0 tout moment, les utilisateurs du site <a href=\"http:\/\/www.group.bioserenity.com\/\" target=\"_blank\" rel=\"noreferrer noopener\">www.bioserenity.com<\/a> sont donc invit\u00e9s \u00e0 les consulter de mani\u00e8re r\u00e9guli\u00e8re.<\/p>\n\n<p>Ce site est normalement accessible aux utilisateurs \u00e0 tout moment. Une interruption pour raison de maintenance technique peut \u00eatre toutefois d\u00e9cid\u00e9e par BioSerenity, qui s&rsquo;efforcera alors de communiquer pr\u00e9alablement aux utilisateurs les dates et heures de l&rsquo;intervention.<\/p>\n\n<p>Le site <a href=\"http:\/\/www.group.bioserenity.com\/\" target=\"_blank\" rel=\"noreferrer noopener\">www.bioserenity.com<\/a> est mis \u00e0 jour r\u00e9guli\u00e8rement par BioSerenity. De la m\u00eame fa\u00e7on, les mentions l\u00e9gales peuvent \u00eatre modifi\u00e9es \u00e0 tout moment : elles s&rsquo;imposent n\u00e9anmoins \u00e0 l&rsquo;utilisateur qui est invit\u00e9 \u00e0 s&rsquo;y r\u00e9f\u00e9rer le plus souvent possible afin d&rsquo;en prendre connaissance.<\/p>\n\n<h2 class=\"wp-block-heading\">DESCRIPTION DES SERVICES FOURNIS<\/h2>\n\n<p>Le site <a href=\"http:\/\/www.group.bioserenity.com\/\" target=\"_blank\" rel=\"noreferrer noopener\">www.bioserenity.com<\/a> a pour objet de fournir une information concernant l&rsquo;ensemble des activit\u00e9s de la soci\u00e9t\u00e9.<\/p>\n\n<p>BioSerenity s&rsquo;efforce de fournir sur le site <a href=\"http:\/\/www.group.bioserenity.com\/\" target=\"_blank\" rel=\"noreferrer noopener\">www.bioserenity.com<\/a> des informations aussi pr\u00e9cises que possible. Toutefois, il ne pourra \u00eatre tenu responsable des omissions, des inexactitudes et des carences dans la mise \u00e0 jour, qu&rsquo;elles soient de son fait ou du fait des tiers partenaires qui lui fournissent ces informations.<\/p>\n\n<p>Tous les informations indiqu\u00e9es sur le site <a href=\"https:\/\/bioserenity.com\/fr\/\" target=\"_blank\" rel=\"noreferrer noopener\">www.bioserenity.com<\/a> sont donn\u00e9es \u00e0 titre indicatif, et sont susceptibles d&rsquo;\u00e9voluer. Par ailleurs, les renseignements figurant sur le site <a href=\"https:\/\/bioserenity.com\/fr\/\" target=\"_blank\" rel=\"noreferrer noopener\">www.bioserenity.com<\/a> ne sont pas exhaustifs. Elles sont donn\u00e9es sous r\u00e9serve de modifications intervenues depuis leur mise en ligne.<\/p>\n\n<p>Informations g\u00e9n\u00e9rales destin\u00e9es aux professionnels de la sant\u00e9 concernant le produit appel\u00e9 : Neuronaute \u00ae<\/p>\n\n<p>Le Neuronaute \u00ae (compos\u00e9 d&rsquo;un corps et d&rsquo;une t\u00eate) est un dispositif d&rsquo;enregistrement de signaux biophysiologiques qui peut \u00eatre coupl\u00e9 \u00e0 un enregistrement vid\u00e9o. L&rsquo;appareil, manipul\u00e9 par un m\u00e9decin, peut \u00eatre utilis\u00e9 pour un usage clinique : Mesure de l&rsquo;EEG ; mesure de l&rsquo;ECG ; mesure de l&rsquo;EMG (\u00e0 l&rsquo;exclusion de l&rsquo;EMG li\u00e9 aux mouvements mandibulaires).<br\/>Classe DM : IIa.<br\/>Le nom de l&rsquo;organisme autoris\u00e9 qui a \u00e9tabli l&rsquo;\u00e9valuation de la conformit\u00e9 : BSI 2797 &#8211; Certificat CE n\u00b0. CE 631058.<\/p>\n\n<p>Le nom du fabricant : BioSerenity<br\/>Les informations essentielles pour une utilisation correcte se trouvent dans le manuel d&rsquo;utilisation disponible en ligne.<\/p>\n\n<p>Nous vous invitons express\u00e9ment \u00e0 lire attentivement les instructions figurant dans le manuel ou sur l&rsquo;\u00e9tiquetage fourni au professionnel de la sant\u00e9.<br\/>Le Neuronaute n&rsquo;est pas pris en compte par les organismes d&rsquo;assurance maladie pour le remboursement.<\/p>\n\n<p><br\/>Date de la derni\u00e8re modification de la version 1.0.4 : Avril 2024.<\/p>\n\n<h2 class=\"wp-block-heading\">LIMITATIONS CONTRACTUELLES SUR LES DONN\u00c9ES TECHNIQUES<\/h2>\n\n<p>Le site utilise la technologie JavaScript.<\/p>\n\n<p>Le site ne pourra \u00eatre tenu responsable de dommages mat\u00e9riels li\u00e9s \u00e0 l&rsquo;utilisation du site. De plus, l&rsquo;utilisateur du site s&rsquo;engage \u00e0 acc\u00e9der au site en utilisant un mat\u00e9riel r\u00e9cent, ne contenant pas de virus et avec un navigateur de derni\u00e8re g\u00e9n\u00e9ration mis \u00e0 jour.  <\/p>\n\n<h2 class=\"wp-block-heading\">PROPRI\u00c9T\u00c9 INTELLECTUELLE ET INFRACTIONS<\/h2>\n\n<p>BioSerenity est propri\u00e9taire des droits de propri\u00e9t\u00e9 intellectuelle et d\u00e9tient les droits d&rsquo;usage sur tous les \u00e9l\u00e9ments accessibles sur le site, notamment les textes, images, graphismes, logo, ic\u00f4nes, sons, logiciels.<\/p>\n\n<p>Toute reproduction, repr\u00e9sentation, modification, publication, adaptation de tout ou partie des \u00e9l\u00e9ments du site, quel que soit le moyen ou le proc\u00e9d\u00e9 utilis\u00e9, est interdite, sauf autorisation \u00e9crite pr\u00e9alable de BioSerenity.<\/p>\n\n<p>Toute exploitation non autoris\u00e9e du site et de l&rsquo;un quelconque des \u00e9l\u00e9ments qu&rsquo;il contient sera consid\u00e9r\u00e9e comme constitutive d&rsquo;une contrefa\u00e7on et poursuivie conform\u00e9ment aux dispositions des articles L.335-2 et suivants du Code de la propri\u00e9t\u00e9 intellectuelle.<\/p>\n","protected":false},"excerpt":{"rendered":"<p>CONDITIONS G\u00c9N\u00c9RALES D&rsquo;UTILISATION DU SITE ET DES SERVICES OFFERTS L&rsquo;utilisation du site www.bioserenity.com implique l&rsquo;acceptation pleine et enti\u00e8re des conditions g\u00e9n\u00e9rales d&rsquo;utilisation ci-apr\u00e8s d\u00e9crites. Ces conditions d&rsquo;utilisation sont susceptibles d&rsquo;\u00eatre modifi\u00e9es ou compl\u00e9t\u00e9es \u00e0 tout moment, les utilisateurs du site www.bioserenity.com sont donc invit\u00e9s \u00e0 les consulter de mani\u00e8re r\u00e9guli\u00e8re. Ce site est normalement accessible [&hellip;]<\/p>\n","protected":false},"author":15,"featured_media":0,"parent":0,"menu_order":0,"comment_status":"closed","ping_status":"closed","template":"","meta":{"footnotes":""},"class_list":["post-3733","page","type-page","status-publish","hentry"],"blocksy_meta":[],"yoast_head":"<!-- This site is optimized with the Yoast SEO Premium plugin v27.3 (Yoast SEO v27.3) - https:\/\/yoast.com\/product\/yoast-seo-premium-wordpress\/ -->\n<title>Conditions d&#039;utilisation - BioSerenity<\/title>\n<meta name=\"robots\" content=\"index, follow, max-snippet:-1, max-image-preview:large, max-video-preview:-1\" \/>\n<link rel=\"canonical\" href=\"https:\/\/bioserenity.com\/fr\/conditions-dutilisation\/\" \/>\n<meta property=\"og:locale\" content=\"fr_FR\" \/>\n<meta property=\"og:type\" content=\"article\" \/>\n<meta property=\"og:title\" content=\"Conditions d&#039;utilisation\" \/>\n<meta property=\"og:description\" content=\"CONDITIONS G\u00c9N\u00c9RALES D&rsquo;UTILISATION DU SITE ET DES SERVICES OFFERTS L&rsquo;utilisation du site www.bioserenity.com implique l&rsquo;acceptation pleine et enti\u00e8re des conditions g\u00e9n\u00e9rales d&rsquo;utilisation ci-apr\u00e8s d\u00e9crites. Ces conditions d&rsquo;utilisation sont susceptibles d&rsquo;\u00eatre modifi\u00e9es ou compl\u00e9t\u00e9es \u00e0 tout moment, les utilisateurs du site www.bioserenity.com sont donc invit\u00e9s \u00e0 les consulter de mani\u00e8re r\u00e9guli\u00e8re. Ce site est normalement accessible [&hellip;]\" \/>\n<meta property=\"og:url\" content=\"https:\/\/bioserenity.com\/fr\/conditions-dutilisation\/\" \/>\n<meta property=\"og:site_name\" content=\"BioSerenity\" \/>\n<meta property=\"article:modified_time\" content=\"2024-04-04T15:37:48+00:00\" \/>\n<meta property=\"og:image\" content=\"https:\/\/bioserenity.com\/wp-content\/uploads\/2024\/03\/IceCap-BioSerenity.jpg\" \/>\n\t<meta property=\"og:image:width\" content=\"1920\" \/>\n\t<meta property=\"og:image:height\" content=\"912\" \/>\n\t<meta property=\"og:image:type\" content=\"image\/jpeg\" \/>\n<meta name=\"twitter:card\" content=\"summary_large_image\" \/>\n<meta name=\"twitter:label1\" content=\"Dur\u00e9e de lecture estim\u00e9e\" \/>\n\t<meta name=\"twitter:data1\" content=\"3 minutes\" \/>\n<script type=\"application\/ld+json\" class=\"yoast-schema-graph\">{\"@context\":\"https:\\\/\\\/schema.org\",\"@graph\":[{\"@type\":\"WebPage\",\"@id\":\"https:\\\/\\\/bioserenity.com\\\/fr\\\/conditions-dutilisation\\\/\",\"url\":\"https:\\\/\\\/bioserenity.com\\\/fr\\\/conditions-dutilisation\\\/\",\"name\":\"Conditions d'utilisation - BioSerenity\",\"isPartOf\":{\"@id\":\"https:\\\/\\\/bioserenity.com\\\/fr\\\/#website\"},\"datePublished\":\"2024-04-04T15:37:39+00:00\",\"dateModified\":\"2024-04-04T15:37:48+00:00\",\"breadcrumb\":{\"@id\":\"https:\\\/\\\/bioserenity.com\\\/fr\\\/conditions-dutilisation\\\/#breadcrumb\"},\"inLanguage\":\"fr-FR\",\"potentialAction\":[{\"@type\":\"ReadAction\",\"target\":[\"https:\\\/\\\/bioserenity.com\\\/fr\\\/conditions-dutilisation\\\/\"]}]},{\"@type\":\"BreadcrumbList\",\"@id\":\"https:\\\/\\\/bioserenity.com\\\/fr\\\/conditions-dutilisation\\\/#breadcrumb\",\"itemListElement\":[{\"@type\":\"ListItem\",\"position\":1,\"name\":\"Home\",\"item\":\"https:\\\/\\\/bioserenity.com\\\/fr\\\/accueil\\\/\"},{\"@type\":\"ListItem\",\"position\":2,\"name\":\"Conditions d&#8217;utilisation\"}]},{\"@type\":\"WebSite\",\"@id\":\"https:\\\/\\\/bioserenity.com\\\/fr\\\/#website\",\"url\":\"https:\\\/\\\/bioserenity.com\\\/fr\\\/\",\"name\":\"BioSerenity\",\"description\":\"Connected &amp; Integrated Neurosciences. Brain monitoring &amp; remote diagnostic\",\"publisher\":{\"@id\":\"https:\\\/\\\/bioserenity.com\\\/fr\\\/#organization\"},\"potentialAction\":[{\"@type\":\"SearchAction\",\"target\":{\"@type\":\"EntryPoint\",\"urlTemplate\":\"https:\\\/\\\/bioserenity.com\\\/fr\\\/?s={search_term_string}\"},\"query-input\":{\"@type\":\"PropertyValueSpecification\",\"valueRequired\":true,\"valueName\":\"search_term_string\"}}],\"inLanguage\":\"fr-FR\"},{\"@type\":\"Organization\",\"@id\":\"https:\\\/\\\/bioserenity.com\\\/fr\\\/#organization\",\"name\":\"BioSerenity\",\"url\":\"https:\\\/\\\/bioserenity.com\\\/fr\\\/\",\"logo\":{\"@type\":\"ImageObject\",\"inLanguage\":\"fr-FR\",\"@id\":\"https:\\\/\\\/bioserenity.com\\\/fr\\\/#\\\/schema\\\/logo\\\/image\\\/\",\"url\":\"https:\\\/\\\/bioserenity.com\\\/wp-content\\\/uploads\\\/2023\\\/05\\\/logo_bioserenity_BORDEAUX-600-o.png\",\"contentUrl\":\"https:\\\/\\\/bioserenity.com\\\/wp-content\\\/uploads\\\/2023\\\/05\\\/logo_bioserenity_BORDEAUX-600-o.png\",\"width\":600,\"height\":170,\"caption\":\"BioSerenity\"},\"image\":{\"@id\":\"https:\\\/\\\/bioserenity.com\\\/fr\\\/#\\\/schema\\\/logo\\\/image\\\/\"},\"sameAs\":[\"https:\\\/\\\/www.linkedin.com\\\/company\\\/bioserenity\\\/\",\"https:\\\/\\\/www.youtube.com\\\/@bioserenity9854\"],\"description\":\"BIOSerenity, founded in 2014, is the French leader in electrophysiological diagnostics, performing more than 45,000 EEGs (electroencephalograms), 8,000 PSGs (polysomnographies), and 5,000 ECGs (electrocardiograms) each year. Its offering combines medical devices, a software platform, and AI algorithms, all designed and produced in France, integrated into an ecosystem of services for the benefit of physicians and patients. This unique end-to-end solution enables complex examinations to be performed and provides remote interpretation of signals in a timely manner, contributing to faster and more reliable clinical decisions. As an expert in neurology, BIOSerenity has developed the Large Brain Model (LBM), a foundation model trained on more than ten years of EEG recordings. This database and AI platform give rise to decision support tools that improve the quality and speed of interpretation. Among its flagship services, the long-term (72-hour) home EEG, unique in France, speeds up access to diagnosis when hospital slots are hardly available. In sleep medicine, BIOSerenity relies on a network of dedicated centers and specialized medical and paramedical teams to accelerate the diagnosis of sleep disorders and optimize patient referral. This vertical integration - devices, software, AI, and medical services - supports continuous improvement in the care pathway, as well as faster and more reliable diagnosis.\",\"email\":\"contact@bioserenity.com\",\"legalName\":\"BIOSERENITY\",\"numberOfEmployees\":{\"@type\":\"QuantitativeValue\",\"minValue\":\"201\",\"maxValue\":\"500\"}}]}<\/script>\n<!-- \/ Yoast SEO Premium plugin. -->","yoast_head_json":{"title":"Conditions d'utilisation - BioSerenity","robots":{"index":"index","follow":"follow","max-snippet":"max-snippet:-1","max-image-preview":"max-image-preview:large","max-video-preview":"max-video-preview:-1"},"canonical":"https:\/\/bioserenity.com\/fr\/conditions-dutilisation\/","og_locale":"fr_FR","og_type":"article","og_title":"Conditions d'utilisation","og_description":"CONDITIONS G\u00c9N\u00c9RALES D&rsquo;UTILISATION DU SITE ET DES SERVICES OFFERTS L&rsquo;utilisation du site www.bioserenity.com implique l&rsquo;acceptation pleine et enti\u00e8re des conditions g\u00e9n\u00e9rales d&rsquo;utilisation ci-apr\u00e8s d\u00e9crites. Ces conditions d&rsquo;utilisation sont susceptibles d&rsquo;\u00eatre modifi\u00e9es ou compl\u00e9t\u00e9es \u00e0 tout moment, les utilisateurs du site www.bioserenity.com sont donc invit\u00e9s \u00e0 les consulter de mani\u00e8re r\u00e9guli\u00e8re. Ce site est normalement accessible [&hellip;]","og_url":"https:\/\/bioserenity.com\/fr\/conditions-dutilisation\/","og_site_name":"BioSerenity","article_modified_time":"2024-04-04T15:37:48+00:00","og_image":[{"width":1920,"height":912,"url":"https:\/\/bioserenity.com\/wp-content\/uploads\/2024\/03\/IceCap-BioSerenity.jpg","type":"image\/jpeg"}],"twitter_card":"summary_large_image","twitter_misc":{"Dur\u00e9e de lecture estim\u00e9e":"3 minutes"},"schema":{"@context":"https:\/\/schema.org","@graph":[{"@type":"WebPage","@id":"https:\/\/bioserenity.com\/fr\/conditions-dutilisation\/","url":"https:\/\/bioserenity.com\/fr\/conditions-dutilisation\/","name":"Conditions d'utilisation - BioSerenity","isPartOf":{"@id":"https:\/\/bioserenity.com\/fr\/#website"},"datePublished":"2024-04-04T15:37:39+00:00","dateModified":"2024-04-04T15:37:48+00:00","breadcrumb":{"@id":"https:\/\/bioserenity.com\/fr\/conditions-dutilisation\/#breadcrumb"},"inLanguage":"fr-FR","potentialAction":[{"@type":"ReadAction","target":["https:\/\/bioserenity.com\/fr\/conditions-dutilisation\/"]}]},{"@type":"BreadcrumbList","@id":"https:\/\/bioserenity.com\/fr\/conditions-dutilisation\/#breadcrumb","itemListElement":[{"@type":"ListItem","position":1,"name":"Home","item":"https:\/\/bioserenity.com\/fr\/accueil\/"},{"@type":"ListItem","position":2,"name":"Conditions d&#8217;utilisation"}]},{"@type":"WebSite","@id":"https:\/\/bioserenity.com\/fr\/#website","url":"https:\/\/bioserenity.com\/fr\/","name":"BioSerenity","description":"Connected &amp; Integrated Neurosciences. Brain monitoring &amp; remote diagnostic","publisher":{"@id":"https:\/\/bioserenity.com\/fr\/#organization"},"potentialAction":[{"@type":"SearchAction","target":{"@type":"EntryPoint","urlTemplate":"https:\/\/bioserenity.com\/fr\/?s={search_term_string}"},"query-input":{"@type":"PropertyValueSpecification","valueRequired":true,"valueName":"search_term_string"}}],"inLanguage":"fr-FR"},{"@type":"Organization","@id":"https:\/\/bioserenity.com\/fr\/#organization","name":"BioSerenity","url":"https:\/\/bioserenity.com\/fr\/","logo":{"@type":"ImageObject","inLanguage":"fr-FR","@id":"https:\/\/bioserenity.com\/fr\/#\/schema\/logo\/image\/","url":"https:\/\/bioserenity.com\/wp-content\/uploads\/2023\/05\/logo_bioserenity_BORDEAUX-600-o.png","contentUrl":"https:\/\/bioserenity.com\/wp-content\/uploads\/2023\/05\/logo_bioserenity_BORDEAUX-600-o.png","width":600,"height":170,"caption":"BioSerenity"},"image":{"@id":"https:\/\/bioserenity.com\/fr\/#\/schema\/logo\/image\/"},"sameAs":["https:\/\/www.linkedin.com\/company\/bioserenity\/","https:\/\/www.youtube.com\/@bioserenity9854"],"description":"BIOSerenity, founded in 2014, is the French leader in electrophysiological diagnostics, performing more than 45,000 EEGs (electroencephalograms), 8,000 PSGs (polysomnographies), and 5,000 ECGs (electrocardiograms) each year. Its offering combines medical devices, a software platform, and AI algorithms, all designed and produced in France, integrated into an ecosystem of services for the benefit of physicians and patients. This unique end-to-end solution enables complex examinations to be performed and provides remote interpretation of signals in a timely manner, contributing to faster and more reliable clinical decisions. As an expert in neurology, BIOSerenity has developed the Large Brain Model (LBM), a foundation model trained on more than ten years of EEG recordings. This database and AI platform give rise to decision support tools that improve the quality and speed of interpretation. Among its flagship services, the long-term (72-hour) home EEG, unique in France, speeds up access to diagnosis when hospital slots are hardly available. In sleep medicine, BIOSerenity relies on a network of dedicated centers and specialized medical and paramedical teams to accelerate the diagnosis of sleep disorders and optimize patient referral. This vertical integration - devices, software, AI, and medical services - supports continuous improvement in the care pathway, as well as faster and more reliable diagnosis.","email":"contact@bioserenity.com","legalName":"BIOSERENITY","numberOfEmployees":{"@type":"QuantitativeValue","minValue":"201","maxValue":"500"}}]}},"_links":{"self":[{"href":"https:\/\/bioserenity.com\/fr\/wp-json\/wp\/v2\/pages\/3733","targetHints":{"allow":["GET"]}}],"collection":[{"href":"https:\/\/bioserenity.com\/fr\/wp-json\/wp\/v2\/pages"}],"about":[{"href":"https:\/\/bioserenity.com\/fr\/wp-json\/wp\/v2\/types\/page"}],"author":[{"embeddable":true,"href":"https:\/\/bioserenity.com\/fr\/wp-json\/wp\/v2\/users\/15"}],"replies":[{"embeddable":true,"href":"https:\/\/bioserenity.com\/fr\/wp-json\/wp\/v2\/comments?post=3733"}],"version-history":[{"count":1,"href":"https:\/\/bioserenity.com\/fr\/wp-json\/wp\/v2\/pages\/3733\/revisions"}],"predecessor-version":[{"id":3734,"href":"https:\/\/bioserenity.com\/fr\/wp-json\/wp\/v2\/pages\/3733\/revisions\/3734"}],"wp:attachment":[{"href":"https:\/\/bioserenity.com\/fr\/wp-json\/wp\/v2\/media?parent=3733"}],"curies":[{"name":"wp","href":"https:\/\/api.w.org\/{rel}","templated":true}]}}