{"id":3717,"date":"2024-04-04T16:30:04","date_gmt":"2024-04-04T15:30:04","guid":{"rendered":"http:\/\/bioscom.onpressidium.com\/avis-juridique\/"},"modified":"2025-12-22T12:21:02","modified_gmt":"2025-12-22T11:21:02","slug":"mentions-legales","status":"publish","type":"page","link":"https:\/\/bioserenity.com\/fr\/mentions-legales\/","title":{"rendered":"Avis juridique"},"content":{"rendered":"\n<h2 class=\"wp-block-heading\"><strong>R\u00e9dacteur du site web<\/strong><\/h2>\n\n<p><strong>Groupe de dispositifs m\u00e9dicaux BioSerenity<\/strong><\/p>\n\n<p><strong>Statut :<\/strong> SAS, soci\u00e9t\u00e9 par actions simplifi\u00e9e<\/p>\n\n<p><strong>Num\u00e9ro d&rsquo;enregistrement :<\/strong> 980872105 (Paris)<\/p>\n\n<p><strong>Num\u00e9ro de TVA :<\/strong> FR77980872105  <\/p>\n\n<p><strong>Capital social :<\/strong> 5 000,00 EUR<\/p>\n\n<p><strong>Adresse :<\/strong> 6\/8 Rue Jean Antoine de Ba\u00eff, 75013 Paris, France<\/p>\n\n<p><strong>Adresse \u00e9lectronique : <\/strong> contact@bioserenity.com<\/p>\n\n<p><strong>Formulaire de contact :<\/strong> <a href=\"https:\/\/bioserenity.com\/fr\/contact\/\">https:\/\/bioserenity.com\/contact<\/a> <\/p>\n\n<p><strong>Repr\u00e9sentant l\u00e9gal :<\/strong> Emmanuel Mougeotte, Pr\u00e9sident<\/p>\n\n<p><strong>Directeur de la publication :<\/strong> Emmanuel Mougeotte, Pr\u00e9sident<\/p>\n\n<h2 class=\"wp-block-heading\">H\u00e9bergement<\/h2>\n\n<p>Ce site est h\u00e9berg\u00e9 par <strong>Pressidium<\/strong><\/p>\n\n<p><strong>Adresse :<\/strong> <em>The Grange Barn, Pikes End, Pinner, London, HA5 2EX<\/em>, United Kingdom<br\/><strong>T\u00e9l\u00e9phone :<\/strong> (020) 3397 7256<br\/><strong>Num\u00e9ro d&rsquo;enregistrement : <\/strong>08416088<br\/><strong>Formulaire de contact pour l&rsquo;h\u00e9bergement :<\/strong> <a href=\"https:\/\/pressidium.com\/contact\/\">https:\/\/pressidium.com\/contact\/<\/a><\/p>\n\n<h2 class=\"wp-block-heading\">L&rsquo;\u00e9thique<\/h2>\n\n<p>Veuillez consulter notre <a href=\"https:\/\/bioserenity.com\/fr\/ethique\/\">page sur l&rsquo;\u00e9thique<\/a>.<\/p>\n","protected":false},"excerpt":{"rendered":"<p>R\u00e9dacteur du site web Groupe de dispositifs m\u00e9dicaux BioSerenity Statut : SAS, soci\u00e9t\u00e9 par actions simplifi\u00e9e Num\u00e9ro d&rsquo;enregistrement : 980872105 (Paris) Num\u00e9ro de TVA : FR77980872105 Capital social : 5 000,00 EUR Adresse : 6\/8 Rue Jean Antoine de Ba\u00eff, 75013 Paris, France Adresse \u00e9lectronique : contact@bioserenity.com Formulaire de contact : https:\/\/bioserenity.com\/contact Repr\u00e9sentant l\u00e9gal : [&hellip;]<\/p>\n","protected":false},"author":16,"featured_media":0,"parent":0,"menu_order":0,"comment_status":"closed","ping_status":"closed","template":"","meta":{"footnotes":""},"class_list":["post-3717","page","type-page","status-publish","hentry"],"blocksy_meta":[],"yoast_head":"<!-- This site is optimized with the Yoast SEO Premium plugin v27.4 (Yoast SEO v27.4) - https:\/\/yoast.com\/product\/yoast-seo-premium-wordpress\/ -->\n<title>Mentions L\u00e9gales<\/title>\n<meta name=\"robots\" content=\"index, follow, max-snippet:-1, max-image-preview:large, max-video-preview:-1\" \/>\n<link rel=\"canonical\" href=\"https:\/\/bioserenity.com\/fr\/mentions-legales\/\" \/>\n<meta property=\"og:locale\" content=\"fr_FR\" \/>\n<meta property=\"og:type\" content=\"article\" \/>\n<meta property=\"og:title\" content=\"Avis juridique\" \/>\n<meta property=\"og:description\" content=\"R\u00e9dacteur du site web Groupe de dispositifs m\u00e9dicaux BioSerenity Statut : SAS, soci\u00e9t\u00e9 par actions simplifi\u00e9e Num\u00e9ro d&rsquo;enregistrement : 980872105 (Paris) Num\u00e9ro de TVA : FR77980872105 Capital social : 5 000,00 EUR Adresse : 6\/8 Rue Jean Antoine de Ba\u00eff, 75013 Paris, France Adresse \u00e9lectronique : contact@bioserenity.com Formulaire de contact : https:\/\/bioserenity.com\/contact Repr\u00e9sentant l\u00e9gal : [&hellip;]\" \/>\n<meta property=\"og:url\" content=\"https:\/\/bioserenity.com\/fr\/mentions-legales\/\" \/>\n<meta property=\"og:site_name\" content=\"BioSerenity\" \/>\n<meta property=\"article:modified_time\" content=\"2025-12-22T11:21:02+00:00\" \/>\n<meta property=\"og:image\" content=\"https:\/\/bioserenity.com\/wp-content\/uploads\/2024\/03\/IceCap-BioSerenity.jpg\" \/>\n\t<meta property=\"og:image:width\" content=\"1920\" \/>\n\t<meta property=\"og:image:height\" content=\"912\" \/>\n\t<meta property=\"og:image:type\" content=\"image\/jpeg\" \/>\n<meta name=\"twitter:card\" content=\"summary_large_image\" \/>\n<meta name=\"twitter:label1\" content=\"Dur\u00e9e de lecture estim\u00e9e\" \/>\n\t<meta name=\"twitter:data1\" content=\"1 minute\" \/>\n<script type=\"application\/ld+json\" class=\"yoast-schema-graph\">{\"@context\":\"https:\\\/\\\/schema.org\",\"@graph\":[{\"@type\":\"WebPage\",\"@id\":\"https:\\\/\\\/bioserenity.com\\\/fr\\\/mentions-legales\\\/\",\"url\":\"https:\\\/\\\/bioserenity.com\\\/fr\\\/mentions-legales\\\/\",\"name\":\"Mentions L\u00e9gales\",\"isPartOf\":{\"@id\":\"https:\\\/\\\/bioserenity.com\\\/fr\\\/#website\"},\"datePublished\":\"2024-04-04T15:30:04+00:00\",\"dateModified\":\"2025-12-22T11:21:02+00:00\",\"breadcrumb\":{\"@id\":\"https:\\\/\\\/bioserenity.com\\\/fr\\\/mentions-legales\\\/#breadcrumb\"},\"inLanguage\":\"fr-FR\",\"potentialAction\":[{\"@type\":\"ReadAction\",\"target\":[\"https:\\\/\\\/bioserenity.com\\\/fr\\\/mentions-legales\\\/\"]}]},{\"@type\":\"BreadcrumbList\",\"@id\":\"https:\\\/\\\/bioserenity.com\\\/fr\\\/mentions-legales\\\/#breadcrumb\",\"itemListElement\":[{\"@type\":\"ListItem\",\"position\":1,\"name\":\"Home\",\"item\":\"https:\\\/\\\/bioserenity.com\\\/fr\\\/accueil\\\/\"},{\"@type\":\"ListItem\",\"position\":2,\"name\":\"Avis juridique\"}]},{\"@type\":\"WebSite\",\"@id\":\"https:\\\/\\\/bioserenity.com\\\/fr\\\/#website\",\"url\":\"https:\\\/\\\/bioserenity.com\\\/fr\\\/\",\"name\":\"BioSerenity\",\"description\":\"Connected &amp; Integrated Neurosciences. Brain monitoring &amp; remote diagnostic\",\"publisher\":{\"@id\":\"https:\\\/\\\/bioserenity.com\\\/fr\\\/#organization\"},\"potentialAction\":[{\"@type\":\"SearchAction\",\"target\":{\"@type\":\"EntryPoint\",\"urlTemplate\":\"https:\\\/\\\/bioserenity.com\\\/fr\\\/?s={search_term_string}\"},\"query-input\":{\"@type\":\"PropertyValueSpecification\",\"valueRequired\":true,\"valueName\":\"search_term_string\"}}],\"inLanguage\":\"fr-FR\"},{\"@type\":\"Organization\",\"@id\":\"https:\\\/\\\/bioserenity.com\\\/fr\\\/#organization\",\"name\":\"BioSerenity\",\"url\":\"https:\\\/\\\/bioserenity.com\\\/fr\\\/\",\"logo\":{\"@type\":\"ImageObject\",\"inLanguage\":\"fr-FR\",\"@id\":\"https:\\\/\\\/bioserenity.com\\\/fr\\\/#\\\/schema\\\/logo\\\/image\\\/\",\"url\":\"https:\\\/\\\/bioserenity.com\\\/wp-content\\\/uploads\\\/2023\\\/05\\\/logo_bioserenity_BORDEAUX-600-o.png\",\"contentUrl\":\"https:\\\/\\\/bioserenity.com\\\/wp-content\\\/uploads\\\/2023\\\/05\\\/logo_bioserenity_BORDEAUX-600-o.png\",\"width\":600,\"height\":170,\"caption\":\"BioSerenity\"},\"image\":{\"@id\":\"https:\\\/\\\/bioserenity.com\\\/fr\\\/#\\\/schema\\\/logo\\\/image\\\/\"},\"sameAs\":[\"https:\\\/\\\/www.linkedin.com\\\/company\\\/bioserenity\\\/\",\"https:\\\/\\\/www.youtube.com\\\/@bioserenity9854\"],\"description\":\"BIOSerenity, founded in 2014, is the French leader in electrophysiological diagnostics, performing more than 45,000 EEGs (electroencephalograms), 8,000 PSGs (polysomnographies), and 5,000 ECGs (electrocardiograms) each year. Its offering combines medical devices, a software platform, and AI algorithms, all designed and produced in France, integrated into an ecosystem of services for the benefit of physicians and patients. This unique end-to-end solution enables complex examinations to be performed and provides remote interpretation of signals in a timely manner, contributing to faster and more reliable clinical decisions. As an expert in neurology, BIOSerenity has developed the Large Brain Model (LBM), a foundation model trained on more than ten years of EEG recordings. This database and AI platform give rise to decision support tools that improve the quality and speed of interpretation. Among its flagship services, the long-term (72-hour) home EEG, unique in France, speeds up access to diagnosis when hospital slots are hardly available. In sleep medicine, BIOSerenity relies on a network of dedicated centers and specialized medical and paramedical teams to accelerate the diagnosis of sleep disorders and optimize patient referral. This vertical integration - devices, software, AI, and medical services - supports continuous improvement in the care pathway, as well as faster and more reliable diagnosis.\",\"email\":\"contact@bioserenity.com\",\"legalName\":\"BIOSERENITY\",\"numberOfEmployees\":{\"@type\":\"QuantitativeValue\",\"minValue\":\"201\",\"maxValue\":\"500\"}}]}<\/script>\n<!-- \/ Yoast SEO Premium plugin. -->","yoast_head_json":{"title":"Mentions L\u00e9gales","robots":{"index":"index","follow":"follow","max-snippet":"max-snippet:-1","max-image-preview":"max-image-preview:large","max-video-preview":"max-video-preview:-1"},"canonical":"https:\/\/bioserenity.com\/fr\/mentions-legales\/","og_locale":"fr_FR","og_type":"article","og_title":"Avis juridique","og_description":"R\u00e9dacteur du site web Groupe de dispositifs m\u00e9dicaux BioSerenity Statut : SAS, soci\u00e9t\u00e9 par actions simplifi\u00e9e Num\u00e9ro d&rsquo;enregistrement : 980872105 (Paris) Num\u00e9ro de TVA : FR77980872105 Capital social : 5 000,00 EUR Adresse : 6\/8 Rue Jean Antoine de Ba\u00eff, 75013 Paris, France Adresse \u00e9lectronique : contact@bioserenity.com Formulaire de contact : https:\/\/bioserenity.com\/contact Repr\u00e9sentant l\u00e9gal : [&hellip;]","og_url":"https:\/\/bioserenity.com\/fr\/mentions-legales\/","og_site_name":"BioSerenity","article_modified_time":"2025-12-22T11:21:02+00:00","og_image":[{"width":1920,"height":912,"url":"https:\/\/bioserenity.com\/wp-content\/uploads\/2024\/03\/IceCap-BioSerenity.jpg","type":"image\/jpeg"}],"twitter_card":"summary_large_image","twitter_misc":{"Dur\u00e9e de lecture estim\u00e9e":"1 minute"},"schema":{"@context":"https:\/\/schema.org","@graph":[{"@type":"WebPage","@id":"https:\/\/bioserenity.com\/fr\/mentions-legales\/","url":"https:\/\/bioserenity.com\/fr\/mentions-legales\/","name":"Mentions L\u00e9gales","isPartOf":{"@id":"https:\/\/bioserenity.com\/fr\/#website"},"datePublished":"2024-04-04T15:30:04+00:00","dateModified":"2025-12-22T11:21:02+00:00","breadcrumb":{"@id":"https:\/\/bioserenity.com\/fr\/mentions-legales\/#breadcrumb"},"inLanguage":"fr-FR","potentialAction":[{"@type":"ReadAction","target":["https:\/\/bioserenity.com\/fr\/mentions-legales\/"]}]},{"@type":"BreadcrumbList","@id":"https:\/\/bioserenity.com\/fr\/mentions-legales\/#breadcrumb","itemListElement":[{"@type":"ListItem","position":1,"name":"Home","item":"https:\/\/bioserenity.com\/fr\/accueil\/"},{"@type":"ListItem","position":2,"name":"Avis juridique"}]},{"@type":"WebSite","@id":"https:\/\/bioserenity.com\/fr\/#website","url":"https:\/\/bioserenity.com\/fr\/","name":"BioSerenity","description":"Connected &amp; Integrated Neurosciences. Brain monitoring &amp; remote diagnostic","publisher":{"@id":"https:\/\/bioserenity.com\/fr\/#organization"},"potentialAction":[{"@type":"SearchAction","target":{"@type":"EntryPoint","urlTemplate":"https:\/\/bioserenity.com\/fr\/?s={search_term_string}"},"query-input":{"@type":"PropertyValueSpecification","valueRequired":true,"valueName":"search_term_string"}}],"inLanguage":"fr-FR"},{"@type":"Organization","@id":"https:\/\/bioserenity.com\/fr\/#organization","name":"BioSerenity","url":"https:\/\/bioserenity.com\/fr\/","logo":{"@type":"ImageObject","inLanguage":"fr-FR","@id":"https:\/\/bioserenity.com\/fr\/#\/schema\/logo\/image\/","url":"https:\/\/bioserenity.com\/wp-content\/uploads\/2023\/05\/logo_bioserenity_BORDEAUX-600-o.png","contentUrl":"https:\/\/bioserenity.com\/wp-content\/uploads\/2023\/05\/logo_bioserenity_BORDEAUX-600-o.png","width":600,"height":170,"caption":"BioSerenity"},"image":{"@id":"https:\/\/bioserenity.com\/fr\/#\/schema\/logo\/image\/"},"sameAs":["https:\/\/www.linkedin.com\/company\/bioserenity\/","https:\/\/www.youtube.com\/@bioserenity9854"],"description":"BIOSerenity, founded in 2014, is the French leader in electrophysiological diagnostics, performing more than 45,000 EEGs (electroencephalograms), 8,000 PSGs (polysomnographies), and 5,000 ECGs (electrocardiograms) each year. Its offering combines medical devices, a software platform, and AI algorithms, all designed and produced in France, integrated into an ecosystem of services for the benefit of physicians and patients. This unique end-to-end solution enables complex examinations to be performed and provides remote interpretation of signals in a timely manner, contributing to faster and more reliable clinical decisions. As an expert in neurology, BIOSerenity has developed the Large Brain Model (LBM), a foundation model trained on more than ten years of EEG recordings. This database and AI platform give rise to decision support tools that improve the quality and speed of interpretation. Among its flagship services, the long-term (72-hour) home EEG, unique in France, speeds up access to diagnosis when hospital slots are hardly available. In sleep medicine, BIOSerenity relies on a network of dedicated centers and specialized medical and paramedical teams to accelerate the diagnosis of sleep disorders and optimize patient referral. This vertical integration - devices, software, AI, and medical services - supports continuous improvement in the care pathway, as well as faster and more reliable diagnosis.","email":"contact@bioserenity.com","legalName":"BIOSERENITY","numberOfEmployees":{"@type":"QuantitativeValue","minValue":"201","maxValue":"500"}}]}},"_links":{"self":[{"href":"https:\/\/bioserenity.com\/fr\/wp-json\/wp\/v2\/pages\/3717","targetHints":{"allow":["GET"]}}],"collection":[{"href":"https:\/\/bioserenity.com\/fr\/wp-json\/wp\/v2\/pages"}],"about":[{"href":"https:\/\/bioserenity.com\/fr\/wp-json\/wp\/v2\/types\/page"}],"author":[{"embeddable":true,"href":"https:\/\/bioserenity.com\/fr\/wp-json\/wp\/v2\/users\/16"}],"replies":[{"embeddable":true,"href":"https:\/\/bioserenity.com\/fr\/wp-json\/wp\/v2\/comments?post=3717"}],"version-history":[{"count":5,"href":"https:\/\/bioserenity.com\/fr\/wp-json\/wp\/v2\/pages\/3717\/revisions"}],"predecessor-version":[{"id":6173,"href":"https:\/\/bioserenity.com\/fr\/wp-json\/wp\/v2\/pages\/3717\/revisions\/6173"}],"wp:attachment":[{"href":"https:\/\/bioserenity.com\/fr\/wp-json\/wp\/v2\/media?parent=3717"}],"curies":[{"name":"wp","href":"https:\/\/api.w.org\/{rel}","templated":true}]}}