{"id":3687,"date":"2024-04-04T15:58:51","date_gmt":"2024-04-04T14:58:51","guid":{"rendered":"http:\/\/bioscom.onpressidium.com\/cookies\/"},"modified":"2026-03-05T14:51:58","modified_gmt":"2026-03-05T13:51:58","slug":"cookies","status":"publish","type":"page","link":"https:\/\/bioserenity.com\/fr\/cookies\/","title":{"rendered":"Cookies"},"content":{"rendered":"\n<h2 class=\"wp-block-heading\" id=\"h-cookie-policy-used-by-bioserenity\">POLITIQUE EN MATI\u00c8RE DE COOKIES UTILIS\u00c9E PAR BIOSERENITY<\/h2>\n\n<h2 class=\"wp-block-heading\" id=\"h-article-1-what-is-a-cookie\">ARTICLE 1 : QU&rsquo;EST-CE QU&rsquo;UN COOKIE ?<\/h2>\n\n<p>Un cookie est un fichier qui peut \u00eatre stock\u00e9 sur le disque dur de votre appareil lorsque vous visitez le site. Ces petits fichiers peuvent contenir, par exemple, la langue du navigateur, le panier d&rsquo;achat et vos pr\u00e9f\u00e9rences.<\/p>\n\n<p>Nous pla\u00e7ons des cookies sur vos appareils afin de Vous permettre de naviguer sur le Site dans des conditions optimales et de restaurer vos pr\u00e9f\u00e9rences lorsque Vous \u00eates connect\u00e9 via votre appareil habituel, ou pour r\u00e9aliser des statistiques.<\/p>\n\n<h2 class=\"wp-block-heading\" id=\"h-article-2-cookies-that-we-use-via-the-site\">ARTICLE 2 : COOKIES QUE NOUS UTILISONS VIA LE SITE<\/h2>\n\n<p>Nous utilisons :<\/p>\n\n<ul class=\"wp-block-list\">\n<li>Les cookies de navigation, qui sont des cookies n\u00e9cessaires au bon fonctionnement technique du Site car ils permettent d&rsquo;optimiser l&rsquo;affichage du contenu de chaque terminal ;<\/li>\n\n\n\n<li>Les Cookies fonctionnels, qui ne sont pas indispensables au bon fonctionnement du Site mais optimisent l&rsquo;exp\u00e9rience sur le Site en permettant de m\u00e9moriser des informations relatives \u00e0 un formulaire que Vous avez rempli sur le Site ou d&rsquo;adapter la pr\u00e9sentation de ce dernier (notamment la langue utilis\u00e9e, la r\u00e9solution d&rsquo;affichage) ;<\/li>\n\n\n\n<li>Les Cookies d&rsquo;analyse et de mesure d&rsquo;audience, qui permettent de suivre la navigation des Utilisateurs \u00e0 des fins d&rsquo;optimisation. BioSerenity utilise Google Analytics, un service d&rsquo;analyse de site internet de Google, pour am\u00e9liorer le fonctionnement du Site. Google Analytics utilise les donn\u00e9es collect\u00e9es, notamment le nombre de visiteurs, l&rsquo;origine et le d\u00e9tail des pages visit\u00e9es, pour suivre et \u00e9tudier l&rsquo;utilisation du Site, et \u00e9tablir des rapports d&rsquo;activit\u00e9.   La politique de confidentialit\u00e9 de Google est disponible sous <a href=\"https:\/\/policies.google.com\/privacy?hl=fr\" target=\"_blank\" rel=\"noreferrer noopener\">ce lien.<\/a><\/li>\n<\/ul>\n\n<p>D\u00e9couvrez quels sont les cookies utilis\u00e9s ou modifiez vos pr\u00e9f\u00e9rences en cliquant sur ce lien : <a href=\"javascript:Didomi.preferences.show()\">Pr\u00e9f\u00e9rences Cookies<\/a><\/p>\n\n<p>Vous pouvez accepter ou refuser le d\u00e9p\u00f4t de cookies sur votre appareil en utilisant la banni\u00e8re pr\u00e9vue \u00e0 cet effet lors de votre connexion au Site.<\/p>\n\n<p>Nous ne stockons pas de cookies permettant de vous tracer ou d&rsquo;obtenir des adresses IP au-del\u00e0 de douze (12) mois apr\u00e8s le premier d\u00e9p\u00f4t dans votre terminal.<\/p>\n\n<p>Vous pouvez \u00e0 tout moment supprimer les cookies de votre logiciel de navigation et le configurer pour qu&rsquo;ils ne soient pas stock\u00e9s sur votre appareil.<\/p>\n\n<p>La navigation sur le site sans accepter les cookies peut \u00eatre d\u00e9grad\u00e9e.<\/p>\n\n<p>Pour d\u00e9sactiver, supprimer ou g\u00e9rer les cookies directement sur votre navigateur :  <\/p>\n\n<p>Pour Internet Explorer\u2122 <a href=\"http:\/\/windows.microsoft.com\/fr-FR\/windows-vista\/Block-or-allow-cookies\">:<\/a> http:\/\/windows.microsoft.com\/fr-FR\/windows-vista\/Block-or-allow-cookies<br\/>Pour Safari\u2122 <a href=\"https:\/\/support.apple.com\/en-ie\/guide\/safari\/sfri11471\/mac\">:<\/a> https:\/\/support.apple.com\/en-ie\/guide\/safari\/sfri11471\/mac<br\/>Pour mobile Safari\u2122 <a href=\"https:\/\/support.apple.com\/en-us\/HT201265\">:<\/a> https:\/\/support.apple.com\/en-us\/HT201265<br\/>Pour Chrome\u2122 <a href=\"http:\/\/support.google.com\/chrome\/bin\/answer.py?hl=fr&amp;hlrm=en&amp;answer=95647\">:<\/a> http:\/\/support.google.com\/chrome\/bin\/answer.py?hl=fr&amp;hlrm=en&amp;answer=95647<br\/>Pour Firefox\u2122 <a href=\"http:\/\/support.mozilla.org\/fr\/kb\/activer-desactiver-cookies\">:<\/a> http:\/\/support.mozilla.org\/fr\/kb\/activer-desactiver-cookies<br\/>Pour Opera\u2122 <a href=\"http:\/\/help.opera.com\/Windows\/10.20\/fr\/cookies.html\">:<\/a> http:\/\/help.opera.com\/Windows\/10.20\/fr\/cookies.html<br\/>Pour Microsoft Edge\u2122 <a href=\"https:\/\/privacy.microsoft.com\/fr-fr\/windows-10-microsoft-edge-and-privacy\">: https:\/\/privacy.microsoft.com\/fr-fr\/windows-10-microsoft-edge-and-privacy<\/a><br\/><\/p>\n\n<p>Configuration de votre smartphone :<br\/>Pour iOS\u2122 <a href=\"https:\/\/support.apple.com\/fr-fr\/HT201265\">:<\/a> https:\/\/support.apple.com\/fr-fr\/HT201265<br\/>Pour Android\u2122 <a href=\"https:\/\/support.google.com\/accounts\/answer\/32050?hl=fr&amp;co=GENIE.Platform%3DAndroid\">:<\/a> https:\/\/support.google.com\/accounts\/answer\/32050?hl=fr&amp;co=GENIE.Platform%3DAndroid<br\/>Autres navigateurs : Pour plus d&rsquo;informations sur la gestion des cookies avec d&rsquo;autres navigateurs, veuillez consulter votre documentation ou vos fichiers d&rsquo;aide en ligne. Vous pouvez \u00e9galement consulter le site de la CNIL pour savoir comment configurer votre navigateur pour contr\u00f4ler le d\u00e9p\u00f4t de cookies sur votre appareil <a href=\"https:\/\/www.cnil.fr\/fr\/les-conseils-de-la-cnil-pour-maitriser-votre-navigateur\">: https:\/\/www.cnil.fr\/fr\/les-conseils-de-la-cnil-pour-maitriser-votre-navigateur.<\/a> <\/p>\n\n<p>Vous pouvez \u00e9galement acc\u00e9der aux param\u00e8tres en cliquant sur ce lien : <a href=\"javascript:Didomi.preferences.show()\">Pr\u00e9f\u00e9rences en mati\u00e8re de cookies<\/a><\/p>\n\n<h2 class=\"wp-block-heading\" id=\"h-article-3-traffic-data\">ARTICLE 3 : DONN\u00c9ES RELATIVES AU TRAFIC<\/h2>\n\n<p>Les donn\u00e9es relatives au trafic sont g\u00e9n\u00e9r\u00e9es lorsque votre appareil est connect\u00e9 \u00e0 l&rsquo;internet et au site.<\/p>\n\n<p>Ces donn\u00e9es peuvent \u00eatre utilis\u00e9es \u00e0 des fins statistiques afin d&rsquo;analyser le trafic sur le site Web et de l&rsquo;am\u00e9liorer en l&rsquo;adaptant \u00e0 vos besoins.  <\/p>\n\n<p>Les donn\u00e9es de trafic ne sont jamais utilis\u00e9es par BioSerenity de mani\u00e8re \u00e0 identifier les individus.<\/p>\n","protected":false},"excerpt":{"rendered":"<p>POLITIQUE EN MATI\u00c8RE DE COOKIES UTILIS\u00c9E PAR BIOSERENITY ARTICLE 1 : QU&rsquo;EST-CE QU&rsquo;UN COOKIE ? Un cookie est un fichier qui peut \u00eatre stock\u00e9 sur le disque dur de votre appareil lorsque vous visitez le site. Ces petits fichiers peuvent contenir, par exemple, la langue du navigateur, le panier d&rsquo;achat et vos pr\u00e9f\u00e9rences. Nous pla\u00e7ons [&hellip;]<\/p>\n","protected":false},"author":15,"featured_media":0,"parent":0,"menu_order":0,"comment_status":"closed","ping_status":"closed","template":"","meta":{"footnotes":""},"class_list":["post-3687","page","type-page","status-publish","hentry"],"blocksy_meta":[],"yoast_head":"<!-- This site is optimized with the Yoast SEO Premium plugin v27.4 (Yoast SEO v27.4) - https:\/\/yoast.com\/product\/yoast-seo-premium-wordpress\/ -->\n<title>Cookies - BioSerenity<\/title>\n<meta name=\"description\" content=\"Cette page d\u00e9crit l&#039;utilisation des cookies de la page web bioserenity.com, leur utilisation et les choix qui peuvent \u00eatre faits en mati\u00e8re d&#039;utilisation et de consentement.\" \/>\n<meta name=\"robots\" content=\"index, follow, max-snippet:-1, max-image-preview:large, max-video-preview:-1\" \/>\n<link rel=\"canonical\" href=\"https:\/\/bioserenity.com\/fr\/cookies\/\" \/>\n<meta property=\"og:locale\" content=\"fr_FR\" \/>\n<meta property=\"og:type\" content=\"article\" \/>\n<meta property=\"og:title\" content=\"Cookies\" \/>\n<meta property=\"og:description\" content=\"Cette page d\u00e9crit l&#039;utilisation des cookies de la page web bioserenity.com, leur utilisation et les choix qui peuvent \u00eatre faits en mati\u00e8re d&#039;utilisation et de consentement.\" \/>\n<meta property=\"og:url\" content=\"https:\/\/bioserenity.com\/fr\/cookies\/\" \/>\n<meta property=\"og:site_name\" content=\"BioSerenity\" \/>\n<meta property=\"article:modified_time\" content=\"2026-03-05T13:51:58+00:00\" \/>\n<meta property=\"og:image\" content=\"https:\/\/bioserenity.com\/wp-content\/uploads\/2024\/03\/IceCap-BioSerenity.jpg\" \/>\n\t<meta property=\"og:image:width\" content=\"1920\" \/>\n\t<meta property=\"og:image:height\" content=\"912\" \/>\n\t<meta property=\"og:image:type\" content=\"image\/jpeg\" \/>\n<meta name=\"twitter:card\" content=\"summary_large_image\" \/>\n<meta name=\"twitter:label1\" content=\"Dur\u00e9e de lecture estim\u00e9e\" \/>\n\t<meta name=\"twitter:data1\" content=\"3 minutes\" \/>\n<script type=\"application\/ld+json\" class=\"yoast-schema-graph\">{\"@context\":\"https:\\\/\\\/schema.org\",\"@graph\":[{\"@type\":\"WebPage\",\"@id\":\"https:\\\/\\\/bioserenity.com\\\/fr\\\/cookies\\\/\",\"url\":\"https:\\\/\\\/bioserenity.com\\\/fr\\\/cookies\\\/\",\"name\":\"Cookies - BioSerenity\",\"isPartOf\":{\"@id\":\"https:\\\/\\\/bioserenity.com\\\/fr\\\/#website\"},\"datePublished\":\"2024-04-04T14:58:51+00:00\",\"dateModified\":\"2026-03-05T13:51:58+00:00\",\"description\":\"Cette page d\u00e9crit l'utilisation des cookies de la page web bioserenity.com, leur utilisation et les choix qui peuvent \u00eatre faits en mati\u00e8re d'utilisation et de consentement.\",\"breadcrumb\":{\"@id\":\"https:\\\/\\\/bioserenity.com\\\/fr\\\/cookies\\\/#breadcrumb\"},\"inLanguage\":\"fr-FR\",\"potentialAction\":[{\"@type\":\"ReadAction\",\"target\":[\"https:\\\/\\\/bioserenity.com\\\/fr\\\/cookies\\\/\"]}]},{\"@type\":\"BreadcrumbList\",\"@id\":\"https:\\\/\\\/bioserenity.com\\\/fr\\\/cookies\\\/#breadcrumb\",\"itemListElement\":[{\"@type\":\"ListItem\",\"position\":1,\"name\":\"Home\",\"item\":\"https:\\\/\\\/bioserenity.com\\\/fr\\\/accueil\\\/\"},{\"@type\":\"ListItem\",\"position\":2,\"name\":\"Cookies\"}]},{\"@type\":\"WebSite\",\"@id\":\"https:\\\/\\\/bioserenity.com\\\/fr\\\/#website\",\"url\":\"https:\\\/\\\/bioserenity.com\\\/fr\\\/\",\"name\":\"BioSerenity\",\"description\":\"Connected &amp; Integrated Neurosciences. Brain monitoring &amp; remote diagnostic\",\"publisher\":{\"@id\":\"https:\\\/\\\/bioserenity.com\\\/fr\\\/#organization\"},\"potentialAction\":[{\"@type\":\"SearchAction\",\"target\":{\"@type\":\"EntryPoint\",\"urlTemplate\":\"https:\\\/\\\/bioserenity.com\\\/fr\\\/?s={search_term_string}\"},\"query-input\":{\"@type\":\"PropertyValueSpecification\",\"valueRequired\":true,\"valueName\":\"search_term_string\"}}],\"inLanguage\":\"fr-FR\"},{\"@type\":\"Organization\",\"@id\":\"https:\\\/\\\/bioserenity.com\\\/fr\\\/#organization\",\"name\":\"BioSerenity\",\"url\":\"https:\\\/\\\/bioserenity.com\\\/fr\\\/\",\"logo\":{\"@type\":\"ImageObject\",\"inLanguage\":\"fr-FR\",\"@id\":\"https:\\\/\\\/bioserenity.com\\\/fr\\\/#\\\/schema\\\/logo\\\/image\\\/\",\"url\":\"https:\\\/\\\/bioserenity.com\\\/wp-content\\\/uploads\\\/2023\\\/05\\\/logo_bioserenity_BORDEAUX-600-o.png\",\"contentUrl\":\"https:\\\/\\\/bioserenity.com\\\/wp-content\\\/uploads\\\/2023\\\/05\\\/logo_bioserenity_BORDEAUX-600-o.png\",\"width\":600,\"height\":170,\"caption\":\"BioSerenity\"},\"image\":{\"@id\":\"https:\\\/\\\/bioserenity.com\\\/fr\\\/#\\\/schema\\\/logo\\\/image\\\/\"},\"sameAs\":[\"https:\\\/\\\/www.linkedin.com\\\/company\\\/bioserenity\\\/\",\"https:\\\/\\\/www.youtube.com\\\/@bioserenity9854\"],\"description\":\"BIOSerenity, founded in 2014, is the French leader in electrophysiological diagnostics, performing more than 45,000 EEGs (electroencephalograms), 8,000 PSGs (polysomnographies), and 5,000 ECGs (electrocardiograms) each year. Its offering combines medical devices, a software platform, and AI algorithms, all designed and produced in France, integrated into an ecosystem of services for the benefit of physicians and patients. This unique end-to-end solution enables complex examinations to be performed and provides remote interpretation of signals in a timely manner, contributing to faster and more reliable clinical decisions. As an expert in neurology, BIOSerenity has developed the Large Brain Model (LBM), a foundation model trained on more than ten years of EEG recordings. This database and AI platform give rise to decision support tools that improve the quality and speed of interpretation. Among its flagship services, the long-term (72-hour) home EEG, unique in France, speeds up access to diagnosis when hospital slots are hardly available. In sleep medicine, BIOSerenity relies on a network of dedicated centers and specialized medical and paramedical teams to accelerate the diagnosis of sleep disorders and optimize patient referral. This vertical integration - devices, software, AI, and medical services - supports continuous improvement in the care pathway, as well as faster and more reliable diagnosis.\",\"email\":\"contact@bioserenity.com\",\"legalName\":\"BIOSERENITY\",\"numberOfEmployees\":{\"@type\":\"QuantitativeValue\",\"minValue\":\"201\",\"maxValue\":\"500\"}}]}<\/script>\n<!-- \/ Yoast SEO Premium plugin. -->","yoast_head_json":{"title":"Cookies - BioSerenity","description":"Cette page d\u00e9crit l'utilisation des cookies de la page web bioserenity.com, leur utilisation et les choix qui peuvent \u00eatre faits en mati\u00e8re d'utilisation et de consentement.","robots":{"index":"index","follow":"follow","max-snippet":"max-snippet:-1","max-image-preview":"max-image-preview:large","max-video-preview":"max-video-preview:-1"},"canonical":"https:\/\/bioserenity.com\/fr\/cookies\/","og_locale":"fr_FR","og_type":"article","og_title":"Cookies","og_description":"Cette page d\u00e9crit l'utilisation des cookies de la page web bioserenity.com, leur utilisation et les choix qui peuvent \u00eatre faits en mati\u00e8re d'utilisation et de consentement.","og_url":"https:\/\/bioserenity.com\/fr\/cookies\/","og_site_name":"BioSerenity","article_modified_time":"2026-03-05T13:51:58+00:00","og_image":[{"width":1920,"height":912,"url":"https:\/\/bioserenity.com\/wp-content\/uploads\/2024\/03\/IceCap-BioSerenity.jpg","type":"image\/jpeg"}],"twitter_card":"summary_large_image","twitter_misc":{"Dur\u00e9e de lecture estim\u00e9e":"3 minutes"},"schema":{"@context":"https:\/\/schema.org","@graph":[{"@type":"WebPage","@id":"https:\/\/bioserenity.com\/fr\/cookies\/","url":"https:\/\/bioserenity.com\/fr\/cookies\/","name":"Cookies - BioSerenity","isPartOf":{"@id":"https:\/\/bioserenity.com\/fr\/#website"},"datePublished":"2024-04-04T14:58:51+00:00","dateModified":"2026-03-05T13:51:58+00:00","description":"Cette page d\u00e9crit l'utilisation des cookies de la page web bioserenity.com, leur utilisation et les choix qui peuvent \u00eatre faits en mati\u00e8re d'utilisation et de consentement.","breadcrumb":{"@id":"https:\/\/bioserenity.com\/fr\/cookies\/#breadcrumb"},"inLanguage":"fr-FR","potentialAction":[{"@type":"ReadAction","target":["https:\/\/bioserenity.com\/fr\/cookies\/"]}]},{"@type":"BreadcrumbList","@id":"https:\/\/bioserenity.com\/fr\/cookies\/#breadcrumb","itemListElement":[{"@type":"ListItem","position":1,"name":"Home","item":"https:\/\/bioserenity.com\/fr\/accueil\/"},{"@type":"ListItem","position":2,"name":"Cookies"}]},{"@type":"WebSite","@id":"https:\/\/bioserenity.com\/fr\/#website","url":"https:\/\/bioserenity.com\/fr\/","name":"BioSerenity","description":"Connected &amp; Integrated Neurosciences. Brain monitoring &amp; remote diagnostic","publisher":{"@id":"https:\/\/bioserenity.com\/fr\/#organization"},"potentialAction":[{"@type":"SearchAction","target":{"@type":"EntryPoint","urlTemplate":"https:\/\/bioserenity.com\/fr\/?s={search_term_string}"},"query-input":{"@type":"PropertyValueSpecification","valueRequired":true,"valueName":"search_term_string"}}],"inLanguage":"fr-FR"},{"@type":"Organization","@id":"https:\/\/bioserenity.com\/fr\/#organization","name":"BioSerenity","url":"https:\/\/bioserenity.com\/fr\/","logo":{"@type":"ImageObject","inLanguage":"fr-FR","@id":"https:\/\/bioserenity.com\/fr\/#\/schema\/logo\/image\/","url":"https:\/\/bioserenity.com\/wp-content\/uploads\/2023\/05\/logo_bioserenity_BORDEAUX-600-o.png","contentUrl":"https:\/\/bioserenity.com\/wp-content\/uploads\/2023\/05\/logo_bioserenity_BORDEAUX-600-o.png","width":600,"height":170,"caption":"BioSerenity"},"image":{"@id":"https:\/\/bioserenity.com\/fr\/#\/schema\/logo\/image\/"},"sameAs":["https:\/\/www.linkedin.com\/company\/bioserenity\/","https:\/\/www.youtube.com\/@bioserenity9854"],"description":"BIOSerenity, founded in 2014, is the French leader in electrophysiological diagnostics, performing more than 45,000 EEGs (electroencephalograms), 8,000 PSGs (polysomnographies), and 5,000 ECGs (electrocardiograms) each year. Its offering combines medical devices, a software platform, and AI algorithms, all designed and produced in France, integrated into an ecosystem of services for the benefit of physicians and patients. This unique end-to-end solution enables complex examinations to be performed and provides remote interpretation of signals in a timely manner, contributing to faster and more reliable clinical decisions. As an expert in neurology, BIOSerenity has developed the Large Brain Model (LBM), a foundation model trained on more than ten years of EEG recordings. This database and AI platform give rise to decision support tools that improve the quality and speed of interpretation. Among its flagship services, the long-term (72-hour) home EEG, unique in France, speeds up access to diagnosis when hospital slots are hardly available. In sleep medicine, BIOSerenity relies on a network of dedicated centers and specialized medical and paramedical teams to accelerate the diagnosis of sleep disorders and optimize patient referral. This vertical integration - devices, software, AI, and medical services - supports continuous improvement in the care pathway, as well as faster and more reliable diagnosis.","email":"contact@bioserenity.com","legalName":"BIOSERENITY","numberOfEmployees":{"@type":"QuantitativeValue","minValue":"201","maxValue":"500"}}]}},"_links":{"self":[{"href":"https:\/\/bioserenity.com\/fr\/wp-json\/wp\/v2\/pages\/3687","targetHints":{"allow":["GET"]}}],"collection":[{"href":"https:\/\/bioserenity.com\/fr\/wp-json\/wp\/v2\/pages"}],"about":[{"href":"https:\/\/bioserenity.com\/fr\/wp-json\/wp\/v2\/types\/page"}],"author":[{"embeddable":true,"href":"https:\/\/bioserenity.com\/fr\/wp-json\/wp\/v2\/users\/15"}],"replies":[{"embeddable":true,"href":"https:\/\/bioserenity.com\/fr\/wp-json\/wp\/v2\/comments?post=3687"}],"version-history":[{"count":5,"href":"https:\/\/bioserenity.com\/fr\/wp-json\/wp\/v2\/pages\/3687\/revisions"}],"predecessor-version":[{"id":6389,"href":"https:\/\/bioserenity.com\/fr\/wp-json\/wp\/v2\/pages\/3687\/revisions\/6389"}],"wp:attachment":[{"href":"https:\/\/bioserenity.com\/fr\/wp-json\/wp\/v2\/media?parent=3687"}],"curies":[{"name":"wp","href":"https:\/\/api.w.org\/{rel}","templated":true}]}}