{"id":3587,"date":"2024-04-04T15:14:45","date_gmt":"2024-04-04T14:14:45","guid":{"rendered":"http:\/\/bioscom.onpressidium.com\/qualite-europe\/"},"modified":"2026-04-21T12:53:51","modified_gmt":"2026-04-21T11:53:51","slug":"qualite-europe","status":"publish","type":"page","link":"https:\/\/bioserenity.com\/fr\/qualite-europe\/","title":{"rendered":"Qualit\u00e9 Europe"},"content":{"rendered":"\t\t<div data-elementor-type=\"wp-page\" data-elementor-id=\"3587\" class=\"elementor elementor-3587 elementor-3569\" data-elementor-post-type=\"page\">\n\t\t\t\t<div class=\"elementor-element elementor-element-8efd8e8 e-flex e-con-boxed e-con e-parent\" data-id=\"8efd8e8\" data-element_type=\"container\" data-e-type=\"container\">\n\t\t\t\t\t<div class=\"e-con-inner\">\n\t\t\t\t<div class=\"elementor-element elementor-element-8da8f8d elementor-widget elementor-widget-heading\" data-id=\"8da8f8d\" data-element_type=\"widget\" data-e-type=\"widget\" data-widget_type=\"heading.default\">\n\t\t\t\t<div class=\"elementor-widget-container\">\n\t\t\t\t\t<h2 class=\"elementor-heading-title elementor-size-default\">Qualit\u00e9 et conformit\u00e9 r\u00e9glementaire - Europe<\/h2>\t\t\t\t<\/div>\n\t\t\t\t<\/div>\n\t\t\t\t<div class=\"elementor-element elementor-element-5253aac elementor-widget elementor-widget-text-editor\" data-id=\"5253aac\" data-element_type=\"widget\" data-e-type=\"widget\" data-widget_type=\"text-editor.default\">\n\t\t\t\t<div class=\"elementor-widget-container\">\n\t\t\t\t\t\t\t\t\t<p><span style=\"font-size: inherit; text-align: inherit; color: var(--theme-text-color); font-family: var(--theme-font-family); font-style: var(--theme-font-style, inherit); font-weight: var(--theme-font-weight); letter-spacing: var(--theme-letter-spacing); text-transform: var(--theme-text-transform);\">La qualit\u00e9 et la conformit\u00e9 r\u00e9glementaire, appel\u00e9e \u00ab\u00a0compliance\u00a0\u00bb, au-del\u00e0 du processus de certification, d\u00e9signe le respect d&rsquo;un ensemble de dispositions l\u00e9gislatives et r\u00e9glementaires ainsi que de normes, standards et bonnes pratiques, afin de s&rsquo;adapter \u00e0 l&rsquo;ensemble des exigences applicables \u00e0 un secteur (qualit\u00e9, mat\u00e9riovigilance, traitement des donn\u00e9es de sant\u00e9).<\/span><\/p><p>A travers son syst\u00e8me de management de la qualit\u00e9 et ses d\u00e9partements Compliance (Qualit\u00e9 R\u00e9glementaire et Juridique), BioSerenity s&rsquo;assure du respect de ces exigences afin de garantir la qualit\u00e9, la performance et la s\u00e9curit\u00e9 de ses produits et services en Europe et en Am\u00e9rique du Nord.<\/p><p><b style=\"color: var(--theme-text-color); font-family: var(--theme-font-family); font-size: inherit; font-style: var(--theme-font-style, inherit); letter-spacing: var(--theme-letter-spacing); text-align: inherit; text-transform: var(--theme-text-transform); font-variant-ligatures: inherit; font-variant-caps: inherit;\">EN EUROPE : MARQUAGE CE<\/b><\/p><p>Conform\u00e9ment \u00e0 la l\u00e9gislation europ\u00e9enne, tout produit r\u00e9pondant \u00e0 la d\u00e9finition de Dispositif M\u00e9dical doit \u00eatre appos\u00e9 du Marquage CE, attestant de la conformit\u00e9 aux dispositions du R\u00e8glement (UE) 2017\/745 appliqu\u00e9 aux dispositifs m\u00e9dicaux.<\/p><p>Les produits BioSerenity ont obtenu le marquage CE. Le marquage CE permet notamment de certifier la conformit\u00e9 des produits BioSerenity \u00e0 un ensemble de normes harmonis\u00e9es avec les dispositions de la r\u00e9glementation sur les dispositifs m\u00e9dicaux.<\/p><p><a href=\"https:\/\/bioserenity.com\/wp-content\/uploads\/2025\/04\/MDR-802592certificate-BIOS-MDG-11-DEC-2027-1-1.pdf\" target=\"_blank\" rel=\"noopener\">\u27a1\ufe0fMDR certificat (organisme notifi\u00e9 par BSI)<\/a><\/p><p>Entre autres exigences, le r\u00e8glement europ\u00e9en impose au fabricant de disposer d&rsquo;un syst\u00e8me de gestion de la qualit\u00e9 \u00e9valu\u00e9 selon la norme harmonis\u00e9e (norme ISO) en vigueur.<\/p><p>Le syst\u00e8me de gestion de la qualit\u00e9 de BioSerenity a donc \u00e9t\u00e9 \u00e9valu\u00e9 pour sa conformit\u00e9 \u00e0 la norme harmonis\u00e9e ISO 13485 : 2016 &#8211; Dispositifs m\u00e9dicaux &#8211; Syst\u00e8mes de gestion de la qualit\u00e9 &#8211; Exigences \u00e0 des fins r\u00e9glementaires.<\/p><p><a href=\"https:\/\/bioserenity.com\/wp-content\/uploads\/2025\/04\/MD-802582-certificate-BIOS-MDG-3-JUNE-2027.pdf\" target=\"_blank\" rel=\"noopener\">\u27a1\ufe0fISO 13485 : 2016 certificat<\/a><a href=\"http:\/\/bioserenity.com\/wp-content\/uploads\/2024\/05\/ISO13485-MD-802582-certificate-BIOS-MDG-14-MARCH-2024.pdf\"><br><\/a><\/p><p><b style=\"font-size: inherit; text-align: inherit; color: var(--theme-text-color); font-family: var(--theme-font-family); font-style: var(--theme-font-style, inherit); letter-spacing: var(--theme-letter-spacing); text-transform: var(--theme-text-transform);\"><span style=\"color: var(--theme-text-color); font-family: var(--theme-font-family); font-size: inherit; font-style: var(--theme-font-style, inherit); letter-spacing: var(--theme-letter-spacing); text-align: inherit; text-transform: var(--theme-text-transform);\">AUX \u00c9TATS-UNIS : D\u00c9DOUANEMENT<\/span><\/b><\/p><p>Conform\u00e9ment \u00e0 la l\u00e9gislation am\u00e9ricaine, tout produit r\u00e9pondant \u00e0 la d\u00e9finition de dispositif m\u00e9dical (sauf exemption) doit obtenir une autorisation de la FDA, attestant de sa conformit\u00e9 avec le titre 21 du code des r\u00e9glementations f\u00e9d\u00e9rales des \u00c9tats-Unis. Cette autorisation est d\u00e9livr\u00e9e par la FDA (Food and Drug Administration).<\/p><p><span style=\"color: var(--theme-text-color); font-family: var(--theme-font-family); font-size: inherit; font-style: var(--theme-font-style, inherit); font-weight: var(--theme-font-weight); letter-spacing: var(--theme-letter-spacing); text-align: inherit; text-transform: var(--theme-text-transform);\">Entre autres exigences, le 21 CFR Part 820 recommande que le fabricant dispose d&rsquo;un syst\u00e8me de gestion de la qualit\u00e9 \u00e9valu\u00e9 conform\u00e9ment au programme MDSAP.<\/span><\/p><p>Le MDSAP (Medical Device Single Audit Program) est un programme international d&rsquo;\u00e9valuation des syst\u00e8mes de gestion de la qualit\u00e9 des fabricants de dispositifs m\u00e9dicaux couvrant les territoires suivants : \u00c9tats-Unis, Canada, Br\u00e9sil, Australie et Japon. Ce programme permet de certifier, en un seul audit, le syst\u00e8me de gestion de la qualit\u00e9 d&rsquo;une entreprise. Ainsi, Bioserenity combine les dispositions de la norme ISO 13485 : 2016 avec les exigences sp\u00e9cifiques des pays suivants :<\/p><ul><li>Juridictions am\u00e9ricaines : 21 CFR Part 820<\/li><li>Tribunaux canadiens : SOR 98-282<\/li><\/ul><p>BioSerenity MDSAP fait l&rsquo;objet d&rsquo;un audit annuel depuis juin 2018. Le certificat MDSAP est destin\u00e9 \u00e0 optimiser et \u00e0 acc\u00e9l\u00e9rer l&rsquo;enregistrement des produits BioSerenity dans ces pays.<\/p><p><a style=\"font-variant-ligatures: inherit; font-variant-caps: inherit;\" href=\"https:\/\/bioserenity.com\/wp-content\/uploads\/2025\/08\/MDSAP-802594.pdf\" target=\"_blank\" rel=\"noopener\">\u27a1\ufe0fMDSAP Certificat<\/a><\/p><p><b style=\"font-family: inherit; font-size: inherit; font-style: inherit; font-variant-ligatures: inherit; font-variant-caps: inherit;\">UTILISATION PR\u00c9VUE POUR LE NEURONAUTE<\/b><\/p><p>Le Neuronaute enregistre les signaux \u00e9lectrophysiologiques en temps r\u00e9el pour le diagnostic des troubles neurologiques.  <span style=\"font-size: inherit; text-align: inherit; color: var(--theme-text-color); font-family: var(--theme-font-family); font-style: var(--theme-font-style, inherit); font-weight: var(--theme-font-weight); letter-spacing: var(--theme-letter-spacing); text-transform: var(--theme-text-transform);\">Le Neuronaute doit \u00eatre manipul\u00e9 par un professionnel de sant\u00e9 form\u00e9 \u00e0 son utilisation.  <\/span><span style=\"font-size: inherit; text-align: inherit; color: var(--theme-text-color); font-family: var(--theme-font-family); font-style: var(--theme-font-style, inherit); font-weight: var(--theme-font-weight); letter-spacing: var(--theme-letter-spacing); text-transform: var(--theme-text-transform);\">Le Neuronaute enregistre des signaux physiologiques, aucune revendication ne peut \u00eatre faite concernant l&rsquo;analyse de ces signaux.  <\/span><span style=\"font-size: inherit; text-align: inherit; color: var(--theme-text-color); font-family: var(--theme-font-family); font-style: var(--theme-font-style, inherit); font-weight: var(--theme-font-weight); letter-spacing: var(--theme-letter-spacing); text-transform: var(--theme-text-transform);\">Le Neuronaute est un dispositif m\u00e9dical de classe IIa et porte le marquage CE 2797 d\u00e9livr\u00e9 par le BSI.  <\/span><span style=\"font-size: inherit; text-align: inherit; color: var(--theme-text-color); font-family: var(--theme-font-family); font-style: var(--theme-font-style, inherit); font-weight: var(--theme-font-weight); letter-spacing: var(--theme-letter-spacing); text-transform: var(--theme-text-transform);\">L&rsquo;op\u00e9rateur doit toujours se r\u00e9f\u00e9rer au mode d&#8217;emploi avant d&rsquo;utiliser le dispositif m\u00e9dical et lire le mode d&#8217;emploi pour s&rsquo;assurer d&rsquo;une utilisation correcte.<\/span><\/p><p><b>UNE NORME<\/b><\/p><p>C&rsquo;est une sp\u00e9cification technique, approuv\u00e9e par un organisme certificateur, dont l&rsquo;application n&rsquo;est pas obligatoire, permettant de certifier la conformit\u00e9 d&rsquo;un produit \/ service \/ processus \/ syst\u00e8me \u00e0 un ensemble d&rsquo;exigences. Les normes applicables au domaine des dispositifs m\u00e9dicaux sont sp\u00e9cifiques \u00e0 chaque produit. Pour plus d&rsquo;informations, consultez les d\u00e9clarations de conformit\u00e9 UE ci-dessous :<\/p><p><b>Gamme Neuronaute<\/b><\/p><p><a style=\"font-variant-ligatures: inherit; font-variant-caps: inherit;\" href=\"https:\/\/bioserenity.com\/wp-content\/uploads\/2026\/04\/COC-00070Y-WEMU_PRODUCT_EU_DoC_V6.1.0_DE_IT_FR_EN_signed-1.pdf\" target=\"_blank\" rel=\"noopener\">\u27a1\ufe0f* Neuronaute\u00ae PLUS Core Module &amp; Neuronaute\u00ae mobile app (Android)<\/a><\/p><p><b style=\"font-family: var(--theme-font-family); font-size: inherit; font-style: var(--theme-font-style, inherit); font-variant-ligatures: inherit; font-variant-caps: inherit; text-align: inherit; color: var(--theme-text-color); letter-spacing: var(--theme-letter-spacing); text-transform: var(--theme-text-transform);\">Gamme IceCap<\/b><\/p><p><a href=\"https:\/\/bioserenity.com\/wp-content\/uploads\/2026\/04\/CoC-00083_Icecap_product_line_PRODUCT_EC_DoC_V2.1.1_signe.pdf\">\u27a1\ufe0f* Gamme de produits IceCap<\/a><\/p><p><b>Nuage BioSerenity \/ Gamme Plateforme<\/b><\/p><p>\u27a1\ufe0f*<a href=\"https:\/\/bioserenity.com\/wp-content\/uploads\/2026\/04\/COC-00061Q_BIOSERENITY_CLOUD_PRODUCT_DoC_DE_IT_FR_EN_V7.2.1_signee.pdf\" target=\"_blank\" rel=\"noopener\"> Bioserenity\u00ae Cloud<\/a><\/p><p><a href=\"https:\/\/bioserenity.com\/wp-content\/uploads\/2026\/02\/COC-00081P_BLINK_PRODUCT_EU_DoC__DE_IT_FR_EN_V1.11.0_signee.pdf\" target=\"_blank\" rel=\"noopener\">\u27a1\ufe0f* BLINK Mobile App Android  <\/a><\/p><p><strong>Gamme Videokit (pas de dispositif m\u00e9dical)<\/strong><\/p><p><a href=\"https:\/\/bioserenity.com\/wp-content\/uploads\/2026\/03\/COC-00102B_RED_DoC_Full_Signed-1.pdf\">\u27a1\ufe0f*Videokit<\/a><\/p><p><b>MODE D&rsquo;EMPLOI DES DISPOSITIFS M\u00c9DICAUX<\/b><\/p><p>\u27a1\ufe0f* <a href=\"https:\/\/static.app.bioserenity.com\/wemu_documentation.html\"> <span data-teams=\"true\">Neuronaute+, application mobile et accessoires, Cloud, Blink<\/span><\/a><\/p>\t\t\t\t\t\t\t\t<\/div>\n\t\t\t\t<\/div>\n\t\t\t\t\t<\/div>\n\t\t\t\t<\/div>\n\t\t\t\t<\/div>\n\t\t","protected":false},"excerpt":{"rendered":"<p>Qualit\u00e9 et conformit\u00e9 r\u00e9glementaire &#8211; Europe La qualit\u00e9 et la conformit\u00e9 r\u00e9glementaire, appel\u00e9e \u00ab\u00a0compliance\u00a0\u00bb, au-del\u00e0 du processus de certification, d\u00e9signe le respect d&rsquo;un ensemble de dispositions l\u00e9gislatives et r\u00e9glementaires ainsi que de normes, standards et bonnes pratiques, afin de s&rsquo;adapter \u00e0 l&rsquo;ensemble des exigences applicables \u00e0 un secteur (qualit\u00e9, mat\u00e9riovigilance, traitement des donn\u00e9es de sant\u00e9). [&hellip;]<\/p>\n","protected":false},"author":16,"featured_media":0,"parent":0,"menu_order":0,"comment_status":"closed","ping_status":"closed","template":"","meta":{"footnotes":""},"class_list":["post-3587","page","type-page","status-publish","hentry"],"blocksy_meta":[],"yoast_head":"<!-- This site is optimized with the Yoast SEO Premium plugin v27.4 (Yoast SEO v27.4) - https:\/\/yoast.com\/product\/yoast-seo-premium-wordpress\/ -->\n<title>Qualit\u00e9 Europe - BioSerenity.<\/title>\n<meta name=\"description\" content=\"Cette page fournit des informations sur la certification de la qualit\u00e9 et la conformit\u00e9, en particulier en ce qui concerne le marquage CE des dispositifs BIOSerenity.\" \/>\n<meta name=\"robots\" content=\"index, follow, max-snippet:-1, max-image-preview:large, max-video-preview:-1\" \/>\n<link rel=\"canonical\" href=\"https:\/\/bioserenity.com\/fr\/qualite-europe\/\" \/>\n<meta property=\"og:locale\" content=\"fr_FR\" \/>\n<meta property=\"og:type\" content=\"article\" \/>\n<meta property=\"og:title\" content=\"Qualit\u00e9 Europe\" \/>\n<meta property=\"og:description\" content=\"Cette page fournit des informations sur la certification de la qualit\u00e9 et la conformit\u00e9, en particulier en ce qui concerne le marquage CE des dispositifs BIOSerenity.\" \/>\n<meta property=\"og:url\" content=\"https:\/\/bioserenity.com\/fr\/qualite-europe\/\" \/>\n<meta property=\"og:site_name\" content=\"BioSerenity\" \/>\n<meta property=\"article:modified_time\" content=\"2026-04-21T11:53:51+00:00\" \/>\n<meta property=\"og:image\" content=\"https:\/\/bioserenity.com\/wp-content\/uploads\/2024\/03\/IceCap-BioSerenity.jpg\" \/>\n\t<meta property=\"og:image:width\" content=\"1920\" \/>\n\t<meta property=\"og:image:height\" content=\"912\" \/>\n\t<meta property=\"og:image:type\" content=\"image\/jpeg\" \/>\n<meta name=\"twitter:card\" content=\"summary_large_image\" \/>\n<meta name=\"twitter:label1\" content=\"Dur\u00e9e de lecture estim\u00e9e\" \/>\n\t<meta name=\"twitter:data1\" content=\"4 minutes\" \/>\n<script type=\"application\/ld+json\" class=\"yoast-schema-graph\">{\"@context\":\"https:\\\/\\\/schema.org\",\"@graph\":[{\"@type\":\"WebPage\",\"@id\":\"https:\\\/\\\/bioserenity.com\\\/fr\\\/qualite-europe\\\/\",\"url\":\"https:\\\/\\\/bioserenity.com\\\/fr\\\/qualite-europe\\\/\",\"name\":\"Qualit\u00e9 Europe - BioSerenity.\",\"isPartOf\":{\"@id\":\"https:\\\/\\\/bioserenity.com\\\/fr\\\/#website\"},\"datePublished\":\"2024-04-04T14:14:45+00:00\",\"dateModified\":\"2026-04-21T11:53:51+00:00\",\"description\":\"Cette page fournit des informations sur la certification de la qualit\u00e9 et la conformit\u00e9, en particulier en ce qui concerne le marquage CE des dispositifs BIOSerenity.\",\"breadcrumb\":{\"@id\":\"https:\\\/\\\/bioserenity.com\\\/fr\\\/qualite-europe\\\/#breadcrumb\"},\"inLanguage\":\"fr-FR\",\"potentialAction\":[{\"@type\":\"ReadAction\",\"target\":[\"https:\\\/\\\/bioserenity.com\\\/fr\\\/qualite-europe\\\/\"]}]},{\"@type\":\"BreadcrumbList\",\"@id\":\"https:\\\/\\\/bioserenity.com\\\/fr\\\/qualite-europe\\\/#breadcrumb\",\"itemListElement\":[{\"@type\":\"ListItem\",\"position\":1,\"name\":\"Home\",\"item\":\"https:\\\/\\\/bioserenity.com\\\/fr\\\/accueil\\\/\"},{\"@type\":\"ListItem\",\"position\":2,\"name\":\"Qualit\u00e9 Europe\"}]},{\"@type\":\"WebSite\",\"@id\":\"https:\\\/\\\/bioserenity.com\\\/fr\\\/#website\",\"url\":\"https:\\\/\\\/bioserenity.com\\\/fr\\\/\",\"name\":\"BioSerenity\",\"description\":\"Connected &amp; Integrated Neurosciences. Brain monitoring &amp; remote diagnostic\",\"publisher\":{\"@id\":\"https:\\\/\\\/bioserenity.com\\\/fr\\\/#organization\"},\"potentialAction\":[{\"@type\":\"SearchAction\",\"target\":{\"@type\":\"EntryPoint\",\"urlTemplate\":\"https:\\\/\\\/bioserenity.com\\\/fr\\\/?s={search_term_string}\"},\"query-input\":{\"@type\":\"PropertyValueSpecification\",\"valueRequired\":true,\"valueName\":\"search_term_string\"}}],\"inLanguage\":\"fr-FR\"},{\"@type\":\"Organization\",\"@id\":\"https:\\\/\\\/bioserenity.com\\\/fr\\\/#organization\",\"name\":\"BioSerenity\",\"url\":\"https:\\\/\\\/bioserenity.com\\\/fr\\\/\",\"logo\":{\"@type\":\"ImageObject\",\"inLanguage\":\"fr-FR\",\"@id\":\"https:\\\/\\\/bioserenity.com\\\/fr\\\/#\\\/schema\\\/logo\\\/image\\\/\",\"url\":\"https:\\\/\\\/bioserenity.com\\\/wp-content\\\/uploads\\\/2023\\\/05\\\/logo_bioserenity_BORDEAUX-600-o.png\",\"contentUrl\":\"https:\\\/\\\/bioserenity.com\\\/wp-content\\\/uploads\\\/2023\\\/05\\\/logo_bioserenity_BORDEAUX-600-o.png\",\"width\":600,\"height\":170,\"caption\":\"BioSerenity\"},\"image\":{\"@id\":\"https:\\\/\\\/bioserenity.com\\\/fr\\\/#\\\/schema\\\/logo\\\/image\\\/\"},\"sameAs\":[\"https:\\\/\\\/www.linkedin.com\\\/company\\\/bioserenity\\\/\",\"https:\\\/\\\/www.youtube.com\\\/@bioserenity9854\"],\"description\":\"BIOSerenity, founded in 2014, is the French leader in electrophysiological diagnostics, performing more than 45,000 EEGs (electroencephalograms), 8,000 PSGs (polysomnographies), and 5,000 ECGs (electrocardiograms) each year. Its offering combines medical devices, a software platform, and AI algorithms, all designed and produced in France, integrated into an ecosystem of services for the benefit of physicians and patients. This unique end-to-end solution enables complex examinations to be performed and provides remote interpretation of signals in a timely manner, contributing to faster and more reliable clinical decisions. As an expert in neurology, BIOSerenity has developed the Large Brain Model (LBM), a foundation model trained on more than ten years of EEG recordings. This database and AI platform give rise to decision support tools that improve the quality and speed of interpretation. Among its flagship services, the long-term (72-hour) home EEG, unique in France, speeds up access to diagnosis when hospital slots are hardly available. In sleep medicine, BIOSerenity relies on a network of dedicated centers and specialized medical and paramedical teams to accelerate the diagnosis of sleep disorders and optimize patient referral. This vertical integration - devices, software, AI, and medical services - supports continuous improvement in the care pathway, as well as faster and more reliable diagnosis.\",\"email\":\"contact@bioserenity.com\",\"legalName\":\"BIOSERENITY\",\"numberOfEmployees\":{\"@type\":\"QuantitativeValue\",\"minValue\":\"201\",\"maxValue\":\"500\"}}]}<\/script>\n<!-- \/ Yoast SEO Premium plugin. -->","yoast_head_json":{"title":"Qualit\u00e9 Europe - BioSerenity.","description":"Cette page fournit des informations sur la certification de la qualit\u00e9 et la conformit\u00e9, en particulier en ce qui concerne le marquage CE des dispositifs BIOSerenity.","robots":{"index":"index","follow":"follow","max-snippet":"max-snippet:-1","max-image-preview":"max-image-preview:large","max-video-preview":"max-video-preview:-1"},"canonical":"https:\/\/bioserenity.com\/fr\/qualite-europe\/","og_locale":"fr_FR","og_type":"article","og_title":"Qualit\u00e9 Europe","og_description":"Cette page fournit des informations sur la certification de la qualit\u00e9 et la conformit\u00e9, en particulier en ce qui concerne le marquage CE des dispositifs BIOSerenity.","og_url":"https:\/\/bioserenity.com\/fr\/qualite-europe\/","og_site_name":"BioSerenity","article_modified_time":"2026-04-21T11:53:51+00:00","og_image":[{"width":1920,"height":912,"url":"https:\/\/bioserenity.com\/wp-content\/uploads\/2024\/03\/IceCap-BioSerenity.jpg","type":"image\/jpeg"}],"twitter_card":"summary_large_image","twitter_misc":{"Dur\u00e9e de lecture estim\u00e9e":"4 minutes"},"schema":{"@context":"https:\/\/schema.org","@graph":[{"@type":"WebPage","@id":"https:\/\/bioserenity.com\/fr\/qualite-europe\/","url":"https:\/\/bioserenity.com\/fr\/qualite-europe\/","name":"Qualit\u00e9 Europe - BioSerenity.","isPartOf":{"@id":"https:\/\/bioserenity.com\/fr\/#website"},"datePublished":"2024-04-04T14:14:45+00:00","dateModified":"2026-04-21T11:53:51+00:00","description":"Cette page fournit des informations sur la certification de la qualit\u00e9 et la conformit\u00e9, en particulier en ce qui concerne le marquage CE des dispositifs BIOSerenity.","breadcrumb":{"@id":"https:\/\/bioserenity.com\/fr\/qualite-europe\/#breadcrumb"},"inLanguage":"fr-FR","potentialAction":[{"@type":"ReadAction","target":["https:\/\/bioserenity.com\/fr\/qualite-europe\/"]}]},{"@type":"BreadcrumbList","@id":"https:\/\/bioserenity.com\/fr\/qualite-europe\/#breadcrumb","itemListElement":[{"@type":"ListItem","position":1,"name":"Home","item":"https:\/\/bioserenity.com\/fr\/accueil\/"},{"@type":"ListItem","position":2,"name":"Qualit\u00e9 Europe"}]},{"@type":"WebSite","@id":"https:\/\/bioserenity.com\/fr\/#website","url":"https:\/\/bioserenity.com\/fr\/","name":"BioSerenity","description":"Connected &amp; Integrated Neurosciences. Brain monitoring &amp; remote diagnostic","publisher":{"@id":"https:\/\/bioserenity.com\/fr\/#organization"},"potentialAction":[{"@type":"SearchAction","target":{"@type":"EntryPoint","urlTemplate":"https:\/\/bioserenity.com\/fr\/?s={search_term_string}"},"query-input":{"@type":"PropertyValueSpecification","valueRequired":true,"valueName":"search_term_string"}}],"inLanguage":"fr-FR"},{"@type":"Organization","@id":"https:\/\/bioserenity.com\/fr\/#organization","name":"BioSerenity","url":"https:\/\/bioserenity.com\/fr\/","logo":{"@type":"ImageObject","inLanguage":"fr-FR","@id":"https:\/\/bioserenity.com\/fr\/#\/schema\/logo\/image\/","url":"https:\/\/bioserenity.com\/wp-content\/uploads\/2023\/05\/logo_bioserenity_BORDEAUX-600-o.png","contentUrl":"https:\/\/bioserenity.com\/wp-content\/uploads\/2023\/05\/logo_bioserenity_BORDEAUX-600-o.png","width":600,"height":170,"caption":"BioSerenity"},"image":{"@id":"https:\/\/bioserenity.com\/fr\/#\/schema\/logo\/image\/"},"sameAs":["https:\/\/www.linkedin.com\/company\/bioserenity\/","https:\/\/www.youtube.com\/@bioserenity9854"],"description":"BIOSerenity, founded in 2014, is the French leader in electrophysiological diagnostics, performing more than 45,000 EEGs (electroencephalograms), 8,000 PSGs (polysomnographies), and 5,000 ECGs (electrocardiograms) each year. Its offering combines medical devices, a software platform, and AI algorithms, all designed and produced in France, integrated into an ecosystem of services for the benefit of physicians and patients. This unique end-to-end solution enables complex examinations to be performed and provides remote interpretation of signals in a timely manner, contributing to faster and more reliable clinical decisions. As an expert in neurology, BIOSerenity has developed the Large Brain Model (LBM), a foundation model trained on more than ten years of EEG recordings. This database and AI platform give rise to decision support tools that improve the quality and speed of interpretation. Among its flagship services, the long-term (72-hour) home EEG, unique in France, speeds up access to diagnosis when hospital slots are hardly available. In sleep medicine, BIOSerenity relies on a network of dedicated centers and specialized medical and paramedical teams to accelerate the diagnosis of sleep disorders and optimize patient referral. This vertical integration - devices, software, AI, and medical services - supports continuous improvement in the care pathway, as well as faster and more reliable diagnosis.","email":"contact@bioserenity.com","legalName":"BIOSERENITY","numberOfEmployees":{"@type":"QuantitativeValue","minValue":"201","maxValue":"500"}}]}},"_links":{"self":[{"href":"https:\/\/bioserenity.com\/fr\/wp-json\/wp\/v2\/pages\/3587","targetHints":{"allow":["GET"]}}],"collection":[{"href":"https:\/\/bioserenity.com\/fr\/wp-json\/wp\/v2\/pages"}],"about":[{"href":"https:\/\/bioserenity.com\/fr\/wp-json\/wp\/v2\/types\/page"}],"author":[{"embeddable":true,"href":"https:\/\/bioserenity.com\/fr\/wp-json\/wp\/v2\/users\/16"}],"replies":[{"embeddable":true,"href":"https:\/\/bioserenity.com\/fr\/wp-json\/wp\/v2\/comments?post=3587"}],"version-history":[{"count":5,"href":"https:\/\/bioserenity.com\/fr\/wp-json\/wp\/v2\/pages\/3587\/revisions"}],"predecessor-version":[{"id":7634,"href":"https:\/\/bioserenity.com\/fr\/wp-json\/wp\/v2\/pages\/3587\/revisions\/7634"}],"wp:attachment":[{"href":"https:\/\/bioserenity.com\/fr\/wp-json\/wp\/v2\/media?parent=3587"}],"curies":[{"name":"wp","href":"https:\/\/api.w.org\/{rel}","templated":true}]}}