{"id":3540,"date":"2024-04-04T14:23:12","date_gmt":"2024-04-04T13:23:12","guid":{"rendered":"http:\/\/bioscom.onpressidium.com\/cardiophy\/"},"modified":"2026-04-07T14:46:18","modified_gmt":"2026-04-07T13:46:18","slug":"cardiophy","status":"publish","type":"page","link":"https:\/\/bioserenity.com\/fr\/cardiophy\/","title":{"rendered":"Cardiophy"},"content":{"rendered":"\n<p>Cardiophy services propose la r\u00e9alisation et l&rsquo;interpr\u00e9tation \u00e0 distance d&rsquo;\u00e9lectrocardiogrammes (ECG)<\/p>\n\n<p>Notre \u00e9quipe d&rsquo;infirmi\u00e8res et de cardiologues interpr\u00e8tes est disponible pour effectuer et\/ou analyser les enregistrements ECG et Holter ECG.<\/p>\n\n<p><strong>Avantages<\/strong><\/p>\n\n<ul class=\"wp-block-list\">\n<li>Experts r\u00e9alisant et interpr\u00e9tant des ECG courts, des ECG d&rsquo;urgence ainsi que des Holter ECG jusqu&rsquo;\u00e0 15 d\u00e9rivations (de 24h \u00e0 4 semaines)<\/li>\n\n\n\n<li>Formation, soutien et suivi du patient pendant la r\u00e9alisation et l&rsquo;enregistrement de l&rsquo;ECG<\/li>\n\n\n\n<li>Flexibilit\u00e9 en fonction de vos besoins et de votre pratique<\/li>\n<\/ul>\n\n<p><strong>Chiffres cl\u00e9s<\/strong><\/p>\n\n<ul class=\"wp-block-list\">\n<li>100 millions d&rsquo;ECG sont r\u00e9alis\u00e9s chaque ann\u00e9e en Europe occidentale. 2 M dans les h\u00f4pitaux fran\u00e7ais (Source : Fischer et Zywietz, 2003 ; PMSI 2016)<\/li>\n\n\n\n<li>5x Plus de chances de diagnostiquer une fibrillation auriculaire avec un Holter d&rsquo;une semaine qu&rsquo;avec un Holter de 24 heures. (7x via 4 semaines Holter vs 24h) (Source : Higgins et al., 2013, Gladstone et al., 2014)<\/li>\n\n\n\n<li>15 millions d&rsquo;accidents vasculaires c\u00e9r\u00e9braux par an dans le monde (Source : Organisation mondiale de la sant\u00e9)<\/li>\n\n\n\n<li>33,5 millions de personnes souffrent de fibrillation auriculaire dans le monde (Source : Chugh et. al, Circulation, 2013)<\/li>\n<\/ul>\n\n<p><strong>INDICATIONS DE L&rsquo;ECG (STANDARD ET AMBULATOIRE)<\/strong><\/p>\n\n<p>Recommandations ISHNE-HRS 2017<\/p>\n\n<p>L&rsquo;ECG est utile pour<\/p>\n\n<ul class=\"wp-block-list\">\n<li><strong>Syncope<\/strong><br\/>&#8211; Bradyarythmie<br\/>&#8211; Tachyarythmie<\/li>\n\n\n\n<li><strong>Palpitations<\/strong><\/li>\n\n\n\n<li><strong>Douleur thoracique et isch\u00e9mie coronarienne<\/strong><\/li>\n\n\n\n<li><strong>Maladie cardiaque isch\u00e9mique et patients ayant subi un infarctus du myocarde<\/strong><\/li>\n\n\n\n<li><strong>Cardiomyopathies<\/strong><br\/>&#8211; Cardiomyopathie dilat\u00e9e non isch\u00e9mique<br\/>&#8211; Cardiomyopathie hypertrophique<\/li>\n\n\n\n<li><strong>Dysplasie ventriculaire droite arythmog\u00e8ne<\/strong><\/li>\n\n\n\n<li><strong>Syndrome de Wolff-Parkinson-White<\/strong><\/li>\n\n\n\n<li><strong>Maladies arythmiques primaires h\u00e9r\u00e9ditaires<\/strong><br\/>&#8211; Syndrome du QT long<br\/>&#8211; Syndrome du QT court<br\/>&#8211; Syndrome de Brugada<br\/>&#8211; Tachycardie ventriculaire polymorphe cat\u00e9cholaminergique<br\/>&#8211; Syndrome de repolarisation pr\u00e9coce<br\/>&#8211; Fibrillation ventriculaire idiopathique<\/li>\n\n\n\n<li><strong>Arythmies ventriculaires<\/strong><br\/>&#8211; Surveillance du PVC<br\/>&#8211; Suppression de l&rsquo;arythmie ventriculaire par pharmacoth\u00e9rapie<br\/>&#8211; Efficacit\u00e9 de la proc\u00e9dure d&rsquo;ablation<\/li>\n\n\n\n<li><strong>Fibrillation auriculaire<\/strong><br\/>&#8211; AVC cryptog\u00e9nique<br\/>&#8211; \u00c9valuation du traitement aigu &#8211; approche \u00ab\u00a0pilule dans la poche\u00a0\u00bb<br\/>&#8211; \u00c9valuation post-traitement<\/li>\n\n\n\n<li><strong>Surveillance ECG ambulatoire chez les patients porteurs de dispositifs cardiaques implantables<\/strong><\/li>\n\n\n\n<li><strong>Essais cliniques et \u00e9valuation de la s\u00e9curit\u00e9 des traitements pharmacologiques<\/strong><\/li>\n\n\n\n<li><strong>Dialyse et maladie r\u00e9nale chronique<\/strong><\/li>\n\n\n\n<li><strong>Maladies neurologiques et musculaires affectant le syst\u00e8me nerveux autonome<\/strong><\/li>\n\n\n\n<li><strong>Syndromes d&rsquo;apn\u00e9e du sommeil<\/strong><\/li>\n\n\n\n<li><strong>Diab\u00e8te<\/strong><\/li>\n\n\n\n<li><strong>Maladies du tissu conjonctif<\/strong><\/li>\n\n\n\n<li><strong>Athl\u00e8tes et d\u00e9pistage pr\u00e9-comp\u00e9tition<\/strong><\/li>\n<\/ul>\n\n<p><strong>R\u00e9alisation et interpr\u00e9tation<\/strong> de l&rsquo;ECG et du Holter ECG, seuls ou en combinaison<\/p>\n\n<ul class=\"wp-block-list\">\n<li>\u00c9lectrocardiographie, avec enregistrement des \u00e9v\u00e9nements d\u00e9clench\u00e9s et t\u00e9l\u00e9transmission<\/li>\n<\/ul>\n\n<ul class=\"wp-block-list\">\n<li>\u00c9lectrocardiographie sur au moins 12 d\u00e9rivations<\/li>\n<\/ul>\n\n<ul class=\"wp-block-list\">\n<li>\u00c9lectrocardiographie sur au moins 2 d\u00e9rivations, avec enregistrement continu pendant au moins 24 heures<\/li>\n<\/ul>\n","protected":false},"excerpt":{"rendered":"<p>Cardiophy services propose la r\u00e9alisation et l&rsquo;interpr\u00e9tation \u00e0 distance d&rsquo;\u00e9lectrocardiogrammes (ECG) Notre \u00e9quipe d&rsquo;infirmi\u00e8res et de cardiologues interpr\u00e8tes est disponible pour effectuer et\/ou analyser les enregistrements ECG et Holter ECG. Avantages Chiffres cl\u00e9s INDICATIONS DE L&rsquo;ECG (STANDARD ET AMBULATOIRE) Recommandations ISHNE-HRS 2017 L&rsquo;ECG est utile pour R\u00e9alisation et interpr\u00e9tation de l&rsquo;ECG et du Holter ECG, [&hellip;]<\/p>\n","protected":false},"author":15,"featured_media":0,"parent":0,"menu_order":0,"comment_status":"closed","ping_status":"closed","template":"","meta":{"footnotes":""},"class_list":["post-3540","page","type-page","status-publish","hentry"],"blocksy_meta":[],"yoast_head":"<!-- This site is optimized with the Yoast SEO Premium plugin v27.3 (Yoast SEO v27.3) - https:\/\/yoast.com\/product\/yoast-seo-premium-wordpress\/ -->\n<title>Cardiophy<\/title>\n<meta name=\"robots\" content=\"index, follow, max-snippet:-1, max-image-preview:large, max-video-preview:-1\" \/>\n<link rel=\"canonical\" href=\"https:\/\/bioserenity.com\/fr\/cardiophy\/\" \/>\n<meta property=\"og:locale\" content=\"fr_FR\" \/>\n<meta property=\"og:type\" content=\"article\" \/>\n<meta property=\"og:title\" content=\"Cardiophy\" \/>\n<meta property=\"og:description\" content=\"Cardiophy services propose la r\u00e9alisation et l&rsquo;interpr\u00e9tation \u00e0 distance d&rsquo;\u00e9lectrocardiogrammes (ECG) Notre \u00e9quipe d&rsquo;infirmi\u00e8res et de cardiologues interpr\u00e8tes est disponible pour effectuer et\/ou analyser les enregistrements ECG et Holter ECG. Avantages Chiffres cl\u00e9s INDICATIONS DE L&rsquo;ECG (STANDARD ET AMBULATOIRE) Recommandations ISHNE-HRS 2017 L&rsquo;ECG est utile pour R\u00e9alisation et interpr\u00e9tation de l&rsquo;ECG et du Holter ECG, [&hellip;]\" \/>\n<meta property=\"og:url\" content=\"https:\/\/bioserenity.com\/fr\/cardiophy\/\" \/>\n<meta property=\"og:site_name\" content=\"BioSerenity\" \/>\n<meta property=\"article:modified_time\" content=\"2026-04-07T13:46:18+00:00\" \/>\n<meta property=\"og:image\" content=\"https:\/\/bioserenity.com\/wp-content\/uploads\/2024\/03\/IceCap-BioSerenity.jpg\" \/>\n\t<meta property=\"og:image:width\" content=\"1920\" \/>\n\t<meta property=\"og:image:height\" content=\"912\" \/>\n\t<meta property=\"og:image:type\" content=\"image\/jpeg\" \/>\n<meta name=\"twitter:card\" content=\"summary_large_image\" \/>\n<meta name=\"twitter:label1\" content=\"Dur\u00e9e de lecture estim\u00e9e\" \/>\n\t<meta name=\"twitter:data1\" content=\"2 minutes\" \/>\n<script type=\"application\/ld+json\" class=\"yoast-schema-graph\">{\"@context\":\"https:\\\/\\\/schema.org\",\"@graph\":[{\"@type\":\"WebPage\",\"@id\":\"https:\\\/\\\/bioserenity.com\\\/fr\\\/cardiophy\\\/\",\"url\":\"https:\\\/\\\/bioserenity.com\\\/fr\\\/cardiophy\\\/\",\"name\":\"Cardiophy\",\"isPartOf\":{\"@id\":\"https:\\\/\\\/bioserenity.com\\\/fr\\\/#website\"},\"datePublished\":\"2024-04-04T13:23:12+00:00\",\"dateModified\":\"2026-04-07T13:46:18+00:00\",\"breadcrumb\":{\"@id\":\"https:\\\/\\\/bioserenity.com\\\/fr\\\/cardiophy\\\/#breadcrumb\"},\"inLanguage\":\"fr-FR\",\"potentialAction\":[{\"@type\":\"ReadAction\",\"target\":[\"https:\\\/\\\/bioserenity.com\\\/fr\\\/cardiophy\\\/\"]}]},{\"@type\":\"BreadcrumbList\",\"@id\":\"https:\\\/\\\/bioserenity.com\\\/fr\\\/cardiophy\\\/#breadcrumb\",\"itemListElement\":[{\"@type\":\"ListItem\",\"position\":1,\"name\":\"Home\",\"item\":\"https:\\\/\\\/bioserenity.com\\\/fr\\\/accueil\\\/\"},{\"@type\":\"ListItem\",\"position\":2,\"name\":\"Cardiophy\"}]},{\"@type\":\"WebSite\",\"@id\":\"https:\\\/\\\/bioserenity.com\\\/fr\\\/#website\",\"url\":\"https:\\\/\\\/bioserenity.com\\\/fr\\\/\",\"name\":\"BioSerenity\",\"description\":\"Connected &amp; Integrated Neurosciences. Brain monitoring &amp; remote diagnostic\",\"publisher\":{\"@id\":\"https:\\\/\\\/bioserenity.com\\\/fr\\\/#organization\"},\"potentialAction\":[{\"@type\":\"SearchAction\",\"target\":{\"@type\":\"EntryPoint\",\"urlTemplate\":\"https:\\\/\\\/bioserenity.com\\\/fr\\\/?s={search_term_string}\"},\"query-input\":{\"@type\":\"PropertyValueSpecification\",\"valueRequired\":true,\"valueName\":\"search_term_string\"}}],\"inLanguage\":\"fr-FR\"},{\"@type\":\"Organization\",\"@id\":\"https:\\\/\\\/bioserenity.com\\\/fr\\\/#organization\",\"name\":\"BioSerenity\",\"url\":\"https:\\\/\\\/bioserenity.com\\\/fr\\\/\",\"logo\":{\"@type\":\"ImageObject\",\"inLanguage\":\"fr-FR\",\"@id\":\"https:\\\/\\\/bioserenity.com\\\/fr\\\/#\\\/schema\\\/logo\\\/image\\\/\",\"url\":\"https:\\\/\\\/bioserenity.com\\\/wp-content\\\/uploads\\\/2023\\\/05\\\/logo_bioserenity_BORDEAUX-600-o.png\",\"contentUrl\":\"https:\\\/\\\/bioserenity.com\\\/wp-content\\\/uploads\\\/2023\\\/05\\\/logo_bioserenity_BORDEAUX-600-o.png\",\"width\":600,\"height\":170,\"caption\":\"BioSerenity\"},\"image\":{\"@id\":\"https:\\\/\\\/bioserenity.com\\\/fr\\\/#\\\/schema\\\/logo\\\/image\\\/\"},\"sameAs\":[\"https:\\\/\\\/www.linkedin.com\\\/company\\\/bioserenity\\\/\",\"https:\\\/\\\/www.youtube.com\\\/@bioserenity9854\"],\"description\":\"BIOSerenity, founded in 2014, is the French leader in electrophysiological diagnostics, performing more than 45,000 EEGs (electroencephalograms), 8,000 PSGs (polysomnographies), and 5,000 ECGs (electrocardiograms) each year. Its offering combines medical devices, a software platform, and AI algorithms, all designed and produced in France, integrated into an ecosystem of services for the benefit of physicians and patients. This unique end-to-end solution enables complex examinations to be performed and provides remote interpretation of signals in a timely manner, contributing to faster and more reliable clinical decisions. As an expert in neurology, BIOSerenity has developed the Large Brain Model (LBM), a foundation model trained on more than ten years of EEG recordings. This database and AI platform give rise to decision support tools that improve the quality and speed of interpretation. Among its flagship services, the long-term (72-hour) home EEG, unique in France, speeds up access to diagnosis when hospital slots are hardly available. In sleep medicine, BIOSerenity relies on a network of dedicated centers and specialized medical and paramedical teams to accelerate the diagnosis of sleep disorders and optimize patient referral. This vertical integration - devices, software, AI, and medical services - supports continuous improvement in the care pathway, as well as faster and more reliable diagnosis.\",\"email\":\"contact@bioserenity.com\",\"legalName\":\"BIOSERENITY\",\"numberOfEmployees\":{\"@type\":\"QuantitativeValue\",\"minValue\":\"201\",\"maxValue\":\"500\"}}]}<\/script>\n<!-- \/ Yoast SEO Premium plugin. -->","yoast_head_json":{"title":"Cardiophy","robots":{"index":"index","follow":"follow","max-snippet":"max-snippet:-1","max-image-preview":"max-image-preview:large","max-video-preview":"max-video-preview:-1"},"canonical":"https:\/\/bioserenity.com\/fr\/cardiophy\/","og_locale":"fr_FR","og_type":"article","og_title":"Cardiophy","og_description":"Cardiophy services propose la r\u00e9alisation et l&rsquo;interpr\u00e9tation \u00e0 distance d&rsquo;\u00e9lectrocardiogrammes (ECG) Notre \u00e9quipe d&rsquo;infirmi\u00e8res et de cardiologues interpr\u00e8tes est disponible pour effectuer et\/ou analyser les enregistrements ECG et Holter ECG. Avantages Chiffres cl\u00e9s INDICATIONS DE L&rsquo;ECG (STANDARD ET AMBULATOIRE) Recommandations ISHNE-HRS 2017 L&rsquo;ECG est utile pour R\u00e9alisation et interpr\u00e9tation de l&rsquo;ECG et du Holter ECG, [&hellip;]","og_url":"https:\/\/bioserenity.com\/fr\/cardiophy\/","og_site_name":"BioSerenity","article_modified_time":"2026-04-07T13:46:18+00:00","og_image":[{"width":1920,"height":912,"url":"https:\/\/bioserenity.com\/wp-content\/uploads\/2024\/03\/IceCap-BioSerenity.jpg","type":"image\/jpeg"}],"twitter_card":"summary_large_image","twitter_misc":{"Dur\u00e9e de lecture estim\u00e9e":"2 minutes"},"schema":{"@context":"https:\/\/schema.org","@graph":[{"@type":"WebPage","@id":"https:\/\/bioserenity.com\/fr\/cardiophy\/","url":"https:\/\/bioserenity.com\/fr\/cardiophy\/","name":"Cardiophy","isPartOf":{"@id":"https:\/\/bioserenity.com\/fr\/#website"},"datePublished":"2024-04-04T13:23:12+00:00","dateModified":"2026-04-07T13:46:18+00:00","breadcrumb":{"@id":"https:\/\/bioserenity.com\/fr\/cardiophy\/#breadcrumb"},"inLanguage":"fr-FR","potentialAction":[{"@type":"ReadAction","target":["https:\/\/bioserenity.com\/fr\/cardiophy\/"]}]},{"@type":"BreadcrumbList","@id":"https:\/\/bioserenity.com\/fr\/cardiophy\/#breadcrumb","itemListElement":[{"@type":"ListItem","position":1,"name":"Home","item":"https:\/\/bioserenity.com\/fr\/accueil\/"},{"@type":"ListItem","position":2,"name":"Cardiophy"}]},{"@type":"WebSite","@id":"https:\/\/bioserenity.com\/fr\/#website","url":"https:\/\/bioserenity.com\/fr\/","name":"BioSerenity","description":"Connected &amp; Integrated Neurosciences. Brain monitoring &amp; remote diagnostic","publisher":{"@id":"https:\/\/bioserenity.com\/fr\/#organization"},"potentialAction":[{"@type":"SearchAction","target":{"@type":"EntryPoint","urlTemplate":"https:\/\/bioserenity.com\/fr\/?s={search_term_string}"},"query-input":{"@type":"PropertyValueSpecification","valueRequired":true,"valueName":"search_term_string"}}],"inLanguage":"fr-FR"},{"@type":"Organization","@id":"https:\/\/bioserenity.com\/fr\/#organization","name":"BioSerenity","url":"https:\/\/bioserenity.com\/fr\/","logo":{"@type":"ImageObject","inLanguage":"fr-FR","@id":"https:\/\/bioserenity.com\/fr\/#\/schema\/logo\/image\/","url":"https:\/\/bioserenity.com\/wp-content\/uploads\/2023\/05\/logo_bioserenity_BORDEAUX-600-o.png","contentUrl":"https:\/\/bioserenity.com\/wp-content\/uploads\/2023\/05\/logo_bioserenity_BORDEAUX-600-o.png","width":600,"height":170,"caption":"BioSerenity"},"image":{"@id":"https:\/\/bioserenity.com\/fr\/#\/schema\/logo\/image\/"},"sameAs":["https:\/\/www.linkedin.com\/company\/bioserenity\/","https:\/\/www.youtube.com\/@bioserenity9854"],"description":"BIOSerenity, founded in 2014, is the French leader in electrophysiological diagnostics, performing more than 45,000 EEGs (electroencephalograms), 8,000 PSGs (polysomnographies), and 5,000 ECGs (electrocardiograms) each year. Its offering combines medical devices, a software platform, and AI algorithms, all designed and produced in France, integrated into an ecosystem of services for the benefit of physicians and patients. This unique end-to-end solution enables complex examinations to be performed and provides remote interpretation of signals in a timely manner, contributing to faster and more reliable clinical decisions. As an expert in neurology, BIOSerenity has developed the Large Brain Model (LBM), a foundation model trained on more than ten years of EEG recordings. This database and AI platform give rise to decision support tools that improve the quality and speed of interpretation. Among its flagship services, the long-term (72-hour) home EEG, unique in France, speeds up access to diagnosis when hospital slots are hardly available. In sleep medicine, BIOSerenity relies on a network of dedicated centers and specialized medical and paramedical teams to accelerate the diagnosis of sleep disorders and optimize patient referral. This vertical integration - devices, software, AI, and medical services - supports continuous improvement in the care pathway, as well as faster and more reliable diagnosis.","email":"contact@bioserenity.com","legalName":"BIOSERENITY","numberOfEmployees":{"@type":"QuantitativeValue","minValue":"201","maxValue":"500"}}]}},"_links":{"self":[{"href":"https:\/\/bioserenity.com\/fr\/wp-json\/wp\/v2\/pages\/3540","targetHints":{"allow":["GET"]}}],"collection":[{"href":"https:\/\/bioserenity.com\/fr\/wp-json\/wp\/v2\/pages"}],"about":[{"href":"https:\/\/bioserenity.com\/fr\/wp-json\/wp\/v2\/types\/page"}],"author":[{"embeddable":true,"href":"https:\/\/bioserenity.com\/fr\/wp-json\/wp\/v2\/users\/15"}],"replies":[{"embeddable":true,"href":"https:\/\/bioserenity.com\/fr\/wp-json\/wp\/v2\/comments?post=3540"}],"version-history":[{"count":5,"href":"https:\/\/bioserenity.com\/fr\/wp-json\/wp\/v2\/pages\/3540\/revisions"}],"predecessor-version":[{"id":7396,"href":"https:\/\/bioserenity.com\/fr\/wp-json\/wp\/v2\/pages\/3540\/revisions\/7396"}],"wp:attachment":[{"href":"https:\/\/bioserenity.com\/fr\/wp-json\/wp\/v2\/media?parent=3540"}],"curies":[{"name":"wp","href":"https:\/\/api.w.org\/{rel}","templated":true}]}}