{"id":3507,"date":"2024-04-04T13:10:00","date_gmt":"2024-04-04T12:10:00","guid":{"rendered":"http:\/\/bioscom.onpressidium.com\/somnophy\/"},"modified":"2025-10-02T11:43:39","modified_gmt":"2025-10-02T10:43:39","slug":"somnophy","status":"publish","type":"page","link":"https:\/\/bioserenity.com\/fr\/somnophy\/","title":{"rendered":"Somnophy"},"content":{"rendered":"<p><\/p>\n<p>Somnophy propose la <strong>r\u00e9alisation<\/strong> et l&rsquo;<strong>interpr\u00e9tation<\/strong> \u00e0 distance de <strong>polysomnographies<\/strong> (PSG)<\/p>\n<p><\/p>\n<p>Somnophy est une <strong>plateforme d&rsquo;<\/strong>interpr\u00e9tation \u00e0 distance <strong>, d\u00e9velopp\u00e9e par BIOSerenity<\/strong>, <strong>mise \u00e0 la disposition<\/strong> des unit\u00e9s de sommeil, des m\u00e9decins et des techniciens \u00e0 la recherche d&rsquo;une solution innovante d&rsquo;interpr\u00e9tation \u00e0 distance.<\/p>\n<p><\/p>\n<p>Nos techniciens et nos m\u00e9decins partenaires scorent (\u00e9valuent) et interpr\u00e8tent les <strong>enregistrements de PSG des enfants aux adultes<\/strong>, 7 jours sur 7.<\/p>\n<p><\/p>\n<p><strong>Avantages<\/strong><\/p>\n<p><\/p>\n<ul class=\"wp-block-list\"><p><\/p>\n<li>Un r\u00e9seau de m\u00e9decins titulaires d&rsquo;un dipl\u00f4me de m\u00e9decine du sommeil (D.I.U. pathologie du sommeil) ayant plus de 10 ans d&rsquo;exp\u00e9rience, et d&rsquo;enseignants ou d&rsquo;anciens enseignants du D.I.U., capables de r\u00e9aliser des interpr\u00e9tations compl\u00e8tes avec une expertise m\u00e9dicale.<\/li>\n<p><\/p>\n<p><\/p>\n<li>Un r\u00e9seau de techniciens titulaires d&rsquo;un dipl\u00f4me de m\u00e9decine du sommeil (D.U. de m\u00e9decine du sommeil)&nbsp;capables d&rsquo;effectuer un pr\u00e9-scoring pr\u00e9cis et efficace, repr\u00e9sent\u00e9 notamment par :\n<ul class=\"wp-block-list\"><p><\/p>\n<li>Association APTE<\/li>\n<p><\/p>\n<p><\/p>\n<li>Soci\u00e9t\u00e9 Opossomm<\/li>\n<p><\/p>\n<p><\/p>\n<li>Soci\u00e9t\u00e9 du Cercle du sommeil<\/li>\n<p><\/p>\n<\/ul>\n<p><\/p>\n<\/li>\n<p><\/p>\n<p><\/p>\n<li>Interpr\u00e9tation des enregistrements dans un d\u00e9lai de 6 heures<\/li>\n<p><\/p>\n<\/ul>\n<p><\/p>\n<p><strong>Chiffres cl\u00e9s<\/strong><\/p>\n<p><\/p>\n<ul class=\"wp-block-list\"><p><\/p>\n<li>33% des adultes sont touch\u00e9s par l&rsquo;insomnie chronique dans le monde (Source : Bhaskar et al., 2016)<\/li>\n<li>1 milliard de personnes sont touch\u00e9es par l&rsquo;apn\u00e9e obstructive du sommeil dans le monde (Source : Benjafield et al., 2018)<\/li>\n<li>5% des adultes souffrent d&rsquo;apn\u00e9es du sommeil (Source : INSERM)<\/li>\n<li>15% des adultes souffrant d&rsquo;apn\u00e9e du sommeil b\u00e9n\u00e9ficient d&rsquo;une analyse du sommeil (Source : Institut de veille sanitaire, 2012)<\/li>\n<li>16% de la population sont concern\u00e9s par l\u2019insomnie chronique (Source : INSERM)<\/li>\n<p><\/p>\n<\/ul>\n<p><\/p>\n<p><strong>Indications de la polysomnographie<\/strong><\/p>\n<p><\/p>\n<p>Recommandations et bonnes pratiques de la Soci\u00e9t\u00e9 fran\u00e7aise de recherche et m\u00e9decine du sommeil (SFRMS)<\/p>\n<p><\/p>\n<h4 class=\"wp-block-heading\">Signes cliniques nocturnes<\/h4>\n<p><\/p>\n<ul class=\"wp-block-list\"><p><\/p>\n<li>Ronflement<\/li>\n<p><\/p>\n<p><\/p>\n<li>Pauses respiratoires, respiration bruyante<\/li>\n<p><\/p>\n<p><\/p>\n<li>Sueurs nocturnes<\/li>\n<p><\/p>\n<p><\/p>\n<li>Respiration naso-buccale<\/li>\n<p><\/p>\n<p><\/p>\n<li>Enur\u00e9sies, nycturies<\/li>\n<p><\/p>\n<p><\/p>\n<li>Terreurs nocturnes<\/li>\n<p><\/p>\n<p><\/p>\n<li>Difficult\u00e9s \u00e0 s&rsquo;endormir<\/li>\n<p><\/p>\n<p><\/p>\n<li>R\u00e9veils nocturnes multiples<\/li>\n<p><\/p>\n<\/ul>\n<p><\/p>\n<h4 class=\"wp-block-heading\">Signes cliniques diurnes<\/h4>\n<p><\/p>\n<ul class=\"wp-block-list\"><p><\/p>\n<li>C\u00e9phal\u00e9es matinales (Maux de t\u00eate)<\/li>\n<p><\/p>\n<p><\/p>\n<li>Somnolence diurne<\/li>\n<p><\/p>\n<p><\/p>\n<li>Hypertension art\u00e9rielle<\/li>\n<p><\/p>\n<p><\/p>\n<li>Troubles du comportement (agressivit\u00e9, hyperactivit\u00e9, troubles de l&rsquo;attention, troubles de la m\u00e9moire)<\/li>\n<p><\/p>\n<\/ul>\n<p><\/p>\n<h4 class=\"wp-block-heading\">Test obligatoire de maintien de l&rsquo;\u00e9veil, pour les demandes de permis du groupe 2<\/h4>\n<p><\/p>\n<p>Personnes exer\u00e7ant l&rsquo;une des fonctions suivantes :<\/p>\n<p><\/p>\n<ul class=\"wp-block-list\"><p><\/p>\n<li>Chauffeur de poids lourds<\/li>\n<p><\/p>\n<p><\/p>\n<li>Chauffeur de transports en commun<\/li>\n<p><\/p>\n<p><\/p>\n<li>Chauffeur de taxi<\/li>\n<p><\/p>\n<p><\/p>\n<li>Chauffeur pour la location d&rsquo;un v\u00e9hicule avec chauffeur<\/li>\n<p><\/p>\n<p><\/p>\n<li>Transport r\u00e9mun\u00e9r\u00e9 d&rsquo;\u00e9l\u00e8ves<\/li>\n<p><\/p>\n<p><\/p>\n<li>Services d&rsquo;ambulance<\/li>\n<p><\/p>\n<p><\/p>\n<li>Instructeur d&rsquo;auto-\u00e9cole<\/li>\n<\/ul>\n<p>Cas particulier : chauffeur ayant une apn\u00e9e du sommeil trait\u00e9e<br><br><\/p>\n<ul style=\"margin-bottom: var(--theme-content-spacing); font-size: 16px; text-align: start; list-style-type: var(--theme-list-style-type, disc); padding-inline-start: var(--theme-list-indent);\">\n<li>Obligation de valider un test de maintien d&rsquo;\u00e9veil apr\u00e8s un mois de traitement afin de reprendre le travail<\/li>\n<\/ul>\n<ul>\n<p><\/p>\n<\/ul>\n<p><\/p>\n<p><\/p>\n<p>Que mesure une polysomnographie&nbsp; ?<\/p>\n<p><\/p>\n<figure><img decoding=\"async\" src=\"https:\/\/bioserenity.com\/wp-content\/uploads\/2024\/04\/PSG-EN-1024x509.png\" alt=\"\"><\/figure>\n<p><\/p>\n<p><\/p>\n<p><\/p>\n<p><strong>Interpr\u00e9tation<\/strong> et <strong>r\u00e9alisation de<\/strong>&nbsp;PSG et de tests de la vigilance, seuls ou combin\u00e9s<\/p><p>D\u00c9TAIL DES ACTES R\u00c9ALIS\u00c9S PAR SOMNOPHY<\/p><ul>\n<li>AMQP009 \u00c9valuation diurne de la vigilance ou de l\u2019endormissement par \u00e9preuves it\u00e9ratives<\/li>\n<li>AMQP010 Polysomnographie de 4 \u00e0 8 heures, sans enregistrement vid\u00e9o<\/li>\n<li>AMQP011 Polysomnographie de 4 \u00e0 8 heures, avec enregistrement vid\u00e9o<\/li>\n<li>AMQP012&nbsp;Polysomnographie de 8 \u00e0 12 heures, sans enregistrement vid\u00e9o<\/li>\n<li>AMQP013 Polysomnographie de 8 \u00e0 12 heures, avec enregistrement vid\u00e9o<\/li>\n<li>AMQP014 Polysomnographie de 12 \u00e0 24 heures, sans enregistrement vid\u00e9o<\/li>\n<li>AMQP015 Polysomnographie de 12 \u00e0 24 heures, avec enregistrement vid\u00e9o<\/li>\n<\/ul>\n<ul>\n<p><\/p>\n<\/ul>\n<p><!-- \/wp:post-content --><\/p>","protected":false},"excerpt":{"rendered":"<p>Somnophy propose la r\u00e9alisation et l&rsquo;interpr\u00e9tation \u00e0 distance de polysomnographies (PSG) Somnophy est une plateforme d&rsquo;interpr\u00e9tation \u00e0 distance , d\u00e9velopp\u00e9e par BIOSerenity, mise \u00e0 la disposition des unit\u00e9s de sommeil, des m\u00e9decins et des techniciens \u00e0 la recherche d&rsquo;une solution innovante d&rsquo;interpr\u00e9tation \u00e0 distance. Nos techniciens et nos m\u00e9decins partenaires scorent (\u00e9valuent) et interpr\u00e8tent les [&hellip;]<\/p>\n","protected":false},"author":15,"featured_media":0,"parent":0,"menu_order":0,"comment_status":"closed","ping_status":"closed","template":"","meta":{"footnotes":""},"class_list":["post-3507","page","type-page","status-publish","hentry"],"blocksy_meta":[],"yoast_head":"<!-- This site is optimized with the Yoast SEO Premium plugin v27.4 (Yoast SEO v27.4) - https:\/\/yoast.com\/product\/yoast-seo-premium-wordpress\/ -->\n<title>Somnophy - BioSerenity<\/title>\n<meta name=\"robots\" content=\"index, follow, max-snippet:-1, max-image-preview:large, max-video-preview:-1\" \/>\n<link rel=\"canonical\" href=\"https:\/\/bioserenity.com\/fr\/somnophy\/\" \/>\n<meta property=\"og:locale\" content=\"fr_FR\" \/>\n<meta property=\"og:type\" content=\"article\" \/>\n<meta property=\"og:title\" content=\"Somnophy\" \/>\n<meta property=\"og:description\" content=\"Somnophy propose la r\u00e9alisation et l&rsquo;interpr\u00e9tation \u00e0 distance de polysomnographies (PSG) Somnophy est une plateforme d&rsquo;interpr\u00e9tation \u00e0 distance , d\u00e9velopp\u00e9e par BIOSerenity, mise \u00e0 la disposition des unit\u00e9s de sommeil, des m\u00e9decins et des techniciens \u00e0 la recherche d&rsquo;une solution innovante d&rsquo;interpr\u00e9tation \u00e0 distance. Nos techniciens et nos m\u00e9decins partenaires scorent (\u00e9valuent) et interpr\u00e8tent les [&hellip;]\" \/>\n<meta property=\"og:url\" content=\"https:\/\/bioserenity.com\/fr\/somnophy\/\" \/>\n<meta property=\"og:site_name\" content=\"BioSerenity\" \/>\n<meta property=\"article:modified_time\" content=\"2025-10-02T10:43:39+00:00\" \/>\n<meta property=\"og:image\" content=\"https:\/\/bioserenity.com\/wp-content\/uploads\/2024\/04\/PSG-EN-1024x509.png\" \/>\n<meta name=\"twitter:card\" content=\"summary_large_image\" \/>\n<meta name=\"twitter:label1\" content=\"Dur\u00e9e de lecture estim\u00e9e\" \/>\n\t<meta name=\"twitter:data1\" content=\"3 minutes\" \/>\n<script type=\"application\/ld+json\" class=\"yoast-schema-graph\">{\"@context\":\"https:\\\/\\\/schema.org\",\"@graph\":[{\"@type\":\"WebPage\",\"@id\":\"https:\\\/\\\/bioserenity.com\\\/fr\\\/somnophy\\\/\",\"url\":\"https:\\\/\\\/bioserenity.com\\\/fr\\\/somnophy\\\/\",\"name\":\"Somnophy - BioSerenity\",\"isPartOf\":{\"@id\":\"https:\\\/\\\/bioserenity.com\\\/fr\\\/#website\"},\"primaryImageOfPage\":{\"@id\":\"https:\\\/\\\/bioserenity.com\\\/fr\\\/somnophy\\\/#primaryimage\"},\"image\":{\"@id\":\"https:\\\/\\\/bioserenity.com\\\/fr\\\/somnophy\\\/#primaryimage\"},\"thumbnailUrl\":\"https:\\\/\\\/bioserenity.com\\\/wp-content\\\/uploads\\\/2024\\\/04\\\/PSG-EN-1024x509.png\",\"datePublished\":\"2024-04-04T12:10:00+00:00\",\"dateModified\":\"2025-10-02T10:43:39+00:00\",\"breadcrumb\":{\"@id\":\"https:\\\/\\\/bioserenity.com\\\/fr\\\/somnophy\\\/#breadcrumb\"},\"inLanguage\":\"fr-FR\",\"potentialAction\":[{\"@type\":\"ReadAction\",\"target\":[\"https:\\\/\\\/bioserenity.com\\\/fr\\\/somnophy\\\/\"]}]},{\"@type\":\"ImageObject\",\"inLanguage\":\"fr-FR\",\"@id\":\"https:\\\/\\\/bioserenity.com\\\/fr\\\/somnophy\\\/#primaryimage\",\"url\":\"https:\\\/\\\/bioserenity.com\\\/wp-content\\\/uploads\\\/2024\\\/04\\\/PSG-EN-1024x509.png\",\"contentUrl\":\"https:\\\/\\\/bioserenity.com\\\/wp-content\\\/uploads\\\/2024\\\/04\\\/PSG-EN-1024x509.png\"},{\"@type\":\"BreadcrumbList\",\"@id\":\"https:\\\/\\\/bioserenity.com\\\/fr\\\/somnophy\\\/#breadcrumb\",\"itemListElement\":[{\"@type\":\"ListItem\",\"position\":1,\"name\":\"Home\",\"item\":\"https:\\\/\\\/bioserenity.com\\\/fr\\\/accueil\\\/\"},{\"@type\":\"ListItem\",\"position\":2,\"name\":\"Somnophy\"}]},{\"@type\":\"WebSite\",\"@id\":\"https:\\\/\\\/bioserenity.com\\\/fr\\\/#website\",\"url\":\"https:\\\/\\\/bioserenity.com\\\/fr\\\/\",\"name\":\"BioSerenity\",\"description\":\"Connected &amp; Integrated Neurosciences. Brain monitoring &amp; remote diagnostic\",\"publisher\":{\"@id\":\"https:\\\/\\\/bioserenity.com\\\/fr\\\/#organization\"},\"potentialAction\":[{\"@type\":\"SearchAction\",\"target\":{\"@type\":\"EntryPoint\",\"urlTemplate\":\"https:\\\/\\\/bioserenity.com\\\/fr\\\/?s={search_term_string}\"},\"query-input\":{\"@type\":\"PropertyValueSpecification\",\"valueRequired\":true,\"valueName\":\"search_term_string\"}}],\"inLanguage\":\"fr-FR\"},{\"@type\":\"Organization\",\"@id\":\"https:\\\/\\\/bioserenity.com\\\/fr\\\/#organization\",\"name\":\"BioSerenity\",\"url\":\"https:\\\/\\\/bioserenity.com\\\/fr\\\/\",\"logo\":{\"@type\":\"ImageObject\",\"inLanguage\":\"fr-FR\",\"@id\":\"https:\\\/\\\/bioserenity.com\\\/fr\\\/#\\\/schema\\\/logo\\\/image\\\/\",\"url\":\"https:\\\/\\\/bioserenity.com\\\/wp-content\\\/uploads\\\/2023\\\/05\\\/logo_bioserenity_BORDEAUX-600-o.png\",\"contentUrl\":\"https:\\\/\\\/bioserenity.com\\\/wp-content\\\/uploads\\\/2023\\\/05\\\/logo_bioserenity_BORDEAUX-600-o.png\",\"width\":600,\"height\":170,\"caption\":\"BioSerenity\"},\"image\":{\"@id\":\"https:\\\/\\\/bioserenity.com\\\/fr\\\/#\\\/schema\\\/logo\\\/image\\\/\"},\"sameAs\":[\"https:\\\/\\\/www.linkedin.com\\\/company\\\/bioserenity\\\/\",\"https:\\\/\\\/www.youtube.com\\\/@bioserenity9854\"],\"description\":\"BIOSerenity, founded in 2014, is the French leader in electrophysiological diagnostics, performing more than 45,000 EEGs (electroencephalograms), 8,000 PSGs (polysomnographies), and 5,000 ECGs (electrocardiograms) each year. Its offering combines medical devices, a software platform, and AI algorithms, all designed and produced in France, integrated into an ecosystem of services for the benefit of physicians and patients. This unique end-to-end solution enables complex examinations to be performed and provides remote interpretation of signals in a timely manner, contributing to faster and more reliable clinical decisions. As an expert in neurology, BIOSerenity has developed the Large Brain Model (LBM), a foundation model trained on more than ten years of EEG recordings. This database and AI platform give rise to decision support tools that improve the quality and speed of interpretation. Among its flagship services, the long-term (72-hour) home EEG, unique in France, speeds up access to diagnosis when hospital slots are hardly available. In sleep medicine, BIOSerenity relies on a network of dedicated centers and specialized medical and paramedical teams to accelerate the diagnosis of sleep disorders and optimize patient referral. This vertical integration - devices, software, AI, and medical services - supports continuous improvement in the care pathway, as well as faster and more reliable diagnosis.\",\"email\":\"contact@bioserenity.com\",\"legalName\":\"BIOSERENITY\",\"numberOfEmployees\":{\"@type\":\"QuantitativeValue\",\"minValue\":\"201\",\"maxValue\":\"500\"}}]}<\/script>\n<!-- \/ Yoast SEO Premium plugin. -->","yoast_head_json":{"title":"Somnophy - BioSerenity","robots":{"index":"index","follow":"follow","max-snippet":"max-snippet:-1","max-image-preview":"max-image-preview:large","max-video-preview":"max-video-preview:-1"},"canonical":"https:\/\/bioserenity.com\/fr\/somnophy\/","og_locale":"fr_FR","og_type":"article","og_title":"Somnophy","og_description":"Somnophy propose la r\u00e9alisation et l&rsquo;interpr\u00e9tation \u00e0 distance de polysomnographies (PSG) Somnophy est une plateforme d&rsquo;interpr\u00e9tation \u00e0 distance , d\u00e9velopp\u00e9e par BIOSerenity, mise \u00e0 la disposition des unit\u00e9s de sommeil, des m\u00e9decins et des techniciens \u00e0 la recherche d&rsquo;une solution innovante d&rsquo;interpr\u00e9tation \u00e0 distance. Nos techniciens et nos m\u00e9decins partenaires scorent (\u00e9valuent) et interpr\u00e8tent les [&hellip;]","og_url":"https:\/\/bioserenity.com\/fr\/somnophy\/","og_site_name":"BioSerenity","article_modified_time":"2025-10-02T10:43:39+00:00","og_image":[{"url":"https:\/\/bioserenity.com\/wp-content\/uploads\/2024\/04\/PSG-EN-1024x509.png","type":"","width":"","height":""}],"twitter_card":"summary_large_image","twitter_misc":{"Dur\u00e9e de lecture estim\u00e9e":"3 minutes"},"schema":{"@context":"https:\/\/schema.org","@graph":[{"@type":"WebPage","@id":"https:\/\/bioserenity.com\/fr\/somnophy\/","url":"https:\/\/bioserenity.com\/fr\/somnophy\/","name":"Somnophy - BioSerenity","isPartOf":{"@id":"https:\/\/bioserenity.com\/fr\/#website"},"primaryImageOfPage":{"@id":"https:\/\/bioserenity.com\/fr\/somnophy\/#primaryimage"},"image":{"@id":"https:\/\/bioserenity.com\/fr\/somnophy\/#primaryimage"},"thumbnailUrl":"https:\/\/bioserenity.com\/wp-content\/uploads\/2024\/04\/PSG-EN-1024x509.png","datePublished":"2024-04-04T12:10:00+00:00","dateModified":"2025-10-02T10:43:39+00:00","breadcrumb":{"@id":"https:\/\/bioserenity.com\/fr\/somnophy\/#breadcrumb"},"inLanguage":"fr-FR","potentialAction":[{"@type":"ReadAction","target":["https:\/\/bioserenity.com\/fr\/somnophy\/"]}]},{"@type":"ImageObject","inLanguage":"fr-FR","@id":"https:\/\/bioserenity.com\/fr\/somnophy\/#primaryimage","url":"https:\/\/bioserenity.com\/wp-content\/uploads\/2024\/04\/PSG-EN-1024x509.png","contentUrl":"https:\/\/bioserenity.com\/wp-content\/uploads\/2024\/04\/PSG-EN-1024x509.png"},{"@type":"BreadcrumbList","@id":"https:\/\/bioserenity.com\/fr\/somnophy\/#breadcrumb","itemListElement":[{"@type":"ListItem","position":1,"name":"Home","item":"https:\/\/bioserenity.com\/fr\/accueil\/"},{"@type":"ListItem","position":2,"name":"Somnophy"}]},{"@type":"WebSite","@id":"https:\/\/bioserenity.com\/fr\/#website","url":"https:\/\/bioserenity.com\/fr\/","name":"BioSerenity","description":"Connected &amp; Integrated Neurosciences. Brain monitoring &amp; remote diagnostic","publisher":{"@id":"https:\/\/bioserenity.com\/fr\/#organization"},"potentialAction":[{"@type":"SearchAction","target":{"@type":"EntryPoint","urlTemplate":"https:\/\/bioserenity.com\/fr\/?s={search_term_string}"},"query-input":{"@type":"PropertyValueSpecification","valueRequired":true,"valueName":"search_term_string"}}],"inLanguage":"fr-FR"},{"@type":"Organization","@id":"https:\/\/bioserenity.com\/fr\/#organization","name":"BioSerenity","url":"https:\/\/bioserenity.com\/fr\/","logo":{"@type":"ImageObject","inLanguage":"fr-FR","@id":"https:\/\/bioserenity.com\/fr\/#\/schema\/logo\/image\/","url":"https:\/\/bioserenity.com\/wp-content\/uploads\/2023\/05\/logo_bioserenity_BORDEAUX-600-o.png","contentUrl":"https:\/\/bioserenity.com\/wp-content\/uploads\/2023\/05\/logo_bioserenity_BORDEAUX-600-o.png","width":600,"height":170,"caption":"BioSerenity"},"image":{"@id":"https:\/\/bioserenity.com\/fr\/#\/schema\/logo\/image\/"},"sameAs":["https:\/\/www.linkedin.com\/company\/bioserenity\/","https:\/\/www.youtube.com\/@bioserenity9854"],"description":"BIOSerenity, founded in 2014, is the French leader in electrophysiological diagnostics, performing more than 45,000 EEGs (electroencephalograms), 8,000 PSGs (polysomnographies), and 5,000 ECGs (electrocardiograms) each year. Its offering combines medical devices, a software platform, and AI algorithms, all designed and produced in France, integrated into an ecosystem of services for the benefit of physicians and patients. This unique end-to-end solution enables complex examinations to be performed and provides remote interpretation of signals in a timely manner, contributing to faster and more reliable clinical decisions. As an expert in neurology, BIOSerenity has developed the Large Brain Model (LBM), a foundation model trained on more than ten years of EEG recordings. This database and AI platform give rise to decision support tools that improve the quality and speed of interpretation. Among its flagship services, the long-term (72-hour) home EEG, unique in France, speeds up access to diagnosis when hospital slots are hardly available. In sleep medicine, BIOSerenity relies on a network of dedicated centers and specialized medical and paramedical teams to accelerate the diagnosis of sleep disorders and optimize patient referral. This vertical integration - devices, software, AI, and medical services - supports continuous improvement in the care pathway, as well as faster and more reliable diagnosis.","email":"contact@bioserenity.com","legalName":"BIOSERENITY","numberOfEmployees":{"@type":"QuantitativeValue","minValue":"201","maxValue":"500"}}]}},"_links":{"self":[{"href":"https:\/\/bioserenity.com\/fr\/wp-json\/wp\/v2\/pages\/3507","targetHints":{"allow":["GET"]}}],"collection":[{"href":"https:\/\/bioserenity.com\/fr\/wp-json\/wp\/v2\/pages"}],"about":[{"href":"https:\/\/bioserenity.com\/fr\/wp-json\/wp\/v2\/types\/page"}],"author":[{"embeddable":true,"href":"https:\/\/bioserenity.com\/fr\/wp-json\/wp\/v2\/users\/15"}],"replies":[{"embeddable":true,"href":"https:\/\/bioserenity.com\/fr\/wp-json\/wp\/v2\/comments?post=3507"}],"version-history":[{"count":5,"href":"https:\/\/bioserenity.com\/fr\/wp-json\/wp\/v2\/pages\/3507\/revisions"}],"predecessor-version":[{"id":5857,"href":"https:\/\/bioserenity.com\/fr\/wp-json\/wp\/v2\/pages\/3507\/revisions\/5857"}],"wp:attachment":[{"href":"https:\/\/bioserenity.com\/fr\/wp-json\/wp\/v2\/media?parent=3507"}],"curies":[{"name":"wp","href":"https:\/\/api.w.org\/{rel}","templated":true}]}}