{"id":7556,"date":"2026-04-15T09:07:29","date_gmt":"2026-04-15T08:07:29","guid":{"rendered":"https:\/\/bioserenity.com\/?page_id=7556"},"modified":"2026-04-15T10:16:14","modified_gmt":"2026-04-15T09:16:14","slug":"impressum-2","status":"publish","type":"page","link":"https:\/\/bioserenity.com\/de\/impressum-2\/","title":{"rendered":"Impressum"},"content":{"rendered":"\t\t<div data-elementor-type=\"wp-page\" data-elementor-id=\"7556\" class=\"elementor elementor-7556\" data-elementor-post-type=\"page\">\n\t\t\t\t<div class=\"elementor-element elementor-element-d876e61 e-flex e-con-boxed e-con e-parent\" data-id=\"d876e61\" data-element_type=\"container\" data-e-type=\"container\">\n\t\t\t\t\t<div class=\"e-con-inner\">\n\t\t\t\t<div class=\"elementor-element elementor-element-e8fa5d5 elementor-widget elementor-widget-image\" data-id=\"e8fa5d5\" data-element_type=\"widget\" data-e-type=\"widget\" data-widget_type=\"image.default\">\n\t\t\t\t<div class=\"elementor-widget-container\">\n\t\t\t\t\t\t\t\t\t\t\t\t\t\t\t<img decoding=\"async\" width=\"300\" height=\"34\" src=\"https:\/\/bioserenity.com\/wp-content\/uploads\/2026\/04\/Fichier-1-300x34.png\" class=\"attachment-medium size-medium wp-image-7588\" alt=\"\" srcset=\"https:\/\/bioserenity.com\/wp-content\/uploads\/2026\/04\/Fichier-1-300x34.png 300w, https:\/\/bioserenity.com\/wp-content\/uploads\/2026\/04\/Fichier-1-1024x117.png 1024w, https:\/\/bioserenity.com\/wp-content\/uploads\/2026\/04\/Fichier-1-768x88.png 768w, https:\/\/bioserenity.com\/wp-content\/uploads\/2026\/04\/Fichier-1-1536x176.png 1536w, https:\/\/bioserenity.com\/wp-content\/uploads\/2026\/04\/Fichier-1-2048x234.png 2048w\" sizes=\"(max-width: 300px) 100vw, 300px\" \/>\t\t\t\t\t\t\t\t\t\t\t\t\t\t\t<\/div>\n\t\t\t\t<\/div>\n\t\t\t\t\t<\/div>\n\t\t\t\t<\/div>\n\t\t<div class=\"elementor-element elementor-element-6de0360d e-flex e-con-boxed e-con e-parent\" data-id=\"6de0360d\" data-element_type=\"container\" data-e-type=\"container\">\n\t\t\t\t\t<div class=\"e-con-inner\">\n\t\t\t\t<div class=\"elementor-element elementor-element-67181795 elementor-widget elementor-widget-text-editor\" data-id=\"67181795\" data-element_type=\"widget\" data-e-type=\"widget\" data-widget_type=\"text-editor.default\">\n\t\t\t\t<div class=\"elementor-widget-container\">\n\t\t\t\t\t\t\t\t\t<h1>Impressum<\/h1><p class=\"has-medium-font-size\"><strong>Informationen gem\u00e4\u00df \u00a7 5 Digitale Dienste Gesetz (DDG)<\/strong>:\u00a0<\/p><p class=\"has-small-font-size\">BIOSerenity GmbH\u00a0<\/p><p class=\"has-small-font-size\">c\/o\u00a0Beiten\u00a0Burkhardt Rechtsanwaltsgesellschaft mbH\u00a0<\/p><p class=\"has-small-font-size\">L\u00fctzowplatz\u00a010\u00a0<\/p><p class=\"has-small-font-size\">10785 Berlin\u00a0<\/p><p>Vertreten durch die Gesch\u00e4ftsf\u00fchrer Ingolf Rusch und Oliver\u00a0Auton\u00a0<\/p><p><strong>E-Mail:<\/strong>\u00a0<a id=\"mailto:contact-de@bioserenity.com\" href=\"mailto:contact-de@bioserenity.com\" type=\"mailto\">contact-de@bioserenity.com\u00a0<\/a><\/p><p><strong>Telefon: i<\/strong>m Aufbau\u00a0<\/p><p><strong>Registergericht:<\/strong> Amtsgericht Charlottenburg\u00a0\u00a0<\/p><p><strong>Registernummer: <\/strong>HRB 285638 B\u00a0<\/p><p><strong>USt-Identifikationsnummer\u00a0gem\u00e4\u00df \u00a7 27a UStG: <\/strong>in Beantragung\u00a0<\/p><p><strong>Verantwortlicher f\u00fcr die journalistisch-redaktionellen Inhalte gem\u00e4\u00df \u00a7 18 Abs. 2\u00a0Medienstaatsvertrag (MStV):<\/strong> Ingolf Rusch und Oliver\u00a0Auton\u00a0<\/p><h2><a href=\"https:\/\/bioserenity.com\/de\/datenschutzerklaerung\/\">Datenschutzerklaerung<\/a><\/h2>\t\t\t\t\t\t\t\t<\/div>\n\t\t\t\t<\/div>\n\t\t\t\t\t<\/div>\n\t\t\t\t<\/div>\n\t\t\t\t<\/div>\n\t\t","protected":false},"excerpt":{"rendered":"<p>Impressum Informationen gem\u00e4\u00df \u00a7 5 Digitale Dienste Gesetz (DDG):\u00a0 BIOSerenity GmbH\u00a0 c\/o\u00a0Beiten\u00a0Burkhardt Rechtsanwaltsgesellschaft mbH\u00a0 L\u00fctzowplatz\u00a010\u00a0 10785 Berlin\u00a0 Vertreten durch die Gesch\u00e4ftsf\u00fchrer Ingolf Rusch und Oliver\u00a0Auton\u00a0 E-Mail:\u00a0contact-de@bioserenity.com\u00a0 Telefon: im Aufbau\u00a0 Registergericht: Amtsgericht Charlottenburg\u00a0\u00a0 Registernummer: HRB 285638 B\u00a0 USt-Identifikationsnummer\u00a0gem\u00e4\u00df \u00a7 27a UStG: in Beantragung\u00a0 Verantwortlicher f\u00fcr die journalistisch-redaktionellen Inhalte gem\u00e4\u00df \u00a7 18 Abs. 2\u00a0Medienstaatsvertrag (MStV): Ingolf Rusch [&hellip;]<\/p>\n","protected":false},"author":16,"featured_media":0,"parent":0,"menu_order":0,"comment_status":"closed","ping_status":"closed","template":"elementor_canvas","meta":{"footnotes":""},"class_list":["post-7556","page","type-page","status-publish","hentry"],"blocksy_meta":{"disable_header":"yes","disable_footer":"yes","styles_descriptor":{"styles":{"desktop":"","tablet":"","mobile":""},"google_fonts":[],"version":6},"disable_featured_image":"yes","disable_share_box":"yes"},"yoast_head":"<!-- This site is optimized with the Yoast SEO Premium plugin v27.5 (Yoast SEO v27.5) - https:\/\/yoast.com\/product\/yoast-seo-premium-wordpress\/ -->\n<title>Impressum - BioSerenity<\/title>\n<meta name=\"robots\" content=\"index, follow, max-snippet:-1, max-image-preview:large, max-video-preview:-1\" \/>\n<link rel=\"canonical\" href=\"https:\/\/bioserenity.com\/de\/impressum-2\/\" \/>\n<meta property=\"og:locale\" content=\"de_DE\" \/>\n<meta property=\"og:type\" content=\"article\" \/>\n<meta property=\"og:title\" content=\"Impressum\" \/>\n<meta property=\"og:description\" content=\"Impressum Informationen gem\u00e4\u00df \u00a7 5 Digitale Dienste Gesetz (DDG):\u00a0 BIOSerenity GmbH\u00a0 c\/o\u00a0Beiten\u00a0Burkhardt Rechtsanwaltsgesellschaft mbH\u00a0 L\u00fctzowplatz\u00a010\u00a0 10785 Berlin\u00a0 Vertreten durch die Gesch\u00e4ftsf\u00fchrer Ingolf Rusch und Oliver\u00a0Auton\u00a0 E-Mail:\u00a0contact-de@bioserenity.com\u00a0 Telefon: im Aufbau\u00a0 Registergericht: Amtsgericht Charlottenburg\u00a0\u00a0 Registernummer: HRB 285638 B\u00a0 USt-Identifikationsnummer\u00a0gem\u00e4\u00df \u00a7 27a UStG: in Beantragung\u00a0 Verantwortlicher f\u00fcr die journalistisch-redaktionellen Inhalte gem\u00e4\u00df \u00a7 18 Abs. 2\u00a0Medienstaatsvertrag (MStV): Ingolf Rusch [&hellip;]\" \/>\n<meta property=\"og:url\" content=\"https:\/\/bioserenity.com\/de\/impressum-2\/\" \/>\n<meta property=\"og:site_name\" content=\"BioSerenity\" \/>\n<meta property=\"article:modified_time\" content=\"2026-04-15T09:16:14+00:00\" \/>\n<meta property=\"og:image\" content=\"https:\/\/bioserenity.com\/wp-content\/uploads\/2026\/04\/Fichier-1-300x34.png\" \/>\n<meta name=\"twitter:card\" content=\"summary_large_image\" \/>\n<meta name=\"twitter:label1\" content=\"Gesch\u00e4tzte Lesezeit\" \/>\n\t<meta name=\"twitter:data1\" content=\"1\u00a0Minute\" \/>\n<script type=\"application\/ld+json\" class=\"yoast-schema-graph\">{\"@context\":\"https:\\\/\\\/schema.org\",\"@graph\":[{\"@type\":\"WebPage\",\"@id\":\"https:\\\/\\\/bioserenity.com\\\/de\\\/impressum-2\\\/\",\"url\":\"https:\\\/\\\/bioserenity.com\\\/de\\\/impressum-2\\\/\",\"name\":\"Impressum - BioSerenity\",\"isPartOf\":{\"@id\":\"https:\\\/\\\/bioserenity.com\\\/de\\\/#website\"},\"primaryImageOfPage\":{\"@id\":\"https:\\\/\\\/bioserenity.com\\\/de\\\/impressum-2\\\/#primaryimage\"},\"image\":{\"@id\":\"https:\\\/\\\/bioserenity.com\\\/de\\\/impressum-2\\\/#primaryimage\"},\"thumbnailUrl\":\"https:\\\/\\\/bioserenity.com\\\/wp-content\\\/uploads\\\/2026\\\/04\\\/Fichier-1-300x34.png\",\"datePublished\":\"2026-04-15T08:07:29+00:00\",\"dateModified\":\"2026-04-15T09:16:14+00:00\",\"breadcrumb\":{\"@id\":\"https:\\\/\\\/bioserenity.com\\\/de\\\/impressum-2\\\/#breadcrumb\"},\"inLanguage\":\"de\",\"potentialAction\":[{\"@type\":\"ReadAction\",\"target\":[\"https:\\\/\\\/bioserenity.com\\\/de\\\/impressum-2\\\/\"]}]},{\"@type\":\"ImageObject\",\"inLanguage\":\"de\",\"@id\":\"https:\\\/\\\/bioserenity.com\\\/de\\\/impressum-2\\\/#primaryimage\",\"url\":\"https:\\\/\\\/bioserenity.com\\\/wp-content\\\/uploads\\\/2026\\\/04\\\/Fichier-1-300x34.png\",\"contentUrl\":\"https:\\\/\\\/bioserenity.com\\\/wp-content\\\/uploads\\\/2026\\\/04\\\/Fichier-1-300x34.png\"},{\"@type\":\"BreadcrumbList\",\"@id\":\"https:\\\/\\\/bioserenity.com\\\/de\\\/impressum-2\\\/#breadcrumb\",\"itemListElement\":[{\"@type\":\"ListItem\",\"position\":1,\"name\":\"Home\",\"item\":\"https:\\\/\\\/bioserenity.com\\\/de\\\/startseite\\\/\"},{\"@type\":\"ListItem\",\"position\":2,\"name\":\"Impressum\"}]},{\"@type\":\"WebSite\",\"@id\":\"https:\\\/\\\/bioserenity.com\\\/de\\\/#website\",\"url\":\"https:\\\/\\\/bioserenity.com\\\/de\\\/\",\"name\":\"BioSerenity\",\"description\":\"Connected &amp; Integrated Neurosciences. Brain monitoring &amp; remote diagnostic\",\"publisher\":{\"@id\":\"https:\\\/\\\/bioserenity.com\\\/de\\\/#organization\"},\"potentialAction\":[{\"@type\":\"SearchAction\",\"target\":{\"@type\":\"EntryPoint\",\"urlTemplate\":\"https:\\\/\\\/bioserenity.com\\\/de\\\/?s={search_term_string}\"},\"query-input\":{\"@type\":\"PropertyValueSpecification\",\"valueRequired\":true,\"valueName\":\"search_term_string\"}}],\"inLanguage\":\"de\"},{\"@type\":\"Organization\",\"@id\":\"https:\\\/\\\/bioserenity.com\\\/de\\\/#organization\",\"name\":\"BioSerenity\",\"url\":\"https:\\\/\\\/bioserenity.com\\\/de\\\/\",\"logo\":{\"@type\":\"ImageObject\",\"inLanguage\":\"de\",\"@id\":\"https:\\\/\\\/bioserenity.com\\\/de\\\/#\\\/schema\\\/logo\\\/image\\\/\",\"url\":\"https:\\\/\\\/bioserenity.com\\\/wp-content\\\/uploads\\\/2023\\\/05\\\/logo_bioserenity_BORDEAUX-600-o.png\",\"contentUrl\":\"https:\\\/\\\/bioserenity.com\\\/wp-content\\\/uploads\\\/2023\\\/05\\\/logo_bioserenity_BORDEAUX-600-o.png\",\"width\":600,\"height\":170,\"caption\":\"BioSerenity\"},\"image\":{\"@id\":\"https:\\\/\\\/bioserenity.com\\\/de\\\/#\\\/schema\\\/logo\\\/image\\\/\"},\"sameAs\":[\"https:\\\/\\\/www.linkedin.com\\\/company\\\/bioserenity\\\/\",\"https:\\\/\\\/www.youtube.com\\\/@bioserenity9854\"],\"description\":\"BIOSerenity, founded in 2014, is the French leader in electrophysiological diagnostics, performing more than 45,000 EEGs (electroencephalograms), 8,000 PSGs (polysomnographies), and 5,000 ECGs (electrocardiograms) each year. Its offering combines medical devices, a software platform, and AI algorithms, all designed and produced in France, integrated into an ecosystem of services for the benefit of physicians and patients. This unique end-to-end solution enables complex examinations to be performed and provides remote interpretation of signals in a timely manner, contributing to faster and more reliable clinical decisions. As an expert in neurology, BIOSerenity has developed the Large Brain Model (LBM), a foundation model trained on more than ten years of EEG recordings. This database and AI platform give rise to decision support tools that improve the quality and speed of interpretation. Among its flagship services, the long-term (72-hour) home EEG, unique in France, speeds up access to diagnosis when hospital slots are hardly available. In sleep medicine, BIOSerenity relies on a network of dedicated centers and specialized medical and paramedical teams to accelerate the diagnosis of sleep disorders and optimize patient referral. This vertical integration - devices, software, AI, and medical services - supports continuous improvement in the care pathway, as well as faster and more reliable diagnosis.\",\"email\":\"contact@bioserenity.com\",\"legalName\":\"BIOSERENITY\",\"numberOfEmployees\":{\"@type\":\"QuantitativeValue\",\"minValue\":\"201\",\"maxValue\":\"500\"}}]}<\/script>\n<!-- \/ Yoast SEO Premium plugin. -->","yoast_head_json":{"title":"Impressum - BioSerenity","robots":{"index":"index","follow":"follow","max-snippet":"max-snippet:-1","max-image-preview":"max-image-preview:large","max-video-preview":"max-video-preview:-1"},"canonical":"https:\/\/bioserenity.com\/de\/impressum-2\/","og_locale":"de_DE","og_type":"article","og_title":"Impressum","og_description":"Impressum Informationen gem\u00e4\u00df \u00a7 5 Digitale Dienste Gesetz (DDG):\u00a0 BIOSerenity GmbH\u00a0 c\/o\u00a0Beiten\u00a0Burkhardt Rechtsanwaltsgesellschaft mbH\u00a0 L\u00fctzowplatz\u00a010\u00a0 10785 Berlin\u00a0 Vertreten durch die Gesch\u00e4ftsf\u00fchrer Ingolf Rusch und Oliver\u00a0Auton\u00a0 E-Mail:\u00a0contact-de@bioserenity.com\u00a0 Telefon: im Aufbau\u00a0 Registergericht: Amtsgericht Charlottenburg\u00a0\u00a0 Registernummer: HRB 285638 B\u00a0 USt-Identifikationsnummer\u00a0gem\u00e4\u00df \u00a7 27a UStG: in Beantragung\u00a0 Verantwortlicher f\u00fcr die journalistisch-redaktionellen Inhalte gem\u00e4\u00df \u00a7 18 Abs. 2\u00a0Medienstaatsvertrag (MStV): Ingolf Rusch [&hellip;]","og_url":"https:\/\/bioserenity.com\/de\/impressum-2\/","og_site_name":"BioSerenity","article_modified_time":"2026-04-15T09:16:14+00:00","og_image":[{"url":"https:\/\/bioserenity.com\/wp-content\/uploads\/2026\/04\/Fichier-1-300x34.png","type":"","width":"","height":""}],"twitter_card":"summary_large_image","twitter_misc":{"Gesch\u00e4tzte Lesezeit":"1\u00a0Minute"},"schema":{"@context":"https:\/\/schema.org","@graph":[{"@type":"WebPage","@id":"https:\/\/bioserenity.com\/de\/impressum-2\/","url":"https:\/\/bioserenity.com\/de\/impressum-2\/","name":"Impressum - BioSerenity","isPartOf":{"@id":"https:\/\/bioserenity.com\/de\/#website"},"primaryImageOfPage":{"@id":"https:\/\/bioserenity.com\/de\/impressum-2\/#primaryimage"},"image":{"@id":"https:\/\/bioserenity.com\/de\/impressum-2\/#primaryimage"},"thumbnailUrl":"https:\/\/bioserenity.com\/wp-content\/uploads\/2026\/04\/Fichier-1-300x34.png","datePublished":"2026-04-15T08:07:29+00:00","dateModified":"2026-04-15T09:16:14+00:00","breadcrumb":{"@id":"https:\/\/bioserenity.com\/de\/impressum-2\/#breadcrumb"},"inLanguage":"de","potentialAction":[{"@type":"ReadAction","target":["https:\/\/bioserenity.com\/de\/impressum-2\/"]}]},{"@type":"ImageObject","inLanguage":"de","@id":"https:\/\/bioserenity.com\/de\/impressum-2\/#primaryimage","url":"https:\/\/bioserenity.com\/wp-content\/uploads\/2026\/04\/Fichier-1-300x34.png","contentUrl":"https:\/\/bioserenity.com\/wp-content\/uploads\/2026\/04\/Fichier-1-300x34.png"},{"@type":"BreadcrumbList","@id":"https:\/\/bioserenity.com\/de\/impressum-2\/#breadcrumb","itemListElement":[{"@type":"ListItem","position":1,"name":"Home","item":"https:\/\/bioserenity.com\/de\/startseite\/"},{"@type":"ListItem","position":2,"name":"Impressum"}]},{"@type":"WebSite","@id":"https:\/\/bioserenity.com\/de\/#website","url":"https:\/\/bioserenity.com\/de\/","name":"BioSerenity","description":"Connected &amp; Integrated Neurosciences. Brain monitoring &amp; remote diagnostic","publisher":{"@id":"https:\/\/bioserenity.com\/de\/#organization"},"potentialAction":[{"@type":"SearchAction","target":{"@type":"EntryPoint","urlTemplate":"https:\/\/bioserenity.com\/de\/?s={search_term_string}"},"query-input":{"@type":"PropertyValueSpecification","valueRequired":true,"valueName":"search_term_string"}}],"inLanguage":"de"},{"@type":"Organization","@id":"https:\/\/bioserenity.com\/de\/#organization","name":"BioSerenity","url":"https:\/\/bioserenity.com\/de\/","logo":{"@type":"ImageObject","inLanguage":"de","@id":"https:\/\/bioserenity.com\/de\/#\/schema\/logo\/image\/","url":"https:\/\/bioserenity.com\/wp-content\/uploads\/2023\/05\/logo_bioserenity_BORDEAUX-600-o.png","contentUrl":"https:\/\/bioserenity.com\/wp-content\/uploads\/2023\/05\/logo_bioserenity_BORDEAUX-600-o.png","width":600,"height":170,"caption":"BioSerenity"},"image":{"@id":"https:\/\/bioserenity.com\/de\/#\/schema\/logo\/image\/"},"sameAs":["https:\/\/www.linkedin.com\/company\/bioserenity\/","https:\/\/www.youtube.com\/@bioserenity9854"],"description":"BIOSerenity, founded in 2014, is the French leader in electrophysiological diagnostics, performing more than 45,000 EEGs (electroencephalograms), 8,000 PSGs (polysomnographies), and 5,000 ECGs (electrocardiograms) each year. Its offering combines medical devices, a software platform, and AI algorithms, all designed and produced in France, integrated into an ecosystem of services for the benefit of physicians and patients. This unique end-to-end solution enables complex examinations to be performed and provides remote interpretation of signals in a timely manner, contributing to faster and more reliable clinical decisions. As an expert in neurology, BIOSerenity has developed the Large Brain Model (LBM), a foundation model trained on more than ten years of EEG recordings. This database and AI platform give rise to decision support tools that improve the quality and speed of interpretation. Among its flagship services, the long-term (72-hour) home EEG, unique in France, speeds up access to diagnosis when hospital slots are hardly available. In sleep medicine, BIOSerenity relies on a network of dedicated centers and specialized medical and paramedical teams to accelerate the diagnosis of sleep disorders and optimize patient referral. This vertical integration - devices, software, AI, and medical services - supports continuous improvement in the care pathway, as well as faster and more reliable diagnosis.","email":"contact@bioserenity.com","legalName":"BIOSERENITY","numberOfEmployees":{"@type":"QuantitativeValue","minValue":"201","maxValue":"500"}}]}},"_links":{"self":[{"href":"https:\/\/bioserenity.com\/de\/wp-json\/wp\/v2\/pages\/7556","targetHints":{"allow":["GET"]}}],"collection":[{"href":"https:\/\/bioserenity.com\/de\/wp-json\/wp\/v2\/pages"}],"about":[{"href":"https:\/\/bioserenity.com\/de\/wp-json\/wp\/v2\/types\/page"}],"author":[{"embeddable":true,"href":"https:\/\/bioserenity.com\/de\/wp-json\/wp\/v2\/users\/16"}],"replies":[{"embeddable":true,"href":"https:\/\/bioserenity.com\/de\/wp-json\/wp\/v2\/comments?post=7556"}],"version-history":[{"count":5,"href":"https:\/\/bioserenity.com\/de\/wp-json\/wp\/v2\/pages\/7556\/revisions"}],"predecessor-version":[{"id":7591,"href":"https:\/\/bioserenity.com\/de\/wp-json\/wp\/v2\/pages\/7556\/revisions\/7591"}],"wp:attachment":[{"href":"https:\/\/bioserenity.com\/de\/wp-json\/wp\/v2\/media?parent=7556"}],"curies":[{"name":"wp","href":"https:\/\/api.w.org\/{rel}","templated":true}]}}