{"id":6067,"date":"2025-10-23T16:09:24","date_gmt":"2025-10-23T15:09:24","guid":{"rendered":"https:\/\/bioserenity.com\/?page_id=6067"},"modified":"2025-10-23T16:09:24","modified_gmt":"2025-10-23T15:09:24","slug":"cookies-2","status":"publish","type":"page","link":"https:\/\/bioserenity.com\/de\/cookies-2\/","title":{"rendered":"Cookies"},"content":{"rendered":"\n<p>Wie wir Cookies verwenden<\/p>\n\n<p><strong>VON BIOSERENITY VERWENDETE COOKIE-RICHTLINIE<\/strong><\/p>\n\n<p><br\/><strong>ARTIKEL 1: WAS IST EIN COOKIE?<\/strong><br\/><strong><br\/><\/strong>Ein Cookie ist eine Datei, die auf der Festplatte Ihres Terminals gespeichert werden kann, wenn Sie die Website besuchen. Diese kleinen Dateien k\u00f6nnen z.B. die Sprache des Browsers, den Warenkorb und Ihre Pr\u00e4ferenzen enthalten.<br\/>Wir platzieren Cookies auf Ihren Endger\u00e4ten, um Ihnen das Surfen auf der Website unter optimalen Bedingungen zu erm\u00f6glichen und Ihre Pr\u00e4ferenzen wiederherzustellen, wenn Sie \u00fcber ihr \u00fcbliches Endger\u00e4t verbunden sind, oder um Statistiken zu erstellen.<\/p>\n\n<p><strong>ARTIKEL 2: COOKIES, DIE WIR AUF DER SITE VERWENDEN<br\/><\/strong><br\/> Wir verwenden Cookies:<\/p>\n\n<ul class=\"wp-block-list\">\n<li>Navigations-Cookies, die f\u00fcr das ordnungsgem\u00e4\u00dfe technische Funktionieren der Website erforderlich sind, da sie es uns erm\u00f6glichen, die Anzeige der Inhalte auf jedem Endger\u00e4t zu optimieren;<\/li>\n\n\n\n<li>Funktionale Cookies, die f\u00fcr das ordnungsgem\u00e4\u00dfe Funktionieren der Website nicht unbedingt erforderlich sind, aber die Erfahrung auf der Website optimieren, indem sie es erm\u00f6glichen, Informationen zu speichern, die sich auf ein Formular beziehen, das Sie auf der Website ausgef\u00fcllt haben, oder die Pr\u00e4sentation der Website anzupassen (insbesondere die verwendete Sprache, die Anzeigeaufl\u00f6sung);<\/li>\n\n\n\n<li>Analyse und Publikumsmessung, die es uns erm\u00f6glichen, die Surfgewohnheiten der Nutzer zu Optimierungszwecken zu verfolgen. BioSerenity verwendet Google Analytics, einen von Google bereitgestellten Webanalysedienst, um die Leistung der Website zu verbessern. Google Analytics verwendet die gesammelten Daten, insbesondere die Anzahl der Besucher, die Herkunft und die Einzelheiten der besuchten Seiten, um die Nutzung der Website zu \u00fcberwachen und zu untersuchen und um Berichte \u00fcber die Aktivit\u00e4ten zu erstellen. Die Datenschutzbestimmungen von Google finden Sie unter diesem Link. Die wichtigsten verwendeten Cookies sind folgende:  \n<ul class=\"wp-block-list\">\n<li>Art : Zweck<\/li>\n\n\n\n<li>GA: Unterscheidet zwischen einzelnen Besuchern der Website, indem jedem Besucher eine eindeutige Kennung zugewiesen wird<\/li>\n\n\n\n<li>GAT: Erm\u00f6glicht es Ihnen, die Anzahl der Anfragen zu begrenzen, um die Datenerfassung an stark frequentierten Standorten zu begrenzen.<\/li>\n\n\n\n<li>GID: Dient zur Unterscheidung zwischen Besuchern<\/li>\n\n\n\n<li>Gcl_au: Erm\u00f6glicht die Messung der Werbewirksamkeit<\/li>\n\n\n\n<li>1P_JAR, CONSENT, NID: Gruppe von Cookies, die zur Erstellung von Statistiken und zur Verfolgung von Konversionsraten verwendet werden.<\/li>\n<\/ul>\n<\/li>\n<\/ul>\n\n<p>BioSerenity verwendet auch &#8222;Pardot&#8220;-Cookies von Salesforce, um die Aktivit\u00e4ten auf der Website zu analysieren. Die Datenschutzrichtlinie von Salesforce finden Sie unter diesem Link. Es werden die folgenden Cookies verwendet:<\/p>\n\n<ul class=\"wp-block-list\">\n<li>Visitor_id &lt; accountid &gt; : Besucher-Cookie, das die Kennung eines Besuchers enth\u00e4lt<\/li>\n\n\n\n<li>Visitor_id &lt; accountid &gt; -hash : Besucher-Hash-Cookie. Dieses Cookie ist eine Sicherheitsma\u00dfnahme, um sicherzustellen, dass ein b\u00f6swilliger Benutzer nicht einen Pardot-Besucher simulieren und auf die entsprechenden Interessenteninformationen zugreifen kann.<\/li>\n\n\n\n<li>Pi_opt_in &lt; accountid &gt; : Erm\u00f6glicht es Ihnen, Pr\u00e4ferenzen f\u00fcr die Aktivierung der Besucherverfolgung festzulegen<\/li>\n\n\n\n<li>lpv &lt; accountid &gt; : Verhindert, dass Pardot jedes Mal mehrere Seiten verfolgt, wenn eine Seite innerhalb von 30 Minuten neu geladen wird  <\/li>\n\n\n\n<li>Pardot : Session-Cookie, das verwendet wird, wenn ein Benutzer auf ein Formular zugreift<br\/><\/li>\n<\/ul>\n\n<p>Sie k\u00f6nnen die Hinterlegung von Cookies auf Ihrem Endger\u00e4t akzeptieren oder ablehnen, indem Sie das zu diesem Zweck vorgesehene Banner verwenden, wenn Sie sich mit der Website verbinden.<br\/>Wir speichern keine Cookies, die es uns erm\u00f6glichen, Sie zur\u00fcckzuverfolgen oder IP-Adressen \u00fcber zw\u00f6lf (12) Monate nach der ersten Hinterlegung auf Ihrem Endger\u00e4t zu erhalten.<br\/>Sie k\u00f6nnen Cookies jederzeit \u00fcber Ihre Browsersoftware l\u00f6schen oder sie so konfigurieren, dass sie nicht auf Ihrem Endger\u00e4t gespeichert werden.<br\/>Bitte lesen Sie die Hilfedatei Ihres Browsers, um die entsprechende Konfiguration vorzunehmen. Das Surfen auf der Website ohne die Annahme von Cookies kann beeintr\u00e4chtigt sein.<\/p>\n\n<p><strong>ARTIKEL 3: VERKEHRSDATEN<\/strong><\/p>\n\n<p>Verkehrsdaten werden erzeugt, wenn Ihr Endger\u00e4t mit dem Internet und der Website verbunden ist.<\/p>\n\n<p>Diese Daten k\u00f6nnen zu statistischen Zwecken verwendet werden, um den Verkehr auf der Website zu analysieren und die Website zu verbessern, indem sie an Ihre Bed\u00fcrfnisse angepasst wird. BioSerenity verwendet niemals Verkehrsdaten mit Namen.<\/p>\n\n<p><br\/><\/p>\n","protected":false},"excerpt":{"rendered":"<p>Wie wir Cookies verwenden VON BIOSERENITY VERWENDETE COOKIE-RICHTLINIE ARTIKEL 1: WAS IST EIN COOKIE?Ein Cookie ist eine Datei, die auf der Festplatte Ihres Terminals gespeichert werden kann, wenn Sie die Website besuchen. Diese kleinen Dateien k\u00f6nnen z.B. die Sprache des Browsers, den Warenkorb und Ihre Pr\u00e4ferenzen enthalten.Wir platzieren Cookies auf Ihren Endger\u00e4ten, um Ihnen das [&hellip;]<\/p>\n","protected":false},"author":15,"featured_media":0,"parent":0,"menu_order":0,"comment_status":"closed","ping_status":"closed","template":"","meta":{"footnotes":""},"class_list":["post-6067","page","type-page","status-publish","hentry"],"blocksy_meta":[],"yoast_head":"<!-- This site is optimized with the Yoast SEO Premium plugin v27.4 (Yoast SEO v27.4) - https:\/\/yoast.com\/product\/yoast-seo-premium-wordpress\/ -->\n<title>Cookies - BioSerenity<\/title>\n<meta name=\"robots\" content=\"index, follow, max-snippet:-1, max-image-preview:large, max-video-preview:-1\" \/>\n<link rel=\"canonical\" href=\"https:\/\/bioserenity.com\/de\/cookies-2\/\" \/>\n<meta property=\"og:locale\" content=\"de_DE\" \/>\n<meta property=\"og:type\" content=\"article\" \/>\n<meta property=\"og:title\" content=\"Cookies\" \/>\n<meta property=\"og:description\" content=\"Wie wir Cookies verwenden VON BIOSERENITY VERWENDETE COOKIE-RICHTLINIE ARTIKEL 1: WAS IST EIN COOKIE?Ein Cookie ist eine Datei, die auf der Festplatte Ihres Terminals gespeichert werden kann, wenn Sie die Website besuchen. Diese kleinen Dateien k\u00f6nnen z.B. die Sprache des Browsers, den Warenkorb und Ihre Pr\u00e4ferenzen enthalten.Wir platzieren Cookies auf Ihren Endger\u00e4ten, um Ihnen das [&hellip;]\" \/>\n<meta property=\"og:url\" content=\"https:\/\/bioserenity.com\/de\/cookies-2\/\" \/>\n<meta property=\"og:site_name\" content=\"BioSerenity\" \/>\n<meta property=\"og:image\" content=\"https:\/\/bioserenity.com\/wp-content\/uploads\/2024\/03\/IceCap-BioSerenity.jpg\" \/>\n\t<meta property=\"og:image:width\" content=\"1920\" \/>\n\t<meta property=\"og:image:height\" content=\"912\" \/>\n\t<meta property=\"og:image:type\" content=\"image\/jpeg\" \/>\n<meta name=\"twitter:card\" content=\"summary_large_image\" \/>\n<meta name=\"twitter:label1\" content=\"Gesch\u00e4tzte Lesezeit\" \/>\n\t<meta name=\"twitter:data1\" content=\"3\u00a0Minuten\" \/>\n<script type=\"application\/ld+json\" class=\"yoast-schema-graph\">{\"@context\":\"https:\\\/\\\/schema.org\",\"@graph\":[{\"@type\":\"WebPage\",\"@id\":\"https:\\\/\\\/bioserenity.com\\\/de\\\/cookies-2\\\/\",\"url\":\"https:\\\/\\\/bioserenity.com\\\/de\\\/cookies-2\\\/\",\"name\":\"Cookies - BioSerenity\",\"isPartOf\":{\"@id\":\"https:\\\/\\\/bioserenity.com\\\/de\\\/#website\"},\"datePublished\":\"2025-10-23T15:09:24+00:00\",\"breadcrumb\":{\"@id\":\"https:\\\/\\\/bioserenity.com\\\/de\\\/cookies-2\\\/#breadcrumb\"},\"inLanguage\":\"de\",\"potentialAction\":[{\"@type\":\"ReadAction\",\"target\":[\"https:\\\/\\\/bioserenity.com\\\/de\\\/cookies-2\\\/\"]}]},{\"@type\":\"BreadcrumbList\",\"@id\":\"https:\\\/\\\/bioserenity.com\\\/de\\\/cookies-2\\\/#breadcrumb\",\"itemListElement\":[{\"@type\":\"ListItem\",\"position\":1,\"name\":\"Home\",\"item\":\"https:\\\/\\\/bioserenity.com\\\/de\\\/startseite\\\/\"},{\"@type\":\"ListItem\",\"position\":2,\"name\":\"Cookies\"}]},{\"@type\":\"WebSite\",\"@id\":\"https:\\\/\\\/bioserenity.com\\\/de\\\/#website\",\"url\":\"https:\\\/\\\/bioserenity.com\\\/de\\\/\",\"name\":\"BioSerenity\",\"description\":\"Connected &amp; Integrated Neurosciences. Brain monitoring &amp; remote diagnostic\",\"publisher\":{\"@id\":\"https:\\\/\\\/bioserenity.com\\\/de\\\/#organization\"},\"potentialAction\":[{\"@type\":\"SearchAction\",\"target\":{\"@type\":\"EntryPoint\",\"urlTemplate\":\"https:\\\/\\\/bioserenity.com\\\/de\\\/?s={search_term_string}\"},\"query-input\":{\"@type\":\"PropertyValueSpecification\",\"valueRequired\":true,\"valueName\":\"search_term_string\"}}],\"inLanguage\":\"de\"},{\"@type\":\"Organization\",\"@id\":\"https:\\\/\\\/bioserenity.com\\\/de\\\/#organization\",\"name\":\"BioSerenity\",\"url\":\"https:\\\/\\\/bioserenity.com\\\/de\\\/\",\"logo\":{\"@type\":\"ImageObject\",\"inLanguage\":\"de\",\"@id\":\"https:\\\/\\\/bioserenity.com\\\/de\\\/#\\\/schema\\\/logo\\\/image\\\/\",\"url\":\"https:\\\/\\\/bioserenity.com\\\/wp-content\\\/uploads\\\/2023\\\/05\\\/logo_bioserenity_BORDEAUX-600-o.png\",\"contentUrl\":\"https:\\\/\\\/bioserenity.com\\\/wp-content\\\/uploads\\\/2023\\\/05\\\/logo_bioserenity_BORDEAUX-600-o.png\",\"width\":600,\"height\":170,\"caption\":\"BioSerenity\"},\"image\":{\"@id\":\"https:\\\/\\\/bioserenity.com\\\/de\\\/#\\\/schema\\\/logo\\\/image\\\/\"},\"sameAs\":[\"https:\\\/\\\/www.linkedin.com\\\/company\\\/bioserenity\\\/\",\"https:\\\/\\\/www.youtube.com\\\/@bioserenity9854\"],\"description\":\"BIOSerenity, founded in 2014, is the French leader in electrophysiological diagnostics, performing more than 45,000 EEGs (electroencephalograms), 8,000 PSGs (polysomnographies), and 5,000 ECGs (electrocardiograms) each year. Its offering combines medical devices, a software platform, and AI algorithms, all designed and produced in France, integrated into an ecosystem of services for the benefit of physicians and patients. This unique end-to-end solution enables complex examinations to be performed and provides remote interpretation of signals in a timely manner, contributing to faster and more reliable clinical decisions. As an expert in neurology, BIOSerenity has developed the Large Brain Model (LBM), a foundation model trained on more than ten years of EEG recordings. This database and AI platform give rise to decision support tools that improve the quality and speed of interpretation. Among its flagship services, the long-term (72-hour) home EEG, unique in France, speeds up access to diagnosis when hospital slots are hardly available. In sleep medicine, BIOSerenity relies on a network of dedicated centers and specialized medical and paramedical teams to accelerate the diagnosis of sleep disorders and optimize patient referral. This vertical integration - devices, software, AI, and medical services - supports continuous improvement in the care pathway, as well as faster and more reliable diagnosis.\",\"email\":\"contact@bioserenity.com\",\"legalName\":\"BIOSERENITY\",\"numberOfEmployees\":{\"@type\":\"QuantitativeValue\",\"minValue\":\"201\",\"maxValue\":\"500\"}}]}<\/script>\n<!-- \/ Yoast SEO Premium plugin. -->","yoast_head_json":{"title":"Cookies - BioSerenity","robots":{"index":"index","follow":"follow","max-snippet":"max-snippet:-1","max-image-preview":"max-image-preview:large","max-video-preview":"max-video-preview:-1"},"canonical":"https:\/\/bioserenity.com\/de\/cookies-2\/","og_locale":"de_DE","og_type":"article","og_title":"Cookies","og_description":"Wie wir Cookies verwenden VON BIOSERENITY VERWENDETE COOKIE-RICHTLINIE ARTIKEL 1: WAS IST EIN COOKIE?Ein Cookie ist eine Datei, die auf der Festplatte Ihres Terminals gespeichert werden kann, wenn Sie die Website besuchen. Diese kleinen Dateien k\u00f6nnen z.B. die Sprache des Browsers, den Warenkorb und Ihre Pr\u00e4ferenzen enthalten.Wir platzieren Cookies auf Ihren Endger\u00e4ten, um Ihnen das [&hellip;]","og_url":"https:\/\/bioserenity.com\/de\/cookies-2\/","og_site_name":"BioSerenity","og_image":[{"width":1920,"height":912,"url":"https:\/\/bioserenity.com\/wp-content\/uploads\/2024\/03\/IceCap-BioSerenity.jpg","type":"image\/jpeg"}],"twitter_card":"summary_large_image","twitter_misc":{"Gesch\u00e4tzte Lesezeit":"3\u00a0Minuten"},"schema":{"@context":"https:\/\/schema.org","@graph":[{"@type":"WebPage","@id":"https:\/\/bioserenity.com\/de\/cookies-2\/","url":"https:\/\/bioserenity.com\/de\/cookies-2\/","name":"Cookies - BioSerenity","isPartOf":{"@id":"https:\/\/bioserenity.com\/de\/#website"},"datePublished":"2025-10-23T15:09:24+00:00","breadcrumb":{"@id":"https:\/\/bioserenity.com\/de\/cookies-2\/#breadcrumb"},"inLanguage":"de","potentialAction":[{"@type":"ReadAction","target":["https:\/\/bioserenity.com\/de\/cookies-2\/"]}]},{"@type":"BreadcrumbList","@id":"https:\/\/bioserenity.com\/de\/cookies-2\/#breadcrumb","itemListElement":[{"@type":"ListItem","position":1,"name":"Home","item":"https:\/\/bioserenity.com\/de\/startseite\/"},{"@type":"ListItem","position":2,"name":"Cookies"}]},{"@type":"WebSite","@id":"https:\/\/bioserenity.com\/de\/#website","url":"https:\/\/bioserenity.com\/de\/","name":"BioSerenity","description":"Connected &amp; Integrated Neurosciences. Brain monitoring &amp; remote diagnostic","publisher":{"@id":"https:\/\/bioserenity.com\/de\/#organization"},"potentialAction":[{"@type":"SearchAction","target":{"@type":"EntryPoint","urlTemplate":"https:\/\/bioserenity.com\/de\/?s={search_term_string}"},"query-input":{"@type":"PropertyValueSpecification","valueRequired":true,"valueName":"search_term_string"}}],"inLanguage":"de"},{"@type":"Organization","@id":"https:\/\/bioserenity.com\/de\/#organization","name":"BioSerenity","url":"https:\/\/bioserenity.com\/de\/","logo":{"@type":"ImageObject","inLanguage":"de","@id":"https:\/\/bioserenity.com\/de\/#\/schema\/logo\/image\/","url":"https:\/\/bioserenity.com\/wp-content\/uploads\/2023\/05\/logo_bioserenity_BORDEAUX-600-o.png","contentUrl":"https:\/\/bioserenity.com\/wp-content\/uploads\/2023\/05\/logo_bioserenity_BORDEAUX-600-o.png","width":600,"height":170,"caption":"BioSerenity"},"image":{"@id":"https:\/\/bioserenity.com\/de\/#\/schema\/logo\/image\/"},"sameAs":["https:\/\/www.linkedin.com\/company\/bioserenity\/","https:\/\/www.youtube.com\/@bioserenity9854"],"description":"BIOSerenity, founded in 2014, is the French leader in electrophysiological diagnostics, performing more than 45,000 EEGs (electroencephalograms), 8,000 PSGs (polysomnographies), and 5,000 ECGs (electrocardiograms) each year. Its offering combines medical devices, a software platform, and AI algorithms, all designed and produced in France, integrated into an ecosystem of services for the benefit of physicians and patients. This unique end-to-end solution enables complex examinations to be performed and provides remote interpretation of signals in a timely manner, contributing to faster and more reliable clinical decisions. As an expert in neurology, BIOSerenity has developed the Large Brain Model (LBM), a foundation model trained on more than ten years of EEG recordings. This database and AI platform give rise to decision support tools that improve the quality and speed of interpretation. Among its flagship services, the long-term (72-hour) home EEG, unique in France, speeds up access to diagnosis when hospital slots are hardly available. In sleep medicine, BIOSerenity relies on a network of dedicated centers and specialized medical and paramedical teams to accelerate the diagnosis of sleep disorders and optimize patient referral. This vertical integration - devices, software, AI, and medical services - supports continuous improvement in the care pathway, as well as faster and more reliable diagnosis.","email":"contact@bioserenity.com","legalName":"BIOSERENITY","numberOfEmployees":{"@type":"QuantitativeValue","minValue":"201","maxValue":"500"}}]}},"_links":{"self":[{"href":"https:\/\/bioserenity.com\/de\/wp-json\/wp\/v2\/pages\/6067","targetHints":{"allow":["GET"]}}],"collection":[{"href":"https:\/\/bioserenity.com\/de\/wp-json\/wp\/v2\/pages"}],"about":[{"href":"https:\/\/bioserenity.com\/de\/wp-json\/wp\/v2\/types\/page"}],"author":[{"embeddable":true,"href":"https:\/\/bioserenity.com\/de\/wp-json\/wp\/v2\/users\/15"}],"replies":[{"embeddable":true,"href":"https:\/\/bioserenity.com\/de\/wp-json\/wp\/v2\/comments?post=6067"}],"version-history":[{"count":1,"href":"https:\/\/bioserenity.com\/de\/wp-json\/wp\/v2\/pages\/6067\/revisions"}],"predecessor-version":[{"id":6073,"href":"https:\/\/bioserenity.com\/de\/wp-json\/wp\/v2\/pages\/6067\/revisions\/6073"}],"wp:attachment":[{"href":"https:\/\/bioserenity.com\/de\/wp-json\/wp\/v2\/media?parent=6067"}],"curies":[{"name":"wp","href":"https:\/\/api.w.org\/{rel}","templated":true}]}}