{"id":3735,"date":"2024-04-04T16:37:39","date_gmt":"2024-04-04T15:37:39","guid":{"rendered":"http:\/\/bioscom.onpressidium.com\/nutzungsbedingungen\/"},"modified":"2024-04-04T16:37:48","modified_gmt":"2024-04-04T15:37:48","slug":"nutzungsbedingungen","status":"publish","type":"page","link":"https:\/\/bioserenity.com\/de\/nutzungsbedingungen\/","title":{"rendered":"Nutzungsbedingungen"},"content":{"rendered":"\n<h2 class=\"wp-block-heading\">ALLGEMEINE BEDINGUNGEN F\u00dcR DIE NUTZUNG DER WEBSITE UND DER ANGEBOTENEN DIENSTE<\/h2>\n\n<p>Die Nutzung der Website <a href=\"http:\/\/www.group.bioserenity.com\/\" target=\"_blank\" rel=\"noreferrer noopener\">www.bioserenity.com<\/a> setzt die uneingeschr\u00e4nkte Zustimmung zu den nachstehend beschriebenen allgemeinen Nutzungsbedingungen voraus. Diese Nutzungsbedingungen k\u00f6nnen jederzeit ge\u00e4ndert oder erg\u00e4nzt werden; die Nutzer der Website <a href=\"http:\/\/www.group.bioserenity.com\/\" target=\"_blank\" rel=\"noreferrer noopener\">www.bioserenity.com<\/a> werden daher gebeten, sie regelm\u00e4\u00dfig zu konsultieren.<\/p>\n\n<p>Diese Website ist normalerweise jederzeit f\u00fcr die Nutzer zug\u00e4nglich. Eine Unterbrechung aufgrund von technischen Wartungsarbeiten kann jedoch von BioSerenity beschlossen werden, die sich dann bem\u00fchen wird, den Nutzern die Daten und Zeiten des Eingriffs vorher mitzuteilen.<\/p>\n\n<p>Die Website <a href=\"http:\/\/www.group.bioserenity.com\/\" target=\"_blank\" rel=\"noreferrer noopener\">www.bioserenity.com<\/a> wird von BioSerenity regelm\u00e4\u00dfig aktualisiert. Ebenso k\u00f6nnen die rechtlichen Hinweise jederzeit ge\u00e4ndert werden: Sie sind jedoch f\u00fcr den Nutzer verbindlich, der aufgefordert wird, sie so oft wie m\u00f6glich zu lesen, um sich mit ihnen vertraut zu machen.<\/p>\n\n<h2 class=\"wp-block-heading\">BESCHREIBUNG DER ANGEBOTENEN DIENSTLEISTUNGEN<\/h2>\n\n<p>Die Website <a href=\"http:\/\/www.group.bioserenity.com\/\" target=\"_blank\" rel=\"noreferrer noopener\">www.bioserenity.com<\/a> soll Informationen \u00fcber alle Aktivit\u00e4ten des Unternehmens liefern.<\/p>\n\n<p>BioSerenity ist bestrebt, die Informationen auf der Website <a href=\"http:\/\/www.group.bioserenity.com\/\" target=\"_blank\" rel=\"noreferrer noopener\">www.bioserenity.com<\/a> so genau wie m\u00f6glich zu halten. Sie kann jedoch nicht f\u00fcr Auslassungen, Ungenauigkeiten und Unzul\u00e4nglichkeiten in der Aktualisierung verantwortlich gemacht werden, weder von ihr selbst noch von den dritten Partnern, die ihr diese Informationen zur Verf\u00fcgung stellen.<\/p>\n\n<p>Alle Informationen, die auf der Website <a href=\"https:\/\/bioserenity.com\/de\/\" target=\"_blank\" rel=\"noreferrer noopener\">www.bioserenity.com<\/a> angegeben sind, dienen als Anhaltspunkte und werden sich wahrscheinlich noch weiterentwickeln. Au\u00dferdem sind die Informationen auf der Website <a href=\"https:\/\/bioserenity.com\/de\/\" target=\"_blank\" rel=\"noreferrer noopener\">www.bioserenity.com<\/a> nicht ersch\u00f6pfend. Sie werden unter dem Vorbehalt gegeben, dass seit ihrer Ver\u00f6ffentlichung \u00c4nderungen vorgenommen wurden.<\/p>\n\n<p>Allgemeine Informationen f\u00fcr Angeh\u00f6rige der Gesundheitsberufe \u00fcber das Produkt namens: Neuronaute \u00ae<\/p>\n\n<p>Der Neuronaute \u00ae (bestehend aus einer K\u00f6rper- und einer Kopfeinheit) ist ein Ger\u00e4t zur Aufzeichnung biophysiologischer Signale, das mit Videoaufnahmen gekoppelt werden kann. Das Ger\u00e4t, das von einem Arzt bedient wird, kann f\u00fcr klinische Zwecke verwendet werden: EEG-Messung; EKG-Messung; EMG-Messung (au\u00dfer EMG im Zusammenhang mit Unterkieferbewegungen).<br\/>DM-Klasse: IIa.<br\/>Der Name der autorisierten Stelle, die die Konformit\u00e4tsbewertung durchgef\u00fchrt hat: BSI 2797 &#8211; CE-Zertifikat Nr. CE 631058.<\/p>\n\n<p>Der Name des Herstellers: BioSerenity<br\/>Die wichtigsten Informationen zur ordnungsgem\u00e4\u00dfen Verwendung finden Sie in der online verf\u00fcgbaren Bedienungsanleitung.<\/p>\n\n<p>Wir bitten Sie ausdr\u00fccklich, die Anweisungen in der Gebrauchsanweisung oder auf dem Etikett, das dem medizinischen Fachpersonal zur Verf\u00fcgung gestellt wird, sorgf\u00e4ltig zu lesen.<br\/>Der Neuronaute wird von den Krankenkassen bei der Kostenerstattung nicht ber\u00fccksichtigt.<\/p>\n\n<p><br\/>Datum der letzten \u00c4nderung der Version 1.0.4: April 2024.<\/p>\n\n<h2 class=\"wp-block-heading\">VERTRAGLICHE BESCHR\u00c4NKUNGEN F\u00dcR TECHNISCHE DATEN<\/h2>\n\n<p>Die Website verwendet die JavaScript-Technologie.<\/p>\n\n<p>Die Website kann nicht f\u00fcr materielle Sch\u00e4den im Zusammenhang mit der Nutzung der Website haftbar gemacht werden. Dar\u00fcber hinaus verpflichtet sich der Nutzer der Website, auf die Website mit aktuellen Ger\u00e4ten zuzugreifen, die keine Viren enthalten, und mit einem aktuellen Browser der neuesten Generation.  <\/p>\n\n<h2 class=\"wp-block-heading\">GEISTIGES EIGENTUM UND RECHTSVERLETZUNGEN<\/h2>\n\n<p>BioSerenity ist Inhaber der geistigen Eigentumsrechte und besitzt die Nutzungsrechte an allen auf der Website zug\u00e4nglichen Elementen, insbesondere an den Texten, Bildern, Grafiken, Logos, Icons, T\u00f6nen und der Software.<\/p>\n\n<p>Jegliche Vervielf\u00e4ltigung, Darstellung, \u00c4nderung, Ver\u00f6ffentlichung, Anpassung aller oder eines Teils der Elemente der Website, unabh\u00e4ngig von den verwendeten Mitteln oder Verfahren, ist verboten, es sei denn, es liegt eine vorherige schriftliche Genehmigung von BioSerenity vor.<\/p>\n\n<p>Jede unerlaubte Nutzung der Website und der darin enthaltenen Elemente wird als Versto\u00df betrachtet und gem\u00e4\u00df den Bestimmungen der Artikel L.335-2 und folgende des Gesetzes \u00fcber geistiges Eigentum verfolgt.<\/p>\n","protected":false},"excerpt":{"rendered":"<p>ALLGEMEINE BEDINGUNGEN F\u00dcR DIE NUTZUNG DER WEBSITE UND DER ANGEBOTENEN DIENSTE Die Nutzung der Website www.bioserenity.com setzt die uneingeschr\u00e4nkte Zustimmung zu den nachstehend beschriebenen allgemeinen Nutzungsbedingungen voraus. Diese Nutzungsbedingungen k\u00f6nnen jederzeit ge\u00e4ndert oder erg\u00e4nzt werden; die Nutzer der Website www.bioserenity.com werden daher gebeten, sie regelm\u00e4\u00dfig zu konsultieren. Diese Website ist normalerweise jederzeit f\u00fcr die Nutzer [&hellip;]<\/p>\n","protected":false},"author":15,"featured_media":0,"parent":0,"menu_order":0,"comment_status":"closed","ping_status":"closed","template":"","meta":{"footnotes":""},"class_list":["post-3735","page","type-page","status-publish","hentry"],"blocksy_meta":[],"yoast_head":"<!-- This site is optimized with the Yoast SEO Premium plugin v27.4 (Yoast SEO v27.4) - https:\/\/yoast.com\/product\/yoast-seo-premium-wordpress\/ -->\n<title>Nutzungsbedingungen - BioSerenity<\/title>\n<meta name=\"robots\" content=\"index, follow, max-snippet:-1, max-image-preview:large, max-video-preview:-1\" \/>\n<link rel=\"canonical\" href=\"https:\/\/bioserenity.com\/de\/nutzungsbedingungen\/\" \/>\n<meta property=\"og:locale\" content=\"de_DE\" \/>\n<meta property=\"og:type\" content=\"article\" \/>\n<meta property=\"og:title\" content=\"Nutzungsbedingungen\" \/>\n<meta property=\"og:description\" content=\"ALLGEMEINE BEDINGUNGEN F\u00dcR DIE NUTZUNG DER WEBSITE UND DER ANGEBOTENEN DIENSTE Die Nutzung der Website www.bioserenity.com setzt die uneingeschr\u00e4nkte Zustimmung zu den nachstehend beschriebenen allgemeinen Nutzungsbedingungen voraus. Diese Nutzungsbedingungen k\u00f6nnen jederzeit ge\u00e4ndert oder erg\u00e4nzt werden; die Nutzer der Website www.bioserenity.com werden daher gebeten, sie regelm\u00e4\u00dfig zu konsultieren. Diese Website ist normalerweise jederzeit f\u00fcr die Nutzer [&hellip;]\" \/>\n<meta property=\"og:url\" content=\"https:\/\/bioserenity.com\/de\/nutzungsbedingungen\/\" \/>\n<meta property=\"og:site_name\" content=\"BioSerenity\" \/>\n<meta property=\"article:modified_time\" content=\"2024-04-04T15:37:48+00:00\" \/>\n<meta property=\"og:image\" content=\"https:\/\/bioserenity.com\/wp-content\/uploads\/2024\/03\/IceCap-BioSerenity.jpg\" \/>\n\t<meta property=\"og:image:width\" content=\"1920\" \/>\n\t<meta property=\"og:image:height\" content=\"912\" \/>\n\t<meta property=\"og:image:type\" content=\"image\/jpeg\" \/>\n<meta name=\"twitter:card\" content=\"summary_large_image\" \/>\n<meta name=\"twitter:label1\" content=\"Gesch\u00e4tzte Lesezeit\" \/>\n\t<meta name=\"twitter:data1\" content=\"3\u00a0Minuten\" \/>\n<script type=\"application\/ld+json\" class=\"yoast-schema-graph\">{\"@context\":\"https:\\\/\\\/schema.org\",\"@graph\":[{\"@type\":\"WebPage\",\"@id\":\"https:\\\/\\\/bioserenity.com\\\/de\\\/nutzungsbedingungen\\\/\",\"url\":\"https:\\\/\\\/bioserenity.com\\\/de\\\/nutzungsbedingungen\\\/\",\"name\":\"Nutzungsbedingungen - BioSerenity\",\"isPartOf\":{\"@id\":\"https:\\\/\\\/bioserenity.com\\\/de\\\/#website\"},\"datePublished\":\"2024-04-04T15:37:39+00:00\",\"dateModified\":\"2024-04-04T15:37:48+00:00\",\"breadcrumb\":{\"@id\":\"https:\\\/\\\/bioserenity.com\\\/de\\\/nutzungsbedingungen\\\/#breadcrumb\"},\"inLanguage\":\"de\",\"potentialAction\":[{\"@type\":\"ReadAction\",\"target\":[\"https:\\\/\\\/bioserenity.com\\\/de\\\/nutzungsbedingungen\\\/\"]}]},{\"@type\":\"BreadcrumbList\",\"@id\":\"https:\\\/\\\/bioserenity.com\\\/de\\\/nutzungsbedingungen\\\/#breadcrumb\",\"itemListElement\":[{\"@type\":\"ListItem\",\"position\":1,\"name\":\"Home\",\"item\":\"https:\\\/\\\/bioserenity.com\\\/de\\\/startseite\\\/\"},{\"@type\":\"ListItem\",\"position\":2,\"name\":\"Nutzungsbedingungen\"}]},{\"@type\":\"WebSite\",\"@id\":\"https:\\\/\\\/bioserenity.com\\\/de\\\/#website\",\"url\":\"https:\\\/\\\/bioserenity.com\\\/de\\\/\",\"name\":\"BioSerenity\",\"description\":\"Connected &amp; Integrated Neurosciences. Brain monitoring &amp; remote diagnostic\",\"publisher\":{\"@id\":\"https:\\\/\\\/bioserenity.com\\\/de\\\/#organization\"},\"potentialAction\":[{\"@type\":\"SearchAction\",\"target\":{\"@type\":\"EntryPoint\",\"urlTemplate\":\"https:\\\/\\\/bioserenity.com\\\/de\\\/?s={search_term_string}\"},\"query-input\":{\"@type\":\"PropertyValueSpecification\",\"valueRequired\":true,\"valueName\":\"search_term_string\"}}],\"inLanguage\":\"de\"},{\"@type\":\"Organization\",\"@id\":\"https:\\\/\\\/bioserenity.com\\\/de\\\/#organization\",\"name\":\"BioSerenity\",\"url\":\"https:\\\/\\\/bioserenity.com\\\/de\\\/\",\"logo\":{\"@type\":\"ImageObject\",\"inLanguage\":\"de\",\"@id\":\"https:\\\/\\\/bioserenity.com\\\/de\\\/#\\\/schema\\\/logo\\\/image\\\/\",\"url\":\"https:\\\/\\\/bioserenity.com\\\/wp-content\\\/uploads\\\/2023\\\/05\\\/logo_bioserenity_BORDEAUX-600-o.png\",\"contentUrl\":\"https:\\\/\\\/bioserenity.com\\\/wp-content\\\/uploads\\\/2023\\\/05\\\/logo_bioserenity_BORDEAUX-600-o.png\",\"width\":600,\"height\":170,\"caption\":\"BioSerenity\"},\"image\":{\"@id\":\"https:\\\/\\\/bioserenity.com\\\/de\\\/#\\\/schema\\\/logo\\\/image\\\/\"},\"sameAs\":[\"https:\\\/\\\/www.linkedin.com\\\/company\\\/bioserenity\\\/\",\"https:\\\/\\\/www.youtube.com\\\/@bioserenity9854\"],\"description\":\"BIOSerenity, founded in 2014, is the French leader in electrophysiological diagnostics, performing more than 45,000 EEGs (electroencephalograms), 8,000 PSGs (polysomnographies), and 5,000 ECGs (electrocardiograms) each year. Its offering combines medical devices, a software platform, and AI algorithms, all designed and produced in France, integrated into an ecosystem of services for the benefit of physicians and patients. This unique end-to-end solution enables complex examinations to be performed and provides remote interpretation of signals in a timely manner, contributing to faster and more reliable clinical decisions. As an expert in neurology, BIOSerenity has developed the Large Brain Model (LBM), a foundation model trained on more than ten years of EEG recordings. This database and AI platform give rise to decision support tools that improve the quality and speed of interpretation. Among its flagship services, the long-term (72-hour) home EEG, unique in France, speeds up access to diagnosis when hospital slots are hardly available. In sleep medicine, BIOSerenity relies on a network of dedicated centers and specialized medical and paramedical teams to accelerate the diagnosis of sleep disorders and optimize patient referral. This vertical integration - devices, software, AI, and medical services - supports continuous improvement in the care pathway, as well as faster and more reliable diagnosis.\",\"email\":\"contact@bioserenity.com\",\"legalName\":\"BIOSERENITY\",\"numberOfEmployees\":{\"@type\":\"QuantitativeValue\",\"minValue\":\"201\",\"maxValue\":\"500\"}}]}<\/script>\n<!-- \/ Yoast SEO Premium plugin. -->","yoast_head_json":{"title":"Nutzungsbedingungen - BioSerenity","robots":{"index":"index","follow":"follow","max-snippet":"max-snippet:-1","max-image-preview":"max-image-preview:large","max-video-preview":"max-video-preview:-1"},"canonical":"https:\/\/bioserenity.com\/de\/nutzungsbedingungen\/","og_locale":"de_DE","og_type":"article","og_title":"Nutzungsbedingungen","og_description":"ALLGEMEINE BEDINGUNGEN F\u00dcR DIE NUTZUNG DER WEBSITE UND DER ANGEBOTENEN DIENSTE Die Nutzung der Website www.bioserenity.com setzt die uneingeschr\u00e4nkte Zustimmung zu den nachstehend beschriebenen allgemeinen Nutzungsbedingungen voraus. Diese Nutzungsbedingungen k\u00f6nnen jederzeit ge\u00e4ndert oder erg\u00e4nzt werden; die Nutzer der Website www.bioserenity.com werden daher gebeten, sie regelm\u00e4\u00dfig zu konsultieren. Diese Website ist normalerweise jederzeit f\u00fcr die Nutzer [&hellip;]","og_url":"https:\/\/bioserenity.com\/de\/nutzungsbedingungen\/","og_site_name":"BioSerenity","article_modified_time":"2024-04-04T15:37:48+00:00","og_image":[{"width":1920,"height":912,"url":"https:\/\/bioserenity.com\/wp-content\/uploads\/2024\/03\/IceCap-BioSerenity.jpg","type":"image\/jpeg"}],"twitter_card":"summary_large_image","twitter_misc":{"Gesch\u00e4tzte Lesezeit":"3\u00a0Minuten"},"schema":{"@context":"https:\/\/schema.org","@graph":[{"@type":"WebPage","@id":"https:\/\/bioserenity.com\/de\/nutzungsbedingungen\/","url":"https:\/\/bioserenity.com\/de\/nutzungsbedingungen\/","name":"Nutzungsbedingungen - BioSerenity","isPartOf":{"@id":"https:\/\/bioserenity.com\/de\/#website"},"datePublished":"2024-04-04T15:37:39+00:00","dateModified":"2024-04-04T15:37:48+00:00","breadcrumb":{"@id":"https:\/\/bioserenity.com\/de\/nutzungsbedingungen\/#breadcrumb"},"inLanguage":"de","potentialAction":[{"@type":"ReadAction","target":["https:\/\/bioserenity.com\/de\/nutzungsbedingungen\/"]}]},{"@type":"BreadcrumbList","@id":"https:\/\/bioserenity.com\/de\/nutzungsbedingungen\/#breadcrumb","itemListElement":[{"@type":"ListItem","position":1,"name":"Home","item":"https:\/\/bioserenity.com\/de\/startseite\/"},{"@type":"ListItem","position":2,"name":"Nutzungsbedingungen"}]},{"@type":"WebSite","@id":"https:\/\/bioserenity.com\/de\/#website","url":"https:\/\/bioserenity.com\/de\/","name":"BioSerenity","description":"Connected &amp; Integrated Neurosciences. Brain monitoring &amp; remote diagnostic","publisher":{"@id":"https:\/\/bioserenity.com\/de\/#organization"},"potentialAction":[{"@type":"SearchAction","target":{"@type":"EntryPoint","urlTemplate":"https:\/\/bioserenity.com\/de\/?s={search_term_string}"},"query-input":{"@type":"PropertyValueSpecification","valueRequired":true,"valueName":"search_term_string"}}],"inLanguage":"de"},{"@type":"Organization","@id":"https:\/\/bioserenity.com\/de\/#organization","name":"BioSerenity","url":"https:\/\/bioserenity.com\/de\/","logo":{"@type":"ImageObject","inLanguage":"de","@id":"https:\/\/bioserenity.com\/de\/#\/schema\/logo\/image\/","url":"https:\/\/bioserenity.com\/wp-content\/uploads\/2023\/05\/logo_bioserenity_BORDEAUX-600-o.png","contentUrl":"https:\/\/bioserenity.com\/wp-content\/uploads\/2023\/05\/logo_bioserenity_BORDEAUX-600-o.png","width":600,"height":170,"caption":"BioSerenity"},"image":{"@id":"https:\/\/bioserenity.com\/de\/#\/schema\/logo\/image\/"},"sameAs":["https:\/\/www.linkedin.com\/company\/bioserenity\/","https:\/\/www.youtube.com\/@bioserenity9854"],"description":"BIOSerenity, founded in 2014, is the French leader in electrophysiological diagnostics, performing more than 45,000 EEGs (electroencephalograms), 8,000 PSGs (polysomnographies), and 5,000 ECGs (electrocardiograms) each year. Its offering combines medical devices, a software platform, and AI algorithms, all designed and produced in France, integrated into an ecosystem of services for the benefit of physicians and patients. This unique end-to-end solution enables complex examinations to be performed and provides remote interpretation of signals in a timely manner, contributing to faster and more reliable clinical decisions. As an expert in neurology, BIOSerenity has developed the Large Brain Model (LBM), a foundation model trained on more than ten years of EEG recordings. This database and AI platform give rise to decision support tools that improve the quality and speed of interpretation. Among its flagship services, the long-term (72-hour) home EEG, unique in France, speeds up access to diagnosis when hospital slots are hardly available. In sleep medicine, BIOSerenity relies on a network of dedicated centers and specialized medical and paramedical teams to accelerate the diagnosis of sleep disorders and optimize patient referral. This vertical integration - devices, software, AI, and medical services - supports continuous improvement in the care pathway, as well as faster and more reliable diagnosis.","email":"contact@bioserenity.com","legalName":"BIOSERENITY","numberOfEmployees":{"@type":"QuantitativeValue","minValue":"201","maxValue":"500"}}]}},"_links":{"self":[{"href":"https:\/\/bioserenity.com\/de\/wp-json\/wp\/v2\/pages\/3735","targetHints":{"allow":["GET"]}}],"collection":[{"href":"https:\/\/bioserenity.com\/de\/wp-json\/wp\/v2\/pages"}],"about":[{"href":"https:\/\/bioserenity.com\/de\/wp-json\/wp\/v2\/types\/page"}],"author":[{"embeddable":true,"href":"https:\/\/bioserenity.com\/de\/wp-json\/wp\/v2\/users\/15"}],"replies":[{"embeddable":true,"href":"https:\/\/bioserenity.com\/de\/wp-json\/wp\/v2\/comments?post=3735"}],"version-history":[{"count":1,"href":"https:\/\/bioserenity.com\/de\/wp-json\/wp\/v2\/pages\/3735\/revisions"}],"predecessor-version":[{"id":3736,"href":"https:\/\/bioserenity.com\/de\/wp-json\/wp\/v2\/pages\/3735\/revisions\/3736"}],"wp:attachment":[{"href":"https:\/\/bioserenity.com\/de\/wp-json\/wp\/v2\/media?parent=3735"}],"curies":[{"name":"wp","href":"https:\/\/api.w.org\/{rel}","templated":true}]}}