{"id":3719,"date":"2024-04-04T16:30:04","date_gmt":"2024-04-04T15:30:04","guid":{"rendered":"http:\/\/bioscom.onpressidium.com\/rechtlicher-hinweis\/"},"modified":"2025-12-22T12:21:01","modified_gmt":"2025-12-22T11:21:01","slug":"impressum","status":"publish","type":"page","link":"https:\/\/bioserenity.com\/de\/impressum\/","title":{"rendered":"Rechtlicher Hinweis"},"content":{"rendered":"\n<h2 class=\"wp-block-heading\"><strong>Website-Editor<\/strong><\/h2>\n\n<p><strong>BioSerenity-Gruppe f\u00fcr medizinische Ger\u00e4te<\/strong><\/p>\n\n<p><strong>Status :<\/strong> SAS, Gesellschaft mit vereinfachten Verfahren<\/p>\n\n<p><strong>Zulassungsnummer :<\/strong> 980872105 (Paris)<\/p>\n\n<p><strong>Umsatzsteuer-Identifikationsnummer:<\/strong> FR77980872105  <\/p>\n\n<p><strong>Soziales Kapital :<\/strong> EUR 5.000,00<\/p>\n\n<p><strong>Adresse :<\/strong> 6\/8 Rue Jean Antoine de Ba\u00eff, 75013 Paris, Frankreich<\/p>\n\n<p><strong>E-Mail Adresse: <\/strong> contact@bioserenity.com<\/p>\n\n<p><strong>Kontakt-Formular :<\/strong> <a href=\"https:\/\/bioserenity.com\/de\/kontakt\/\">https:\/\/bioserenity.com\/contact<\/a> <\/p>\n\n<p><strong>Gesetzlicher Vertreter :<\/strong> Emmanuel Mougeotte, Pr\u00e4sident<\/p>\n\n<p><strong>Leiter der Ver\u00f6ffentlichung :<\/strong> Emmanuel Mougeotte, Pr\u00e9sident<\/p>\n\n<h2 class=\"wp-block-heading\">Hosting<\/h2>\n\n<p>Diese Website wird von <strong>Pressidium<\/strong> gehostet<\/p>\n\n<p><strong>Adresse :<\/strong> <em>The Grange Barn, Pikes End, Pinner, London, HA5 2EX<\/em>, Vereinigtes K\u00f6nigreich<br\/><strong>Telefon :<\/strong> (020) 3397 7256<br\/><strong>Registrierungsnummer : <\/strong>08416088<br\/><strong>Hosting-Kontaktformular :<\/strong> <a href=\"https:\/\/pressidium.com\/contact\/\">https:\/\/pressidium.com\/contact\/<\/a><\/p>\n\n<h2 class=\"wp-block-heading\">Ethik<\/h2>\n\n<p>Bitte beachten Sie unsere <a href=\"https:\/\/bioserenity.com\/de\/ethique\/\">Ethik-Seite<\/a>.<\/p>\n","protected":false},"excerpt":{"rendered":"<p>Website-Editor BioSerenity-Gruppe f\u00fcr medizinische Ger\u00e4te Status : SAS, Gesellschaft mit vereinfachten Verfahren Zulassungsnummer : 980872105 (Paris) Umsatzsteuer-Identifikationsnummer: FR77980872105 Soziales Kapital : EUR 5.000,00 Adresse : 6\/8 Rue Jean Antoine de Ba\u00eff, 75013 Paris, Frankreich E-Mail Adresse: contact@bioserenity.com Kontakt-Formular : https:\/\/bioserenity.com\/contact Gesetzlicher Vertreter : Emmanuel Mougeotte, Pr\u00e4sident Leiter der Ver\u00f6ffentlichung : Emmanuel Mougeotte, Pr\u00e9sident Hosting Diese [&hellip;]<\/p>\n","protected":false},"author":15,"featured_media":0,"parent":0,"menu_order":0,"comment_status":"closed","ping_status":"closed","template":"","meta":{"footnotes":""},"class_list":["post-3719","page","type-page","status-publish","hentry"],"blocksy_meta":[],"yoast_head":"<!-- This site is optimized with the Yoast SEO Premium plugin v27.4 (Yoast SEO v27.4) - https:\/\/yoast.com\/product\/yoast-seo-premium-wordpress\/ -->\n<title>Rechtlicher Hinweis - BioSerenity<\/title>\n<meta name=\"robots\" content=\"index, follow, max-snippet:-1, max-image-preview:large, max-video-preview:-1\" \/>\n<link rel=\"canonical\" href=\"https:\/\/bioserenity.com\/de\/impressum\/\" \/>\n<meta property=\"og:locale\" content=\"de_DE\" \/>\n<meta property=\"og:type\" content=\"article\" \/>\n<meta property=\"og:title\" content=\"Rechtlicher Hinweis\" \/>\n<meta property=\"og:description\" content=\"Website-Editor BioSerenity-Gruppe f\u00fcr medizinische Ger\u00e4te Status : SAS, Gesellschaft mit vereinfachten Verfahren Zulassungsnummer : 980872105 (Paris) Umsatzsteuer-Identifikationsnummer: FR77980872105 Soziales Kapital : EUR 5.000,00 Adresse : 6\/8 Rue Jean Antoine de Ba\u00eff, 75013 Paris, Frankreich E-Mail Adresse: contact@bioserenity.com Kontakt-Formular : https:\/\/bioserenity.com\/contact Gesetzlicher Vertreter : Emmanuel Mougeotte, Pr\u00e4sident Leiter der Ver\u00f6ffentlichung : Emmanuel Mougeotte, Pr\u00e9sident Hosting Diese [&hellip;]\" \/>\n<meta property=\"og:url\" content=\"https:\/\/bioserenity.com\/de\/impressum\/\" \/>\n<meta property=\"og:site_name\" content=\"BioSerenity\" \/>\n<meta property=\"article:modified_time\" content=\"2025-12-22T11:21:01+00:00\" \/>\n<meta property=\"og:image\" content=\"https:\/\/bioserenity.com\/wp-content\/uploads\/2024\/03\/IceCap-BioSerenity.jpg\" \/>\n\t<meta property=\"og:image:width\" content=\"1920\" \/>\n\t<meta property=\"og:image:height\" content=\"912\" \/>\n\t<meta property=\"og:image:type\" content=\"image\/jpeg\" \/>\n<meta name=\"twitter:card\" content=\"summary_large_image\" \/>\n<meta name=\"twitter:label1\" content=\"Gesch\u00e4tzte Lesezeit\" \/>\n\t<meta name=\"twitter:data1\" content=\"1\u00a0Minute\" \/>\n<script type=\"application\/ld+json\" class=\"yoast-schema-graph\">{\"@context\":\"https:\\\/\\\/schema.org\",\"@graph\":[{\"@type\":\"WebPage\",\"@id\":\"https:\\\/\\\/bioserenity.com\\\/de\\\/impressum\\\/\",\"url\":\"https:\\\/\\\/bioserenity.com\\\/de\\\/impressum\\\/\",\"name\":\"Rechtlicher Hinweis - BioSerenity\",\"isPartOf\":{\"@id\":\"https:\\\/\\\/bioserenity.com\\\/de\\\/#website\"},\"datePublished\":\"2024-04-04T15:30:04+00:00\",\"dateModified\":\"2025-12-22T11:21:01+00:00\",\"breadcrumb\":{\"@id\":\"https:\\\/\\\/bioserenity.com\\\/de\\\/impressum\\\/#breadcrumb\"},\"inLanguage\":\"de\",\"potentialAction\":[{\"@type\":\"ReadAction\",\"target\":[\"https:\\\/\\\/bioserenity.com\\\/de\\\/impressum\\\/\"]}]},{\"@type\":\"BreadcrumbList\",\"@id\":\"https:\\\/\\\/bioserenity.com\\\/de\\\/impressum\\\/#breadcrumb\",\"itemListElement\":[{\"@type\":\"ListItem\",\"position\":1,\"name\":\"Home\",\"item\":\"https:\\\/\\\/bioserenity.com\\\/de\\\/startseite\\\/\"},{\"@type\":\"ListItem\",\"position\":2,\"name\":\"Rechtlicher Hinweis\"}]},{\"@type\":\"WebSite\",\"@id\":\"https:\\\/\\\/bioserenity.com\\\/de\\\/#website\",\"url\":\"https:\\\/\\\/bioserenity.com\\\/de\\\/\",\"name\":\"BioSerenity\",\"description\":\"Connected &amp; Integrated Neurosciences. Brain monitoring &amp; remote diagnostic\",\"publisher\":{\"@id\":\"https:\\\/\\\/bioserenity.com\\\/de\\\/#organization\"},\"potentialAction\":[{\"@type\":\"SearchAction\",\"target\":{\"@type\":\"EntryPoint\",\"urlTemplate\":\"https:\\\/\\\/bioserenity.com\\\/de\\\/?s={search_term_string}\"},\"query-input\":{\"@type\":\"PropertyValueSpecification\",\"valueRequired\":true,\"valueName\":\"search_term_string\"}}],\"inLanguage\":\"de\"},{\"@type\":\"Organization\",\"@id\":\"https:\\\/\\\/bioserenity.com\\\/de\\\/#organization\",\"name\":\"BioSerenity\",\"url\":\"https:\\\/\\\/bioserenity.com\\\/de\\\/\",\"logo\":{\"@type\":\"ImageObject\",\"inLanguage\":\"de\",\"@id\":\"https:\\\/\\\/bioserenity.com\\\/de\\\/#\\\/schema\\\/logo\\\/image\\\/\",\"url\":\"https:\\\/\\\/bioserenity.com\\\/wp-content\\\/uploads\\\/2023\\\/05\\\/logo_bioserenity_BORDEAUX-600-o.png\",\"contentUrl\":\"https:\\\/\\\/bioserenity.com\\\/wp-content\\\/uploads\\\/2023\\\/05\\\/logo_bioserenity_BORDEAUX-600-o.png\",\"width\":600,\"height\":170,\"caption\":\"BioSerenity\"},\"image\":{\"@id\":\"https:\\\/\\\/bioserenity.com\\\/de\\\/#\\\/schema\\\/logo\\\/image\\\/\"},\"sameAs\":[\"https:\\\/\\\/www.linkedin.com\\\/company\\\/bioserenity\\\/\",\"https:\\\/\\\/www.youtube.com\\\/@bioserenity9854\"],\"description\":\"BIOSerenity, founded in 2014, is the French leader in electrophysiological diagnostics, performing more than 45,000 EEGs (electroencephalograms), 8,000 PSGs (polysomnographies), and 5,000 ECGs (electrocardiograms) each year. Its offering combines medical devices, a software platform, and AI algorithms, all designed and produced in France, integrated into an ecosystem of services for the benefit of physicians and patients. This unique end-to-end solution enables complex examinations to be performed and provides remote interpretation of signals in a timely manner, contributing to faster and more reliable clinical decisions. As an expert in neurology, BIOSerenity has developed the Large Brain Model (LBM), a foundation model trained on more than ten years of EEG recordings. This database and AI platform give rise to decision support tools that improve the quality and speed of interpretation. Among its flagship services, the long-term (72-hour) home EEG, unique in France, speeds up access to diagnosis when hospital slots are hardly available. In sleep medicine, BIOSerenity relies on a network of dedicated centers and specialized medical and paramedical teams to accelerate the diagnosis of sleep disorders and optimize patient referral. This vertical integration - devices, software, AI, and medical services - supports continuous improvement in the care pathway, as well as faster and more reliable diagnosis.\",\"email\":\"contact@bioserenity.com\",\"legalName\":\"BIOSERENITY\",\"numberOfEmployees\":{\"@type\":\"QuantitativeValue\",\"minValue\":\"201\",\"maxValue\":\"500\"}}]}<\/script>\n<!-- \/ Yoast SEO Premium plugin. -->","yoast_head_json":{"title":"Rechtlicher Hinweis - BioSerenity","robots":{"index":"index","follow":"follow","max-snippet":"max-snippet:-1","max-image-preview":"max-image-preview:large","max-video-preview":"max-video-preview:-1"},"canonical":"https:\/\/bioserenity.com\/de\/impressum\/","og_locale":"de_DE","og_type":"article","og_title":"Rechtlicher Hinweis","og_description":"Website-Editor BioSerenity-Gruppe f\u00fcr medizinische Ger\u00e4te Status : SAS, Gesellschaft mit vereinfachten Verfahren Zulassungsnummer : 980872105 (Paris) Umsatzsteuer-Identifikationsnummer: FR77980872105 Soziales Kapital : EUR 5.000,00 Adresse : 6\/8 Rue Jean Antoine de Ba\u00eff, 75013 Paris, Frankreich E-Mail Adresse: contact@bioserenity.com Kontakt-Formular : https:\/\/bioserenity.com\/contact Gesetzlicher Vertreter : Emmanuel Mougeotte, Pr\u00e4sident Leiter der Ver\u00f6ffentlichung : Emmanuel Mougeotte, Pr\u00e9sident Hosting Diese [&hellip;]","og_url":"https:\/\/bioserenity.com\/de\/impressum\/","og_site_name":"BioSerenity","article_modified_time":"2025-12-22T11:21:01+00:00","og_image":[{"width":1920,"height":912,"url":"https:\/\/bioserenity.com\/wp-content\/uploads\/2024\/03\/IceCap-BioSerenity.jpg","type":"image\/jpeg"}],"twitter_card":"summary_large_image","twitter_misc":{"Gesch\u00e4tzte Lesezeit":"1\u00a0Minute"},"schema":{"@context":"https:\/\/schema.org","@graph":[{"@type":"WebPage","@id":"https:\/\/bioserenity.com\/de\/impressum\/","url":"https:\/\/bioserenity.com\/de\/impressum\/","name":"Rechtlicher Hinweis - BioSerenity","isPartOf":{"@id":"https:\/\/bioserenity.com\/de\/#website"},"datePublished":"2024-04-04T15:30:04+00:00","dateModified":"2025-12-22T11:21:01+00:00","breadcrumb":{"@id":"https:\/\/bioserenity.com\/de\/impressum\/#breadcrumb"},"inLanguage":"de","potentialAction":[{"@type":"ReadAction","target":["https:\/\/bioserenity.com\/de\/impressum\/"]}]},{"@type":"BreadcrumbList","@id":"https:\/\/bioserenity.com\/de\/impressum\/#breadcrumb","itemListElement":[{"@type":"ListItem","position":1,"name":"Home","item":"https:\/\/bioserenity.com\/de\/startseite\/"},{"@type":"ListItem","position":2,"name":"Rechtlicher Hinweis"}]},{"@type":"WebSite","@id":"https:\/\/bioserenity.com\/de\/#website","url":"https:\/\/bioserenity.com\/de\/","name":"BioSerenity","description":"Connected &amp; Integrated Neurosciences. Brain monitoring &amp; remote diagnostic","publisher":{"@id":"https:\/\/bioserenity.com\/de\/#organization"},"potentialAction":[{"@type":"SearchAction","target":{"@type":"EntryPoint","urlTemplate":"https:\/\/bioserenity.com\/de\/?s={search_term_string}"},"query-input":{"@type":"PropertyValueSpecification","valueRequired":true,"valueName":"search_term_string"}}],"inLanguage":"de"},{"@type":"Organization","@id":"https:\/\/bioserenity.com\/de\/#organization","name":"BioSerenity","url":"https:\/\/bioserenity.com\/de\/","logo":{"@type":"ImageObject","inLanguage":"de","@id":"https:\/\/bioserenity.com\/de\/#\/schema\/logo\/image\/","url":"https:\/\/bioserenity.com\/wp-content\/uploads\/2023\/05\/logo_bioserenity_BORDEAUX-600-o.png","contentUrl":"https:\/\/bioserenity.com\/wp-content\/uploads\/2023\/05\/logo_bioserenity_BORDEAUX-600-o.png","width":600,"height":170,"caption":"BioSerenity"},"image":{"@id":"https:\/\/bioserenity.com\/de\/#\/schema\/logo\/image\/"},"sameAs":["https:\/\/www.linkedin.com\/company\/bioserenity\/","https:\/\/www.youtube.com\/@bioserenity9854"],"description":"BIOSerenity, founded in 2014, is the French leader in electrophysiological diagnostics, performing more than 45,000 EEGs (electroencephalograms), 8,000 PSGs (polysomnographies), and 5,000 ECGs (electrocardiograms) each year. Its offering combines medical devices, a software platform, and AI algorithms, all designed and produced in France, integrated into an ecosystem of services for the benefit of physicians and patients. This unique end-to-end solution enables complex examinations to be performed and provides remote interpretation of signals in a timely manner, contributing to faster and more reliable clinical decisions. As an expert in neurology, BIOSerenity has developed the Large Brain Model (LBM), a foundation model trained on more than ten years of EEG recordings. This database and AI platform give rise to decision support tools that improve the quality and speed of interpretation. Among its flagship services, the long-term (72-hour) home EEG, unique in France, speeds up access to diagnosis when hospital slots are hardly available. In sleep medicine, BIOSerenity relies on a network of dedicated centers and specialized medical and paramedical teams to accelerate the diagnosis of sleep disorders and optimize patient referral. This vertical integration - devices, software, AI, and medical services - supports continuous improvement in the care pathway, as well as faster and more reliable diagnosis.","email":"contact@bioserenity.com","legalName":"BIOSERENITY","numberOfEmployees":{"@type":"QuantitativeValue","minValue":"201","maxValue":"500"}}]}},"_links":{"self":[{"href":"https:\/\/bioserenity.com\/de\/wp-json\/wp\/v2\/pages\/3719","targetHints":{"allow":["GET"]}}],"collection":[{"href":"https:\/\/bioserenity.com\/de\/wp-json\/wp\/v2\/pages"}],"about":[{"href":"https:\/\/bioserenity.com\/de\/wp-json\/wp\/v2\/types\/page"}],"author":[{"embeddable":true,"href":"https:\/\/bioserenity.com\/de\/wp-json\/wp\/v2\/users\/15"}],"replies":[{"embeddable":true,"href":"https:\/\/bioserenity.com\/de\/wp-json\/wp\/v2\/comments?post=3719"}],"version-history":[{"count":5,"href":"https:\/\/bioserenity.com\/de\/wp-json\/wp\/v2\/pages\/3719\/revisions"}],"predecessor-version":[{"id":6170,"href":"https:\/\/bioserenity.com\/de\/wp-json\/wp\/v2\/pages\/3719\/revisions\/6170"}],"wp:attachment":[{"href":"https:\/\/bioserenity.com\/de\/wp-json\/wp\/v2\/media?parent=3719"}],"curies":[{"name":"wp","href":"https:\/\/api.w.org\/{rel}","templated":true}]}}