{"id":3689,"date":"2024-04-04T15:58:51","date_gmt":"2024-04-04T14:58:51","guid":{"rendered":"http:\/\/bioscom.onpressidium.com\/cookies\/"},"modified":"2026-03-05T14:51:58","modified_gmt":"2026-03-05T13:51:58","slug":"cookies","status":"publish","type":"page","link":"https:\/\/bioserenity.com\/de\/cookies\/","title":{"rendered":"Cookies"},"content":{"rendered":"\n<h2 class=\"wp-block-heading\" id=\"h-cookie-policy-used-by-bioserenity\">VON BIOSERENITY VERWENDETE COOKIE-RICHTLINIE<\/h2>\n\n<h2 class=\"wp-block-heading\" id=\"h-article-1-what-is-a-cookie\">ARTIKEL 1: WAS IST EIN COOKIE?<\/h2>\n\n<p>Ein Cookie ist eine Datei, die auf der Festplatte Ihres Ger\u00e4ts gespeichert werden kann, wenn Sie die Website besuchen. Diese kleinen Dateien k\u00f6nnen z.B. die Sprache des Browsers, den Warenkorb und Ihre Pr\u00e4ferenzen enthalten. <\/p>\n\n<p>Wir platzieren Cookies auf Ihren Ger\u00e4ten, um Ihnen das Surfen auf der Website unter optimalen Bedingungen zu erm\u00f6glichen und Ihre Pr\u00e4ferenzen wiederherzustellen, wenn Sie \u00fcber Ihr \u00fcbliches Ger\u00e4t verbunden sind, oder um Statistiken zu erstellen.<\/p>\n\n<h2 class=\"wp-block-heading\" id=\"h-article-2-cookies-that-we-use-via-the-site\">ARTIKEL 2: COOKIES, DIE WIR \u00dcBER DIE WEBSITE VERWENDEN<\/h2>\n\n<p>Wir verwenden:<\/p>\n\n<ul class=\"wp-block-list\">\n<li>Browser-Cookies, d.h. Cookies, die f\u00fcr das ordnungsgem\u00e4\u00dfe technische Funktionieren der Website erforderlich sind, da sie die Optimierung der Anzeige von Inhalten auf den einzelnen Endger\u00e4ten erm\u00f6glichen;<\/li>\n\n\n\n<li>Funktionale Cookies, die f\u00fcr das ordnungsgem\u00e4\u00dfe Funktionieren der Website nicht unbedingt erforderlich sind, aber die Erfahrung auf der Website optimieren, indem sie es erm\u00f6glichen, Informationen \u00fcber ein Formular, das Sie auf der Website ausgef\u00fcllt haben, zu speichern oder die Darstellung der Website anzupassen (insbesondere die verwendete Sprache, die Anzeigeaufl\u00f6sung);<\/li>\n\n\n\n<li>Analytics und Audience Measurements Cookies, die die Verfolgung des Surfverhaltens der Benutzer zu Optimierungszwecken erm\u00f6glichen. BioSerenity verwendet Google Analytics, einen Website-Analysedienst von Google, um das Funktionieren der Website zu verbessern. Google Analytics verwendet die gesammelten Daten, insbesondere die Anzahl der Besucher, die Herkunft und die Details der besuchten Seiten, um die Nutzung der Website zu \u00fcberwachen und zu untersuchen und um Berichte \u00fcber die Aktivit\u00e4ten zu erstellen.   Die Datenschutzbestimmungen von Google finden Sie unter <a href=\"https:\/\/policies.google.com\/privacy?hl=fr\" target=\"_blank\" rel=\"noreferrer noopener\">diesem Link<\/a>.<\/li>\n<\/ul>\n\n<p>Finden Sie heraus, welche Cookies verwendet werden oder \u00e4ndern Sie Ihre Einstellungen, indem Sie auf diesen Link klicken: <a href=\"javascript:Didomi.preferences.show()\">Pr\u00e4ferenzen Cookies<\/a><\/p>\n\n<p>Sie k\u00f6nnen die Hinterlegung von Cookies auf Ihrem Ger\u00e4t akzeptieren oder ablehnen, indem Sie das zu diesem Zweck vorgesehene Banner verwenden, wenn Sie sich mit der Website verbinden.<\/p>\n\n<p>Wir speichern keine Cookies, die es erm\u00f6glichen, Sie zur\u00fcckzuverfolgen oder IP-Adressen \u00fcber zw\u00f6lf (12) Monate nach der ersten Einzahlung in Ihr Terminal hinaus zu erhalten.<\/p>\n\n<p>Sie k\u00f6nnen Cookies jederzeit aus Ihrer Browsersoftware l\u00f6schen und sie so konfigurieren, dass sie nicht auf Ihrem Ger\u00e4t gespeichert werden.<\/p>\n\n<p>Das Surfen auf der Website ohne die Annahme von Cookies kann beeintr\u00e4chtigt werden.<\/p>\n\n<p>So deaktivieren, l\u00f6schen oder verwalten Sie Cookies direkt in Ihrem Browser:  <\/p>\n\n<p>F\u00fcr Internet Explorer\u2122: <a href=\"http:\/\/windows.microsoft.com\/fr-FR\/windows-vista\/Block-or-allow-cookies\">http:\/\/windows.microsoft.com\/fr-FR\/windows-vista\/Block-or-allow-cookies<\/a><br\/>F\u00fcr Safari\u2122: <a href=\"https:\/\/support.apple.com\/en-ie\/guide\/safari\/sfri11471\/mac\">https:\/\/support.apple.com\/en-ie\/guide\/safari\/sfri11471\/mac<\/a><br\/>F\u00fcr mobile Safari\u2122: <a href=\"https:\/\/support.apple.com\/en-us\/HT201265\">https:\/\/support.apple.com\/en-us\/HT201265<\/a><br\/>F\u00fcr Chrome\u2122: <a href=\"http:\/\/support.google.com\/chrome\/bin\/answer.py?hl=fr&amp;hlrm=en&amp;answer=95647\">http:\/\/support.google.com\/chrome\/bin\/answer.py?hl=fr&amp;hlrm=en&amp;answer=95647<\/a><br\/>F\u00fcr Firefox\u2122: <a href=\"http:\/\/support.mozilla.org\/fr\/kb\/activer-desactiver-cookies\">http:\/\/support.mozilla.org\/fr\/kb\/activer-desactiver-cookies<\/a><br\/>F\u00fcr Opera\u2122: <a href=\"http:\/\/help.opera.com\/Windows\/10.20\/fr\/cookies.html\">http:\/\/help.opera.com\/Windows\/10.20\/fr\/cookies.html<\/a><br\/>F\u00fcr Microsoft Edge\u2122: <a href=\"https:\/\/privacy.microsoft.com\/fr-fr\/windows-10-microsoft-edge-and-privacy\">https:\/\/privacy.microsoft.com\/fr-fr\/windows-10-microsoft-edge-and-privacy<\/a><br\/><\/p>\n\n<p>Einrichten Ihres Smartphones :<br\/>F\u00fcr iOS\u2122: <a href=\"https:\/\/support.apple.com\/fr-fr\/HT201265\">https:\/\/support.apple.com\/fr-fr\/HT201265<\/a><br\/>F\u00fcr Android\u2122: <a href=\"https:\/\/support.google.com\/accounts\/answer\/32050?hl=fr&amp;co=GENIE.Platform%3DAndroid\">https:\/\/support.google.com\/accounts\/answer\/32050?hl=fr&amp;co=GENIE.Platform%3DAndroid<\/a><br\/>Andere Browser: Weitere Informationen zur Verwaltung von Cookies mit anderen Browsern finden Sie in Ihrer Dokumentation oder in den Online-Hilfedateien. Sie k\u00f6nnen auch die Website der CNIL konsultieren, um zu erfahren, wie Sie Ihren Browser so konfigurieren, dass er die Ablage von Cookies auf Ihrem Ger\u00e4t kontrolliert: <a href=\"https:\/\/www.cnil.fr\/fr\/les-conseils-de-la-cnil-pour-maitriser-votre-navigateur\">https:\/\/www.cnil.fr\/fr\/les-conseils-de-la-cnil-pour-maitriser-votre-navigateur<\/a> <\/p>\n\n<p>Sie k\u00f6nnen die Einstellungen auch aufrufen, indem Sie auf diesen Link klicken: <a href=\"javascript:Didomi.preferences.show()\">Cookie-Einstellungen<\/a><\/p>\n\n<h2 class=\"wp-block-heading\" id=\"h-article-3-traffic-data\">ARTIKEL 3: VERKEHRSDATEN<\/h2>\n\n<p>Verkehrsdaten werden generiert, wenn Ihr Ger\u00e4t mit dem Internet und mit der Website verbunden ist.<\/p>\n\n<p>Diese Daten k\u00f6nnen zu statistischen Zwecken verwendet werden, um den Verkehr auf der Website zu analysieren und sie durch Anpassung an Ihre Bed\u00fcrfnisse zu verbessern.  <\/p>\n\n<p>Die Verkehrsdaten werden von BioSerenity niemals so verwendet, dass Einzelpersonen identifiziert werden k\u00f6nnen.<\/p>\n","protected":false},"excerpt":{"rendered":"<p>VON BIOSERENITY VERWENDETE COOKIE-RICHTLINIE ARTIKEL 1: WAS IST EIN COOKIE? Ein Cookie ist eine Datei, die auf der Festplatte Ihres Ger\u00e4ts gespeichert werden kann, wenn Sie die Website besuchen. Diese kleinen Dateien k\u00f6nnen z.B. die Sprache des Browsers, den Warenkorb und Ihre Pr\u00e4ferenzen enthalten. Wir platzieren Cookies auf Ihren Ger\u00e4ten, um Ihnen das Surfen auf [&hellip;]<\/p>\n","protected":false},"author":15,"featured_media":0,"parent":0,"menu_order":0,"comment_status":"closed","ping_status":"closed","template":"","meta":{"footnotes":""},"class_list":["post-3689","page","type-page","status-publish","hentry"],"blocksy_meta":[],"yoast_head":"<!-- This site is optimized with the Yoast SEO Premium plugin v27.4 (Yoast SEO v27.4) - https:\/\/yoast.com\/product\/yoast-seo-premium-wordpress\/ -->\n<title>Cookies - BioSerenity<\/title>\n<meta name=\"description\" content=\"Diese Seite beschreibt die Verwendung von Cookies auf der Webseite bioserenity.com, ihre Nutzung und die Wahlm\u00f6glichkeiten, die Sie bez\u00fcglich der Nutzung und Zustimmung haben.\" \/>\n<meta name=\"robots\" content=\"index, follow, max-snippet:-1, max-image-preview:large, max-video-preview:-1\" \/>\n<link rel=\"canonical\" href=\"https:\/\/bioserenity.com\/de\/cookies\/\" \/>\n<meta property=\"og:locale\" content=\"de_DE\" \/>\n<meta property=\"og:type\" content=\"article\" \/>\n<meta property=\"og:title\" content=\"Cookies\" \/>\n<meta property=\"og:description\" content=\"Diese Seite beschreibt die Verwendung von Cookies auf der Webseite bioserenity.com, ihre Nutzung und die Wahlm\u00f6glichkeiten, die Sie bez\u00fcglich der Nutzung und Zustimmung haben.\" \/>\n<meta property=\"og:url\" content=\"https:\/\/bioserenity.com\/de\/cookies\/\" \/>\n<meta property=\"og:site_name\" content=\"BioSerenity\" \/>\n<meta property=\"article:modified_time\" content=\"2026-03-05T13:51:58+00:00\" \/>\n<meta property=\"og:image\" content=\"https:\/\/bioserenity.com\/wp-content\/uploads\/2024\/03\/IceCap-BioSerenity.jpg\" \/>\n\t<meta property=\"og:image:width\" content=\"1920\" \/>\n\t<meta property=\"og:image:height\" content=\"912\" \/>\n\t<meta property=\"og:image:type\" content=\"image\/jpeg\" \/>\n<meta name=\"twitter:card\" content=\"summary_large_image\" \/>\n<meta name=\"twitter:label1\" content=\"Gesch\u00e4tzte Lesezeit\" \/>\n\t<meta name=\"twitter:data1\" content=\"3\u00a0Minuten\" \/>\n<script type=\"application\/ld+json\" class=\"yoast-schema-graph\">{\"@context\":\"https:\\\/\\\/schema.org\",\"@graph\":[{\"@type\":\"WebPage\",\"@id\":\"https:\\\/\\\/bioserenity.com\\\/de\\\/cookies\\\/\",\"url\":\"https:\\\/\\\/bioserenity.com\\\/de\\\/cookies\\\/\",\"name\":\"Cookies - BioSerenity\",\"isPartOf\":{\"@id\":\"https:\\\/\\\/bioserenity.com\\\/de\\\/#website\"},\"datePublished\":\"2024-04-04T14:58:51+00:00\",\"dateModified\":\"2026-03-05T13:51:58+00:00\",\"description\":\"Diese Seite beschreibt die Verwendung von Cookies auf der Webseite bioserenity.com, ihre Nutzung und die Wahlm\u00f6glichkeiten, die Sie bez\u00fcglich der Nutzung und Zustimmung haben.\",\"breadcrumb\":{\"@id\":\"https:\\\/\\\/bioserenity.com\\\/de\\\/cookies\\\/#breadcrumb\"},\"inLanguage\":\"de\",\"potentialAction\":[{\"@type\":\"ReadAction\",\"target\":[\"https:\\\/\\\/bioserenity.com\\\/de\\\/cookies\\\/\"]}]},{\"@type\":\"BreadcrumbList\",\"@id\":\"https:\\\/\\\/bioserenity.com\\\/de\\\/cookies\\\/#breadcrumb\",\"itemListElement\":[{\"@type\":\"ListItem\",\"position\":1,\"name\":\"Home\",\"item\":\"https:\\\/\\\/bioserenity.com\\\/de\\\/startseite\\\/\"},{\"@type\":\"ListItem\",\"position\":2,\"name\":\"Cookies\"}]},{\"@type\":\"WebSite\",\"@id\":\"https:\\\/\\\/bioserenity.com\\\/de\\\/#website\",\"url\":\"https:\\\/\\\/bioserenity.com\\\/de\\\/\",\"name\":\"BioSerenity\",\"description\":\"Connected &amp; Integrated Neurosciences. Brain monitoring &amp; remote diagnostic\",\"publisher\":{\"@id\":\"https:\\\/\\\/bioserenity.com\\\/de\\\/#organization\"},\"potentialAction\":[{\"@type\":\"SearchAction\",\"target\":{\"@type\":\"EntryPoint\",\"urlTemplate\":\"https:\\\/\\\/bioserenity.com\\\/de\\\/?s={search_term_string}\"},\"query-input\":{\"@type\":\"PropertyValueSpecification\",\"valueRequired\":true,\"valueName\":\"search_term_string\"}}],\"inLanguage\":\"de\"},{\"@type\":\"Organization\",\"@id\":\"https:\\\/\\\/bioserenity.com\\\/de\\\/#organization\",\"name\":\"BioSerenity\",\"url\":\"https:\\\/\\\/bioserenity.com\\\/de\\\/\",\"logo\":{\"@type\":\"ImageObject\",\"inLanguage\":\"de\",\"@id\":\"https:\\\/\\\/bioserenity.com\\\/de\\\/#\\\/schema\\\/logo\\\/image\\\/\",\"url\":\"https:\\\/\\\/bioserenity.com\\\/wp-content\\\/uploads\\\/2023\\\/05\\\/logo_bioserenity_BORDEAUX-600-o.png\",\"contentUrl\":\"https:\\\/\\\/bioserenity.com\\\/wp-content\\\/uploads\\\/2023\\\/05\\\/logo_bioserenity_BORDEAUX-600-o.png\",\"width\":600,\"height\":170,\"caption\":\"BioSerenity\"},\"image\":{\"@id\":\"https:\\\/\\\/bioserenity.com\\\/de\\\/#\\\/schema\\\/logo\\\/image\\\/\"},\"sameAs\":[\"https:\\\/\\\/www.linkedin.com\\\/company\\\/bioserenity\\\/\",\"https:\\\/\\\/www.youtube.com\\\/@bioserenity9854\"],\"description\":\"BIOSerenity, founded in 2014, is the French leader in electrophysiological diagnostics, performing more than 45,000 EEGs (electroencephalograms), 8,000 PSGs (polysomnographies), and 5,000 ECGs (electrocardiograms) each year. Its offering combines medical devices, a software platform, and AI algorithms, all designed and produced in France, integrated into an ecosystem of services for the benefit of physicians and patients. This unique end-to-end solution enables complex examinations to be performed and provides remote interpretation of signals in a timely manner, contributing to faster and more reliable clinical decisions. As an expert in neurology, BIOSerenity has developed the Large Brain Model (LBM), a foundation model trained on more than ten years of EEG recordings. This database and AI platform give rise to decision support tools that improve the quality and speed of interpretation. Among its flagship services, the long-term (72-hour) home EEG, unique in France, speeds up access to diagnosis when hospital slots are hardly available. In sleep medicine, BIOSerenity relies on a network of dedicated centers and specialized medical and paramedical teams to accelerate the diagnosis of sleep disorders and optimize patient referral. This vertical integration - devices, software, AI, and medical services - supports continuous improvement in the care pathway, as well as faster and more reliable diagnosis.\",\"email\":\"contact@bioserenity.com\",\"legalName\":\"BIOSERENITY\",\"numberOfEmployees\":{\"@type\":\"QuantitativeValue\",\"minValue\":\"201\",\"maxValue\":\"500\"}}]}<\/script>\n<!-- \/ Yoast SEO Premium plugin. -->","yoast_head_json":{"title":"Cookies - BioSerenity","description":"Diese Seite beschreibt die Verwendung von Cookies auf der Webseite bioserenity.com, ihre Nutzung und die Wahlm\u00f6glichkeiten, die Sie bez\u00fcglich der Nutzung und Zustimmung haben.","robots":{"index":"index","follow":"follow","max-snippet":"max-snippet:-1","max-image-preview":"max-image-preview:large","max-video-preview":"max-video-preview:-1"},"canonical":"https:\/\/bioserenity.com\/de\/cookies\/","og_locale":"de_DE","og_type":"article","og_title":"Cookies","og_description":"Diese Seite beschreibt die Verwendung von Cookies auf der Webseite bioserenity.com, ihre Nutzung und die Wahlm\u00f6glichkeiten, die Sie bez\u00fcglich der Nutzung und Zustimmung haben.","og_url":"https:\/\/bioserenity.com\/de\/cookies\/","og_site_name":"BioSerenity","article_modified_time":"2026-03-05T13:51:58+00:00","og_image":[{"width":1920,"height":912,"url":"https:\/\/bioserenity.com\/wp-content\/uploads\/2024\/03\/IceCap-BioSerenity.jpg","type":"image\/jpeg"}],"twitter_card":"summary_large_image","twitter_misc":{"Gesch\u00e4tzte Lesezeit":"3\u00a0Minuten"},"schema":{"@context":"https:\/\/schema.org","@graph":[{"@type":"WebPage","@id":"https:\/\/bioserenity.com\/de\/cookies\/","url":"https:\/\/bioserenity.com\/de\/cookies\/","name":"Cookies - BioSerenity","isPartOf":{"@id":"https:\/\/bioserenity.com\/de\/#website"},"datePublished":"2024-04-04T14:58:51+00:00","dateModified":"2026-03-05T13:51:58+00:00","description":"Diese Seite beschreibt die Verwendung von Cookies auf der Webseite bioserenity.com, ihre Nutzung und die Wahlm\u00f6glichkeiten, die Sie bez\u00fcglich der Nutzung und Zustimmung haben.","breadcrumb":{"@id":"https:\/\/bioserenity.com\/de\/cookies\/#breadcrumb"},"inLanguage":"de","potentialAction":[{"@type":"ReadAction","target":["https:\/\/bioserenity.com\/de\/cookies\/"]}]},{"@type":"BreadcrumbList","@id":"https:\/\/bioserenity.com\/de\/cookies\/#breadcrumb","itemListElement":[{"@type":"ListItem","position":1,"name":"Home","item":"https:\/\/bioserenity.com\/de\/startseite\/"},{"@type":"ListItem","position":2,"name":"Cookies"}]},{"@type":"WebSite","@id":"https:\/\/bioserenity.com\/de\/#website","url":"https:\/\/bioserenity.com\/de\/","name":"BioSerenity","description":"Connected &amp; Integrated Neurosciences. Brain monitoring &amp; remote diagnostic","publisher":{"@id":"https:\/\/bioserenity.com\/de\/#organization"},"potentialAction":[{"@type":"SearchAction","target":{"@type":"EntryPoint","urlTemplate":"https:\/\/bioserenity.com\/de\/?s={search_term_string}"},"query-input":{"@type":"PropertyValueSpecification","valueRequired":true,"valueName":"search_term_string"}}],"inLanguage":"de"},{"@type":"Organization","@id":"https:\/\/bioserenity.com\/de\/#organization","name":"BioSerenity","url":"https:\/\/bioserenity.com\/de\/","logo":{"@type":"ImageObject","inLanguage":"de","@id":"https:\/\/bioserenity.com\/de\/#\/schema\/logo\/image\/","url":"https:\/\/bioserenity.com\/wp-content\/uploads\/2023\/05\/logo_bioserenity_BORDEAUX-600-o.png","contentUrl":"https:\/\/bioserenity.com\/wp-content\/uploads\/2023\/05\/logo_bioserenity_BORDEAUX-600-o.png","width":600,"height":170,"caption":"BioSerenity"},"image":{"@id":"https:\/\/bioserenity.com\/de\/#\/schema\/logo\/image\/"},"sameAs":["https:\/\/www.linkedin.com\/company\/bioserenity\/","https:\/\/www.youtube.com\/@bioserenity9854"],"description":"BIOSerenity, founded in 2014, is the French leader in electrophysiological diagnostics, performing more than 45,000 EEGs (electroencephalograms), 8,000 PSGs (polysomnographies), and 5,000 ECGs (electrocardiograms) each year. Its offering combines medical devices, a software platform, and AI algorithms, all designed and produced in France, integrated into an ecosystem of services for the benefit of physicians and patients. This unique end-to-end solution enables complex examinations to be performed and provides remote interpretation of signals in a timely manner, contributing to faster and more reliable clinical decisions. As an expert in neurology, BIOSerenity has developed the Large Brain Model (LBM), a foundation model trained on more than ten years of EEG recordings. This database and AI platform give rise to decision support tools that improve the quality and speed of interpretation. Among its flagship services, the long-term (72-hour) home EEG, unique in France, speeds up access to diagnosis when hospital slots are hardly available. In sleep medicine, BIOSerenity relies on a network of dedicated centers and specialized medical and paramedical teams to accelerate the diagnosis of sleep disorders and optimize patient referral. This vertical integration - devices, software, AI, and medical services - supports continuous improvement in the care pathway, as well as faster and more reliable diagnosis.","email":"contact@bioserenity.com","legalName":"BIOSERENITY","numberOfEmployees":{"@type":"QuantitativeValue","minValue":"201","maxValue":"500"}}]}},"_links":{"self":[{"href":"https:\/\/bioserenity.com\/de\/wp-json\/wp\/v2\/pages\/3689","targetHints":{"allow":["GET"]}}],"collection":[{"href":"https:\/\/bioserenity.com\/de\/wp-json\/wp\/v2\/pages"}],"about":[{"href":"https:\/\/bioserenity.com\/de\/wp-json\/wp\/v2\/types\/page"}],"author":[{"embeddable":true,"href":"https:\/\/bioserenity.com\/de\/wp-json\/wp\/v2\/users\/15"}],"replies":[{"embeddable":true,"href":"https:\/\/bioserenity.com\/de\/wp-json\/wp\/v2\/comments?post=3689"}],"version-history":[{"count":4,"href":"https:\/\/bioserenity.com\/de\/wp-json\/wp\/v2\/pages\/3689\/revisions"}],"predecessor-version":[{"id":6385,"href":"https:\/\/bioserenity.com\/de\/wp-json\/wp\/v2\/pages\/3689\/revisions\/6385"}],"wp:attachment":[{"href":"https:\/\/bioserenity.com\/de\/wp-json\/wp\/v2\/media?parent=3689"}],"curies":[{"name":"wp","href":"https:\/\/api.w.org\/{rel}","templated":true}]}}