{"id":3588,"date":"2024-04-04T15:14:45","date_gmt":"2024-04-04T14:14:45","guid":{"rendered":"http:\/\/bioscom.onpressidium.com\/qualitaet-europa\/"},"modified":"2026-04-30T16:08:00","modified_gmt":"2026-04-30T15:08:00","slug":"qualitaet-europa","status":"publish","type":"page","link":"https:\/\/bioserenity.com\/de\/qualitaet-europa\/","title":{"rendered":"Qualit\u00e4t Europa"},"content":{"rendered":"\t\t<div data-elementor-type=\"wp-page\" data-elementor-id=\"3588\" class=\"elementor elementor-3588 elementor-3569\" data-elementor-post-type=\"page\">\n\t\t\t\t<div class=\"elementor-element elementor-element-8efd8e8 e-flex e-con-boxed e-con e-parent\" data-id=\"8efd8e8\" data-element_type=\"container\" data-e-type=\"container\">\n\t\t\t\t\t<div class=\"e-con-inner\">\n\t\t\t\t<div class=\"elementor-element elementor-element-8da8f8d elementor-widget elementor-widget-heading\" data-id=\"8da8f8d\" data-element_type=\"widget\" data-e-type=\"widget\" data-widget_type=\"heading.default\">\n\t\t\t\t<div class=\"elementor-widget-container\">\n\t\t\t\t\t<h2 class=\"elementor-heading-title elementor-size-default\">Qualit\u00e4t und Einhaltung von Vorschriften - Europa<\/h2>\t\t\t\t<\/div>\n\t\t\t\t<\/div>\n\t\t\t\t<div class=\"elementor-element elementor-element-5253aac elementor-widget elementor-widget-text-editor\" data-id=\"5253aac\" data-element_type=\"widget\" data-e-type=\"widget\" data-widget_type=\"text-editor.default\">\n\t\t\t\t<div class=\"elementor-widget-container\">\n\t\t\t\t\t\t\t\t\t<p><span style=\"font-size: inherit; text-align: inherit; color: var(--theme-text-color); font-family: var(--theme-font-family); font-style: var(--theme-font-style, inherit); font-weight: var(--theme-font-weight); letter-spacing: var(--theme-letter-spacing); text-transform: var(--theme-text-transform);\">Die Einhaltung von Qualit\u00e4ts- und Rechtsvorschriften, auch &#8222;Compliance&#8220; genannt, bedeutet \u00fcber den Zertifizierungsprozess hinaus die Einhaltung einer Reihe von Rechts- und Verwaltungsvorschriften sowie von Normen, Standards und bew\u00e4hrten Praktiken, um sich an alle f\u00fcr einen Sektor geltenden Anforderungen anzupassen (Qualit\u00e4t, Materiovigilanz, Verarbeitung von Gesundheitsdaten).<\/span><\/p><p>Durch sein Qualit\u00e4tsmanagementsystem und seine Compliance-Abteilungen (Regulatory and Legal Quality) sorgt BioSerenity f\u00fcr die Einhaltung dieser Anforderungen, um die Qualit\u00e4t, Leistung und Sicherheit seiner Produkte und Dienstleistungen in Europa und Nordamerika zu gew\u00e4hrleisten.<\/p><p><b style=\"color: var(--theme-text-color); font-family: var(--theme-font-family); font-size: inherit; font-style: var(--theme-font-style, inherit); letter-spacing: var(--theme-letter-spacing); text-align: inherit; text-transform: var(--theme-text-transform); font-variant-ligatures: inherit; font-variant-caps: inherit;\">IN EUROPA: CE-KENNZEICHNUNG<\/b><\/p><p>In \u00dcbereinstimmung mit der europ\u00e4ischen Gesetzgebung muss jedes Produkt, das der Definition eines Medizinprodukts entspricht, mit der CE-Kennzeichnung versehen werden, die die Einhaltung der Bestimmungen der Verordnung (EU) 2017\/745 f\u00fcr Medizinprodukte bescheinigt.<\/p><p>BioSerenity-Produkte haben die CE-Kennzeichnung erhalten. Die CE-Kennzeichnung erm\u00f6glicht es insbesondere, die \u00dcbereinstimmung der BioSerenity-Produkte mit einer Reihe von Normen zu bescheinigen, die mit den Bestimmungen der Medizinprodukteverordnung harmonisiert sind.<\/p><p><a href=\"https:\/\/bioserenity.com\/wp-content\/uploads\/2025\/04\/MDR-802592certificate-BIOS-MDG-11-DEC-2027-1-1.pdf\" target=\"_blank\" rel=\"noopener\">\u27a1\ufe0fMDR Zertifikat (BSI benannte Stelle)<\/a><\/p><p>Die europ\u00e4ische Verordnung schreibt unter anderem vor, dass der Hersteller \u00fcber ein Qualit\u00e4tsmanagementsystem verf\u00fcgen muss, das nach der geltenden harmonisierten Norm (ISO-Norm) bewertet wurde.<\/p><p>Das Qualit\u00e4tsmanagementsystem von BioSerenity wurde daher auf \u00dcbereinstimmung mit der harmonisierten Norm ISO 13485: 2016 &#8211; Medizinprodukte &#8211; Qualit\u00e4tsmanagementsysteme &#8211; Anforderungen f\u00fcr regulatorische Zwecke &#8211; gepr\u00fcft.<\/p><p><a href=\"https:\/\/bioserenity.com\/wp-content\/uploads\/2025\/04\/MD-802582-certificate-BIOS-MDG-3-JUNE-2027.pdf\" target=\"_blank\" rel=\"noopener\">\u27a1\ufe0fISO 13485: 2016 Zertifikat<\/a><a href=\"http:\/\/bioserenity.com\/wp-content\/uploads\/2024\/05\/ISO13485-MD-802582-certificate-BIOS-MDG-14-MARCH-2024.pdf\"><br><\/a><\/p><p><b style=\"font-size: inherit; text-align: inherit; color: var(--theme-text-color); font-family: var(--theme-font-family); font-style: var(--theme-font-style, inherit); letter-spacing: var(--theme-letter-spacing); text-transform: var(--theme-text-transform);\"><span style=\"color: var(--theme-text-color); font-family: var(--theme-font-family); font-size: inherit; font-style: var(--theme-font-style, inherit); letter-spacing: var(--theme-letter-spacing); text-align: inherit; text-transform: var(--theme-text-transform);\">IN DEN USA: ABFERTIGUNG<\/span><\/b><\/p><p>Nach US-amerikanischem Recht muss jedes Produkt, das der Definition eines Medizinprodukts entspricht (sofern es nicht ausgenommen ist), eine FDA-Zulassung erhalten, die die \u00dcbereinstimmung mit Titel 21 des US Code of Federal Regulations bescheinigt. Diese Genehmigung wird von der FDA (Food and Drug Administration) erteilt.<\/p><p><span style=\"color: var(--theme-text-color); font-family: var(--theme-font-family); font-size: inherit; font-style: var(--theme-font-style, inherit); font-weight: var(--theme-font-weight); letter-spacing: var(--theme-letter-spacing); text-align: inherit; text-transform: var(--theme-text-transform);\">Neben anderen Anforderungen empfiehlt 21 CFR Part 820, dass der Hersteller ein Qualit\u00e4tsmanagementsystem nach dem MDSAP-Programm bewerten l\u00e4sst.<\/span><\/p><p>Das MDSAP (Medical Device Single Audit Program) ist ein internationales Programm zur Bewertung der Qualit\u00e4tsmanagementsysteme von Medizinprodukteherstellern, das die folgenden Gebiete abdeckt: Vereinigte Staaten, Kanada, Brasilien, Australien und Japan. Dieses Programm erm\u00f6glicht es, in einem einzigen Audit das Qualit\u00e4tsmanagementsystem eines Unternehmens zu zertifizieren. So kombiniert Bioserenity die Bestimmungen der ISO 13485: 2016 mit den spezifischen Anforderungen der folgenden L\u00e4nder:<\/p><ul><li>US-Gerichtsbarkeit : 21 CFR Part 820<\/li><li>Kanadische Gerichte : SOR 98-282<\/li><\/ul><p>Der BioSerenity MDSAP wird seit Juni 2018 jedes Jahr gepr\u00fcft. Das MDSAP-Zertifikat soll die Registrierung von BioSerenity-Produkten in diesen L\u00e4ndern optimieren und beschleunigen.<\/p><p><a style=\"font-variant-ligatures: inherit; font-variant-caps: inherit;\" href=\"https:\/\/bioserenity.com\/wp-content\/uploads\/2025\/08\/MDSAP-802594.pdf\" target=\"_blank\" rel=\"noopener\">\u27a1\ufe0fMDSAP Zertifikat<\/a><\/p><p><b style=\"font-family: inherit; font-size: inherit; font-style: inherit; font-variant-ligatures: inherit; font-variant-caps: inherit;\">VORGESEHENE VERWENDUNG DURCH DEN NEURONAUTE<\/b><\/p><p>Der Neuronaute zeichnet elektrophysiologische Signale in Echtzeit f\u00fcr die Diagnose von neurologischen Erkrankungen auf.  <span style=\"font-size: inherit; text-align: inherit; color: var(--theme-text-color); font-family: var(--theme-font-family); font-style: var(--theme-font-style, inherit); font-weight: var(--theme-font-weight); letter-spacing: var(--theme-letter-spacing); text-transform: var(--theme-text-transform);\">Der Neuronaute darf nur von medizinischem Fachpersonal gehandhabt werden, das in seiner Anwendung geschult ist.  <\/span><span style=\"font-size: inherit; text-align: inherit; color: var(--theme-text-color); font-family: var(--theme-font-family); font-style: var(--theme-font-style, inherit); font-weight: var(--theme-font-weight); letter-spacing: var(--theme-letter-spacing); text-transform: var(--theme-text-transform);\">Der Neuronaute zeichnet physiologische Signale auf. Es kann kein Anspruch auf die Analyse dieser Signale erhoben werden.  <\/span><span style=\"font-size: inherit; text-align: inherit; color: var(--theme-text-color); font-family: var(--theme-font-family); font-style: var(--theme-font-style, inherit); font-weight: var(--theme-font-weight); letter-spacing: var(--theme-letter-spacing); text-transform: var(--theme-text-transform);\">Der Neuronaute ist ein Medizinprodukt der Klasse IIa und tr\u00e4gt das CE 2797-Zeichen, das von der BSI vergeben wird.  <\/span><span style=\"font-size: inherit; text-align: inherit; color: var(--theme-text-color); font-family: var(--theme-font-family); font-style: var(--theme-font-style, inherit); font-weight: var(--theme-font-weight); letter-spacing: var(--theme-letter-spacing); text-transform: var(--theme-text-transform);\">Der Bediener muss vor der Verwendung des Medizinprodukts stets die Gebrauchsanweisung zu Rate ziehen und die Gebrauchsanweisung lesen, um die ordnungsgem\u00e4\u00dfe Verwendung sicherzustellen.<\/span><\/p><p><b>A STANDARD<\/b><\/p><p>Ist eine von einer Zertifizierungsstelle genehmigte technische Spezifikation, deren Anwendung nicht zwingend vorgeschrieben ist und die es erm\u00f6glicht, die Konformit\u00e4t eines Produkts \/ einer Dienstleistung \/ eines Prozesses \/ eines Systems mit einer Reihe von Anforderungen zu zertifizieren. Die f\u00fcr den Bereich der Medizinprodukte geltenden Normen sind produktspezifisch. Weitere Informationen finden Sie in den nachstehenden EU-Konformit\u00e4tserkl\u00e4rungen:<\/p><p><b>Neuronaute Reichweite<\/b><\/p><p><a style=\"font-variant-ligatures: inherit; font-variant-caps: inherit;\" href=\"https:\/\/bioserenity.com\/wp-content\/uploads\/2026\/04\/COC-00070Y-WEMU_PRODUCT_EU_DoC_V6.1.0_DE_IT_FR_EN_signed-1.pdf\" target=\"_blank\" rel=\"noopener\">\u27a1\ufe0f* Neuronaute\u00ae PLUS Kernmodul &amp; Neuronaute\u00ae mobile App (Android)<\/a><\/p><p><b style=\"font-family: var(--theme-font-family); font-size: inherit; font-style: var(--theme-font-style, inherit); font-variant-ligatures: inherit; font-variant-caps: inherit; text-align: inherit; color: var(--theme-text-color); letter-spacing: var(--theme-letter-spacing); text-transform: var(--theme-text-transform);\">IceCap Reihe<\/b><\/p><p><a href=\"https:\/\/bioserenity.com\/wp-content\/uploads\/2026\/04\/CoC-00083_Icecap_product_line_PRODUCT_EC_DoC_V2.1.1_signe.pdf\">\u27a1\ufe0f* IceCap Produktlinie<\/a><\/p><p><b>BioSerenity Cloud \/ Plateforme Reihe<\/b><\/p><p>\u27a1\ufe0f*<a href=\"https:\/\/bioserenity.com\/wp-content\/uploads\/2026\/04\/COC-00061Q_BIOSERENITY_CLOUD_PRODUCT_DoC_DE_IT_FR_EN_V7.2.1_signee.pdf\" target=\"_blank\" rel=\"noopener\"> Bioserenity\u00ae Wolke<\/a><\/p><p><a href=\"https:\/\/bioserenity.com\/wp-content\/uploads\/2026\/02\/COC-00081P_BLINK_PRODUCT_EU_DoC__DE_IT_FR_EN_V1.11.0_signee.pdf\" target=\"_blank\" rel=\"noopener\">\u27a1\ufe0f* BLINK Mobile App Android  <\/a><\/p><p><strong>Videokit Sortiment (kein Medizinprodukt)<\/strong><\/p><p><a href=\"https:\/\/bioserenity.com\/wp-content\/uploads\/2026\/04\/COC-00102C_RED_DoC_Full_Bilingual.pdf\">\u27a1\ufe0f*Videokit<\/a><\/p><p><b>GEBRAUCHSANWEISUNG F\u00dcR MEDIZINPRODUKTE<\/b><\/p><p>\u27a1\ufe0f* <a href=\"https:\/\/static.app.bioserenity.com\/wemu_documentation.html\">Neuronaute <span data-teams=\"true\">Plus, Mobile App &amp; Zubeh\u00f6r, Cloud, Blink<\/span><\/a><\/p>\t\t\t\t\t\t\t\t<\/div>\n\t\t\t\t<\/div>\n\t\t\t\t\t<\/div>\n\t\t\t\t<\/div>\n\t\t\t\t<\/div>\n\t\t","protected":false},"excerpt":{"rendered":"<p>Qualit\u00e4t und Einhaltung von Vorschriften &#8211; Europa Die Einhaltung von Qualit\u00e4ts- und Rechtsvorschriften, auch &#8222;Compliance&#8220; genannt, bedeutet \u00fcber den Zertifizierungsprozess hinaus die Einhaltung einer Reihe von Rechts- und Verwaltungsvorschriften sowie von Normen, Standards und bew\u00e4hrten Praktiken, um sich an alle f\u00fcr einen Sektor geltenden Anforderungen anzupassen (Qualit\u00e4t, Materiovigilanz, Verarbeitung von Gesundheitsdaten). Durch sein Qualit\u00e4tsmanagementsystem und [&hellip;]<\/p>\n","protected":false},"author":16,"featured_media":0,"parent":0,"menu_order":0,"comment_status":"closed","ping_status":"closed","template":"","meta":{"footnotes":""},"class_list":["post-3588","page","type-page","status-publish","hentry"],"blocksy_meta":[],"yoast_head":"<!-- This site is optimized with the Yoast SEO Premium plugin v27.5 (Yoast SEO v27.5) - https:\/\/yoast.com\/product\/yoast-seo-premium-wordpress\/ -->\n<title>-<\/title>\n<meta name=\"description\" content=\"Auf dieser Seite finden Sie Informationen zur Qualit\u00e4tszertifizierung und Konformit\u00e4t, insbesondere zu den Aspekten der CE-Kennzeichnung von BIOSerenity-Ger\u00e4ten.\" \/>\n<meta name=\"robots\" content=\"index, follow, max-snippet:-1, max-image-preview:large, max-video-preview:-1\" \/>\n<link rel=\"canonical\" href=\"https:\/\/bioserenity.com\/de\/qualitaet-europa\/\" \/>\n<meta property=\"og:locale\" content=\"de_DE\" \/>\n<meta property=\"og:type\" content=\"article\" \/>\n<meta property=\"og:title\" content=\"Qualit\u00e4t Europa\" \/>\n<meta property=\"og:description\" content=\"Auf dieser Seite finden Sie Informationen zur Qualit\u00e4tszertifizierung und Konformit\u00e4t, insbesondere zu den Aspekten der CE-Kennzeichnung von BIOSerenity-Ger\u00e4ten.\" \/>\n<meta property=\"og:url\" content=\"https:\/\/bioserenity.com\/de\/qualitaet-europa\/\" \/>\n<meta property=\"og:site_name\" content=\"BioSerenity\" \/>\n<meta property=\"article:modified_time\" content=\"2026-04-30T15:08:00+00:00\" \/>\n<meta property=\"og:image\" content=\"https:\/\/bioserenity.com\/wp-content\/uploads\/2024\/03\/IceCap-BioSerenity.jpg\" \/>\n\t<meta property=\"og:image:width\" content=\"1920\" \/>\n\t<meta property=\"og:image:height\" content=\"912\" \/>\n\t<meta property=\"og:image:type\" content=\"image\/jpeg\" \/>\n<meta name=\"twitter:card\" content=\"summary_large_image\" \/>\n<meta name=\"twitter:label1\" content=\"Gesch\u00e4tzte Lesezeit\" \/>\n\t<meta name=\"twitter:data1\" content=\"4\u00a0Minuten\" \/>\n<script type=\"application\/ld+json\" class=\"yoast-schema-graph\">{\"@context\":\"https:\\\/\\\/schema.org\",\"@graph\":[{\"@type\":\"WebPage\",\"@id\":\"https:\\\/\\\/bioserenity.com\\\/de\\\/qualitaet-europa\\\/\",\"url\":\"https:\\\/\\\/bioserenity.com\\\/de\\\/qualitaet-europa\\\/\",\"name\":\"-\",\"isPartOf\":{\"@id\":\"https:\\\/\\\/bioserenity.com\\\/de\\\/#website\"},\"datePublished\":\"2024-04-04T14:14:45+00:00\",\"dateModified\":\"2026-04-30T15:08:00+00:00\",\"description\":\"Auf dieser Seite finden Sie Informationen zur Qualit\u00e4tszertifizierung und Konformit\u00e4t, insbesondere zu den Aspekten der CE-Kennzeichnung von BIOSerenity-Ger\u00e4ten.\",\"breadcrumb\":{\"@id\":\"https:\\\/\\\/bioserenity.com\\\/de\\\/qualitaet-europa\\\/#breadcrumb\"},\"inLanguage\":\"de\",\"potentialAction\":[{\"@type\":\"ReadAction\",\"target\":[\"https:\\\/\\\/bioserenity.com\\\/de\\\/qualitaet-europa\\\/\"]}]},{\"@type\":\"BreadcrumbList\",\"@id\":\"https:\\\/\\\/bioserenity.com\\\/de\\\/qualitaet-europa\\\/#breadcrumb\",\"itemListElement\":[{\"@type\":\"ListItem\",\"position\":1,\"name\":\"Home\",\"item\":\"https:\\\/\\\/bioserenity.com\\\/de\\\/startseite\\\/\"},{\"@type\":\"ListItem\",\"position\":2,\"name\":\"Qualit\u00e4t Europa\"}]},{\"@type\":\"WebSite\",\"@id\":\"https:\\\/\\\/bioserenity.com\\\/de\\\/#website\",\"url\":\"https:\\\/\\\/bioserenity.com\\\/de\\\/\",\"name\":\"BioSerenity\",\"description\":\"Connected &amp; Integrated Neurosciences. Brain monitoring &amp; remote diagnostic\",\"publisher\":{\"@id\":\"https:\\\/\\\/bioserenity.com\\\/de\\\/#organization\"},\"potentialAction\":[{\"@type\":\"SearchAction\",\"target\":{\"@type\":\"EntryPoint\",\"urlTemplate\":\"https:\\\/\\\/bioserenity.com\\\/de\\\/?s={search_term_string}\"},\"query-input\":{\"@type\":\"PropertyValueSpecification\",\"valueRequired\":true,\"valueName\":\"search_term_string\"}}],\"inLanguage\":\"de\"},{\"@type\":\"Organization\",\"@id\":\"https:\\\/\\\/bioserenity.com\\\/de\\\/#organization\",\"name\":\"BioSerenity\",\"url\":\"https:\\\/\\\/bioserenity.com\\\/de\\\/\",\"logo\":{\"@type\":\"ImageObject\",\"inLanguage\":\"de\",\"@id\":\"https:\\\/\\\/bioserenity.com\\\/de\\\/#\\\/schema\\\/logo\\\/image\\\/\",\"url\":\"https:\\\/\\\/bioserenity.com\\\/wp-content\\\/uploads\\\/2023\\\/05\\\/logo_bioserenity_BORDEAUX-600-o.png\",\"contentUrl\":\"https:\\\/\\\/bioserenity.com\\\/wp-content\\\/uploads\\\/2023\\\/05\\\/logo_bioserenity_BORDEAUX-600-o.png\",\"width\":600,\"height\":170,\"caption\":\"BioSerenity\"},\"image\":{\"@id\":\"https:\\\/\\\/bioserenity.com\\\/de\\\/#\\\/schema\\\/logo\\\/image\\\/\"},\"sameAs\":[\"https:\\\/\\\/www.linkedin.com\\\/company\\\/bioserenity\\\/\",\"https:\\\/\\\/www.youtube.com\\\/@bioserenity9854\"],\"description\":\"BIOSerenity, founded in 2014, is the French leader in electrophysiological diagnostics, performing more than 45,000 EEGs (electroencephalograms), 8,000 PSGs (polysomnographies), and 5,000 ECGs (electrocardiograms) each year. Its offering combines medical devices, a software platform, and AI algorithms, all designed and produced in France, integrated into an ecosystem of services for the benefit of physicians and patients. This unique end-to-end solution enables complex examinations to be performed and provides remote interpretation of signals in a timely manner, contributing to faster and more reliable clinical decisions. As an expert in neurology, BIOSerenity has developed the Large Brain Model (LBM), a foundation model trained on more than ten years of EEG recordings. This database and AI platform give rise to decision support tools that improve the quality and speed of interpretation. Among its flagship services, the long-term (72-hour) home EEG, unique in France, speeds up access to diagnosis when hospital slots are hardly available. In sleep medicine, BIOSerenity relies on a network of dedicated centers and specialized medical and paramedical teams to accelerate the diagnosis of sleep disorders and optimize patient referral. This vertical integration - devices, software, AI, and medical services - supports continuous improvement in the care pathway, as well as faster and more reliable diagnosis.\",\"email\":\"contact@bioserenity.com\",\"legalName\":\"BIOSERENITY\",\"numberOfEmployees\":{\"@type\":\"QuantitativeValue\",\"minValue\":\"201\",\"maxValue\":\"500\"}}]}<\/script>\n<!-- \/ Yoast SEO Premium plugin. -->","yoast_head_json":{"title":"-","description":"Auf dieser Seite finden Sie Informationen zur Qualit\u00e4tszertifizierung und Konformit\u00e4t, insbesondere zu den Aspekten der CE-Kennzeichnung von BIOSerenity-Ger\u00e4ten.","robots":{"index":"index","follow":"follow","max-snippet":"max-snippet:-1","max-image-preview":"max-image-preview:large","max-video-preview":"max-video-preview:-1"},"canonical":"https:\/\/bioserenity.com\/de\/qualitaet-europa\/","og_locale":"de_DE","og_type":"article","og_title":"Qualit\u00e4t Europa","og_description":"Auf dieser Seite finden Sie Informationen zur Qualit\u00e4tszertifizierung und Konformit\u00e4t, insbesondere zu den Aspekten der CE-Kennzeichnung von BIOSerenity-Ger\u00e4ten.","og_url":"https:\/\/bioserenity.com\/de\/qualitaet-europa\/","og_site_name":"BioSerenity","article_modified_time":"2026-04-30T15:08:00+00:00","og_image":[{"width":1920,"height":912,"url":"https:\/\/bioserenity.com\/wp-content\/uploads\/2024\/03\/IceCap-BioSerenity.jpg","type":"image\/jpeg"}],"twitter_card":"summary_large_image","twitter_misc":{"Gesch\u00e4tzte Lesezeit":"4\u00a0Minuten"},"schema":{"@context":"https:\/\/schema.org","@graph":[{"@type":"WebPage","@id":"https:\/\/bioserenity.com\/de\/qualitaet-europa\/","url":"https:\/\/bioserenity.com\/de\/qualitaet-europa\/","name":"-","isPartOf":{"@id":"https:\/\/bioserenity.com\/de\/#website"},"datePublished":"2024-04-04T14:14:45+00:00","dateModified":"2026-04-30T15:08:00+00:00","description":"Auf dieser Seite finden Sie Informationen zur Qualit\u00e4tszertifizierung und Konformit\u00e4t, insbesondere zu den Aspekten der CE-Kennzeichnung von BIOSerenity-Ger\u00e4ten.","breadcrumb":{"@id":"https:\/\/bioserenity.com\/de\/qualitaet-europa\/#breadcrumb"},"inLanguage":"de","potentialAction":[{"@type":"ReadAction","target":["https:\/\/bioserenity.com\/de\/qualitaet-europa\/"]}]},{"@type":"BreadcrumbList","@id":"https:\/\/bioserenity.com\/de\/qualitaet-europa\/#breadcrumb","itemListElement":[{"@type":"ListItem","position":1,"name":"Home","item":"https:\/\/bioserenity.com\/de\/startseite\/"},{"@type":"ListItem","position":2,"name":"Qualit\u00e4t Europa"}]},{"@type":"WebSite","@id":"https:\/\/bioserenity.com\/de\/#website","url":"https:\/\/bioserenity.com\/de\/","name":"BioSerenity","description":"Connected &amp; Integrated Neurosciences. Brain monitoring &amp; remote diagnostic","publisher":{"@id":"https:\/\/bioserenity.com\/de\/#organization"},"potentialAction":[{"@type":"SearchAction","target":{"@type":"EntryPoint","urlTemplate":"https:\/\/bioserenity.com\/de\/?s={search_term_string}"},"query-input":{"@type":"PropertyValueSpecification","valueRequired":true,"valueName":"search_term_string"}}],"inLanguage":"de"},{"@type":"Organization","@id":"https:\/\/bioserenity.com\/de\/#organization","name":"BioSerenity","url":"https:\/\/bioserenity.com\/de\/","logo":{"@type":"ImageObject","inLanguage":"de","@id":"https:\/\/bioserenity.com\/de\/#\/schema\/logo\/image\/","url":"https:\/\/bioserenity.com\/wp-content\/uploads\/2023\/05\/logo_bioserenity_BORDEAUX-600-o.png","contentUrl":"https:\/\/bioserenity.com\/wp-content\/uploads\/2023\/05\/logo_bioserenity_BORDEAUX-600-o.png","width":600,"height":170,"caption":"BioSerenity"},"image":{"@id":"https:\/\/bioserenity.com\/de\/#\/schema\/logo\/image\/"},"sameAs":["https:\/\/www.linkedin.com\/company\/bioserenity\/","https:\/\/www.youtube.com\/@bioserenity9854"],"description":"BIOSerenity, founded in 2014, is the French leader in electrophysiological diagnostics, performing more than 45,000 EEGs (electroencephalograms), 8,000 PSGs (polysomnographies), and 5,000 ECGs (electrocardiograms) each year. Its offering combines medical devices, a software platform, and AI algorithms, all designed and produced in France, integrated into an ecosystem of services for the benefit of physicians and patients. This unique end-to-end solution enables complex examinations to be performed and provides remote interpretation of signals in a timely manner, contributing to faster and more reliable clinical decisions. As an expert in neurology, BIOSerenity has developed the Large Brain Model (LBM), a foundation model trained on more than ten years of EEG recordings. This database and AI platform give rise to decision support tools that improve the quality and speed of interpretation. Among its flagship services, the long-term (72-hour) home EEG, unique in France, speeds up access to diagnosis when hospital slots are hardly available. In sleep medicine, BIOSerenity relies on a network of dedicated centers and specialized medical and paramedical teams to accelerate the diagnosis of sleep disorders and optimize patient referral. This vertical integration - devices, software, AI, and medical services - supports continuous improvement in the care pathway, as well as faster and more reliable diagnosis.","email":"contact@bioserenity.com","legalName":"BIOSERENITY","numberOfEmployees":{"@type":"QuantitativeValue","minValue":"201","maxValue":"500"}}]}},"_links":{"self":[{"href":"https:\/\/bioserenity.com\/de\/wp-json\/wp\/v2\/pages\/3588","targetHints":{"allow":["GET"]}}],"collection":[{"href":"https:\/\/bioserenity.com\/de\/wp-json\/wp\/v2\/pages"}],"about":[{"href":"https:\/\/bioserenity.com\/de\/wp-json\/wp\/v2\/types\/page"}],"author":[{"embeddable":true,"href":"https:\/\/bioserenity.com\/de\/wp-json\/wp\/v2\/users\/16"}],"replies":[{"embeddable":true,"href":"https:\/\/bioserenity.com\/de\/wp-json\/wp\/v2\/comments?post=3588"}],"version-history":[{"count":5,"href":"https:\/\/bioserenity.com\/de\/wp-json\/wp\/v2\/pages\/3588\/revisions"}],"predecessor-version":[{"id":7649,"href":"https:\/\/bioserenity.com\/de\/wp-json\/wp\/v2\/pages\/3588\/revisions\/7649"}],"wp:attachment":[{"href":"https:\/\/bioserenity.com\/de\/wp-json\/wp\/v2\/media?parent=3588"}],"curies":[{"name":"wp","href":"https:\/\/api.w.org\/{rel}","templated":true}]}}