{"id":3511,"date":"2024-04-04T13:10:00","date_gmt":"2024-04-04T12:10:00","guid":{"rendered":"http:\/\/bioscom.onpressidium.com\/somnophy\/"},"modified":"2025-10-02T11:37:50","modified_gmt":"2025-10-02T10:37:50","slug":"somnophy","status":"publish","type":"page","link":"https:\/\/bioserenity.com\/de\/somnophy\/","title":{"rendered":"Somnophy"},"content":{"rendered":"\n<p>Somnophy bietet die <strong>Durchf\u00fchrung<\/strong> und <strong>Fernauswertung<\/strong> der <strong>Polysomnographie<\/strong> (PSG)<\/p>\n\n<p>Somnophy ist eine <strong>von BIOSerenity entwickelte Plattform f\u00fcr<\/strong> die Fernauswertung, die Schlafstationen, \u00c4rzten und Technikern zur <strong>Verf\u00fcgung gestellt wird<\/strong>, die eine innovative L\u00f6sung f\u00fcr die Fernauswertung suchen.<\/p>\n\n<p>Unsere Techniker und Partner\u00e4rzte bewerten und interpretieren <strong>PSG-Aufnahmen von Kindern bis zu Erwachsenen<\/strong> an 7 Tagen in der Woche.<\/p>\n\n<p><strong>Vorteile<\/strong><\/p>\n\n<ul class=\"wp-block-list\">\n<li>Ein Netz von \u00c4rzten mit einem Abschluss in Schlafmedizin und mehr als 10 Jahren Erfahrung sowie von Lehrern oder ehemaligen Lehrern dieses Abschlusses, die in der Lage sind, vollst\u00e4ndige Interpretationen mit medizinischem Fachwissen durchzuf\u00fchren.<\/li>\n\n\n\n<li>A network of technicians holding&nbsp;a Sleep Medicine degree able to perform a&nbsp;precise and effective&nbsp;pre-scoring,&nbsp;represented in particular by:\n<ul class=\"wp-block-list\">\n<li>APTE-Vereinigung<\/li>\n\n\n\n<li>Firma Opossomm<\/li>\n\n\n\n<li>Circle of Sleep Gesellschaft<\/li>\n<\/ul>\n<\/li>\n\n\n\n<li>Dolmetschen von Aufnahmen innerhalb von 6 Stunden<\/li>\n<\/ul>\n\n<p><strong>Wichtige Zahlen<\/strong><\/p>\n\n<ul class=\"wp-block-list\">\n<li>33 % der Erwachsenen sind weltweit von chronischer Schlaflosigkeit betroffen (Quelle: Bhaskar et al., 2016)<\/li>\n\n\n\n<li>1 Mrd. Menschen sind weltweit von obstruktiver Schlafapnoe betroffen (Quelle: Benjafield et al., 2018)<\/li>\n<\/ul>\n\n<p><strong>Polysomnographie Indikationen<\/strong><\/p>\n\n<p>Empfehlungen und bew\u00e4hrte Verfahren der Franz\u00f6sischen Gesellschaft f\u00fcr Schlafforschung und Schlafmedizin (SFRMS)<\/p>\n\n<h4 class=\"wp-block-heading\">N\u00e4chtliche klinische Anzeichen<\/h4>\n\n<ul class=\"wp-block-list\">\n<li>Schnarchen<\/li>\n\n\n\n<li>Atempausen, ger\u00e4uschvolles Atmen<\/li>\n\n\n\n<li>N\u00e4chtliche Schwei\u00dfausbr\u00fcche<\/li>\n\n\n\n<li>Mundatmung<\/li>\n\n\n\n<li>Enuresis, Nykturie<\/li>\n\n\n\n<li>N\u00e4chtliche Angstzust\u00e4nde<\/li>\n\n\n\n<li>Einschlafschwierigkeiten<\/li>\n\n\n\n<li>Mehrfaches n\u00e4chtliches Erwachen<\/li>\n<\/ul>\n\n<h4 class=\"wp-block-heading\">Klinische Anzeichen tags\u00fcber<\/h4>\n\n<ul class=\"wp-block-list\">\n<li>Kopfschmerzen am Morgen<\/li>\n\n\n\n<li>Tagesschl\u00e4frigkeit<\/li>\n\n\n\n<li>Bluthochdruck<\/li>\n\n\n\n<li>Verhaltensst\u00f6rungen (Aggressivit\u00e4t, Hyperaktivit\u00e4t, Aufmerksamkeitsst\u00f6rungen, Ged\u00e4chtnisst\u00f6rungen)<\/li>\n<\/ul>\n\n<h4 class=\"wp-block-heading\">Obligatorischer Test zur Aufrechterhaltung der Wachsamkeit, f\u00fcr F\u00fchrerscheinantr\u00e4ge der Gruppe 2<\/h4>\n\n<p>Personen mit einer der folgenden Aufgaben:<\/p>\n\n<ul class=\"wp-block-list\">\n<li>Lkw-Fahrer<\/li>\n\n\n\n<li>Fahrer \u00f6ffentlicher Verkehrsmittel<\/li>\n\n\n\n<li>Taxifahrer<\/li>\n\n\n\n<li>Fahrer f\u00fcr die Anmietung eines Fahrzeugs mit Chauffeur<\/li>\n\n\n\n<li>Bezahlte Bef\u00f6rderung von Studenten<\/li>\n\n\n\n<li>Ambulante Dienste<\/li>\n\n\n\n<li>Fahrschullehrer<\/li>\n<\/ul>\n\n<p><\/p>\n\n<p>Was wird bei einer Polysomnographie untersucht?<\/p>\n\n<figure class=\"wp-block-image size-large\"><img fetchpriority=\"high\" decoding=\"async\" width=\"1024\" height=\"509\" src=\"https:\/\/bioserenity.com\/wp-content\/uploads\/2024\/04\/PSG-EN-1024x509.png\" alt=\"\" class=\"wp-image-3501\" srcset=\"https:\/\/bioserenity.com\/wp-content\/uploads\/2024\/04\/PSG-EN-1024x509.png 1024w, https:\/\/bioserenity.com\/wp-content\/uploads\/2024\/04\/PSG-EN-300x149.png 300w, https:\/\/bioserenity.com\/wp-content\/uploads\/2024\/04\/PSG-EN-768x382.png 768w, https:\/\/bioserenity.com\/wp-content\/uploads\/2024\/04\/PSG-EN-1536x763.png 1536w, https:\/\/bioserenity.com\/wp-content\/uploads\/2024\/04\/PSG-EN-2048x1017.png 2048w\" sizes=\"(max-width: 1024px) 100vw, 1024px\" \/><\/figure>\n\n<p><\/p>\n\n<p><\/p>\n\n<p><strong>Interpretation<\/strong> und <strong>Durchf\u00fchrung<\/strong> von PSG und Wachtests, allein oder in Kombination<\/p>\n\n<ul class=\"wp-block-list\">\n<li>Tageszeitliche Bewertung der Vigilanz oder Schl\u00e4frigkeit durch iterative Tests<\/li>\n<\/ul>\n\n<ul class=\"wp-block-list\">\n<li>Polysomnographie von 4 bis 8 Stunden, ohne Videoaufzeichnung<\/li>\n<\/ul>\n\n<ul class=\"wp-block-list\">\n<li>Polysomnographie von 4 bis 8 Stunden, mit Videoaufzeichnung<\/li>\n<\/ul>\n\n<ul class=\"wp-block-list\">\n<li>Polysomnographie von 8 bis 12 Stunden, ohne Videoaufzeichnung<\/li>\n<\/ul>\n\n<ul class=\"wp-block-list\">\n<li>Polysomnographie von 8 bis 12 Stunden, mit Videoaufzeichnung<\/li>\n<\/ul>\n\n<ul class=\"wp-block-list\">\n<li>Polysomnographie von 12 bis 24 Stunden, ohne Videoaufzeichnung<\/li>\n<\/ul>\n\n<ul class=\"wp-block-list\">\n<li>Polysomnographie von 12 bis 24 Stunden, mit Videoaufzeichnung<\/li>\n<\/ul>\n","protected":false},"excerpt":{"rendered":"<p>Somnophy bietet die Durchf\u00fchrung und Fernauswertung der Polysomnographie (PSG) Somnophy ist eine von BIOSerenity entwickelte Plattform f\u00fcr die Fernauswertung, die Schlafstationen, \u00c4rzten und Technikern zur Verf\u00fcgung gestellt wird, die eine innovative L\u00f6sung f\u00fcr die Fernauswertung suchen. Unsere Techniker und Partner\u00e4rzte bewerten und interpretieren PSG-Aufnahmen von Kindern bis zu Erwachsenen an 7 Tagen in der Woche. [&hellip;]<\/p>\n","protected":false},"author":15,"featured_media":0,"parent":0,"menu_order":0,"comment_status":"closed","ping_status":"closed","template":"","meta":{"footnotes":""},"class_list":["post-3511","page","type-page","status-publish","hentry"],"blocksy_meta":[],"yoast_head":"<!-- This site is optimized with the Yoast SEO Premium plugin v27.4 (Yoast SEO v27.4) - https:\/\/yoast.com\/product\/yoast-seo-premium-wordpress\/ -->\n<title>Somnophy - BioSerenity<\/title>\n<meta name=\"robots\" content=\"index, follow, max-snippet:-1, max-image-preview:large, max-video-preview:-1\" \/>\n<link rel=\"canonical\" href=\"https:\/\/bioserenity.com\/de\/somnophy\/\" \/>\n<meta property=\"og:locale\" content=\"de_DE\" \/>\n<meta property=\"og:type\" content=\"article\" \/>\n<meta property=\"og:title\" content=\"Somnophy\" \/>\n<meta property=\"og:description\" content=\"Somnophy bietet die Durchf\u00fchrung und Fernauswertung der Polysomnographie (PSG) Somnophy ist eine von BIOSerenity entwickelte Plattform f\u00fcr die Fernauswertung, die Schlafstationen, \u00c4rzten und Technikern zur Verf\u00fcgung gestellt wird, die eine innovative L\u00f6sung f\u00fcr die Fernauswertung suchen. Unsere Techniker und Partner\u00e4rzte bewerten und interpretieren PSG-Aufnahmen von Kindern bis zu Erwachsenen an 7 Tagen in der Woche. [&hellip;]\" \/>\n<meta property=\"og:url\" content=\"https:\/\/bioserenity.com\/de\/somnophy\/\" \/>\n<meta property=\"og:site_name\" content=\"BioSerenity\" \/>\n<meta property=\"article:modified_time\" content=\"2025-10-02T10:37:50+00:00\" \/>\n<meta property=\"og:image\" content=\"https:\/\/bioserenity.com\/wp-content\/uploads\/2024\/04\/PSG-EN.png\" \/>\n\t<meta property=\"og:image:width\" content=\"2782\" \/>\n\t<meta property=\"og:image:height\" content=\"1382\" \/>\n\t<meta property=\"og:image:type\" content=\"image\/png\" \/>\n<meta name=\"twitter:card\" content=\"summary_large_image\" \/>\n<meta name=\"twitter:label1\" content=\"Gesch\u00e4tzte Lesezeit\" \/>\n\t<meta name=\"twitter:data1\" content=\"2\u00a0Minuten\" \/>\n<script type=\"application\/ld+json\" class=\"yoast-schema-graph\">{\"@context\":\"https:\\\/\\\/schema.org\",\"@graph\":[{\"@type\":\"WebPage\",\"@id\":\"https:\\\/\\\/bioserenity.com\\\/de\\\/somnophy\\\/\",\"url\":\"https:\\\/\\\/bioserenity.com\\\/de\\\/somnophy\\\/\",\"name\":\"Somnophy - BioSerenity\",\"isPartOf\":{\"@id\":\"https:\\\/\\\/bioserenity.com\\\/de\\\/#website\"},\"primaryImageOfPage\":{\"@id\":\"https:\\\/\\\/bioserenity.com\\\/de\\\/somnophy\\\/#primaryimage\"},\"image\":{\"@id\":\"https:\\\/\\\/bioserenity.com\\\/de\\\/somnophy\\\/#primaryimage\"},\"thumbnailUrl\":\"https:\\\/\\\/bioserenity.com\\\/wp-content\\\/uploads\\\/2024\\\/04\\\/PSG-EN-1024x509.png\",\"datePublished\":\"2024-04-04T12:10:00+00:00\",\"dateModified\":\"2025-10-02T10:37:50+00:00\",\"breadcrumb\":{\"@id\":\"https:\\\/\\\/bioserenity.com\\\/de\\\/somnophy\\\/#breadcrumb\"},\"inLanguage\":\"de\",\"potentialAction\":[{\"@type\":\"ReadAction\",\"target\":[\"https:\\\/\\\/bioserenity.com\\\/de\\\/somnophy\\\/\"]}]},{\"@type\":\"ImageObject\",\"inLanguage\":\"de\",\"@id\":\"https:\\\/\\\/bioserenity.com\\\/de\\\/somnophy\\\/#primaryimage\",\"url\":\"https:\\\/\\\/bioserenity.com\\\/wp-content\\\/uploads\\\/2024\\\/04\\\/PSG-EN-1024x509.png\",\"contentUrl\":\"https:\\\/\\\/bioserenity.com\\\/wp-content\\\/uploads\\\/2024\\\/04\\\/PSG-EN-1024x509.png\"},{\"@type\":\"BreadcrumbList\",\"@id\":\"https:\\\/\\\/bioserenity.com\\\/de\\\/somnophy\\\/#breadcrumb\",\"itemListElement\":[{\"@type\":\"ListItem\",\"position\":1,\"name\":\"Home\",\"item\":\"https:\\\/\\\/bioserenity.com\\\/de\\\/startseite\\\/\"},{\"@type\":\"ListItem\",\"position\":2,\"name\":\"Somnophy\"}]},{\"@type\":\"WebSite\",\"@id\":\"https:\\\/\\\/bioserenity.com\\\/de\\\/#website\",\"url\":\"https:\\\/\\\/bioserenity.com\\\/de\\\/\",\"name\":\"BioSerenity\",\"description\":\"Connected &amp; Integrated Neurosciences. Brain monitoring &amp; remote diagnostic\",\"publisher\":{\"@id\":\"https:\\\/\\\/bioserenity.com\\\/de\\\/#organization\"},\"potentialAction\":[{\"@type\":\"SearchAction\",\"target\":{\"@type\":\"EntryPoint\",\"urlTemplate\":\"https:\\\/\\\/bioserenity.com\\\/de\\\/?s={search_term_string}\"},\"query-input\":{\"@type\":\"PropertyValueSpecification\",\"valueRequired\":true,\"valueName\":\"search_term_string\"}}],\"inLanguage\":\"de\"},{\"@type\":\"Organization\",\"@id\":\"https:\\\/\\\/bioserenity.com\\\/de\\\/#organization\",\"name\":\"BioSerenity\",\"url\":\"https:\\\/\\\/bioserenity.com\\\/de\\\/\",\"logo\":{\"@type\":\"ImageObject\",\"inLanguage\":\"de\",\"@id\":\"https:\\\/\\\/bioserenity.com\\\/de\\\/#\\\/schema\\\/logo\\\/image\\\/\",\"url\":\"https:\\\/\\\/bioserenity.com\\\/wp-content\\\/uploads\\\/2023\\\/05\\\/logo_bioserenity_BORDEAUX-600-o.png\",\"contentUrl\":\"https:\\\/\\\/bioserenity.com\\\/wp-content\\\/uploads\\\/2023\\\/05\\\/logo_bioserenity_BORDEAUX-600-o.png\",\"width\":600,\"height\":170,\"caption\":\"BioSerenity\"},\"image\":{\"@id\":\"https:\\\/\\\/bioserenity.com\\\/de\\\/#\\\/schema\\\/logo\\\/image\\\/\"},\"sameAs\":[\"https:\\\/\\\/www.linkedin.com\\\/company\\\/bioserenity\\\/\",\"https:\\\/\\\/www.youtube.com\\\/@bioserenity9854\"],\"description\":\"BIOSerenity, founded in 2014, is the French leader in electrophysiological diagnostics, performing more than 45,000 EEGs (electroencephalograms), 8,000 PSGs (polysomnographies), and 5,000 ECGs (electrocardiograms) each year. Its offering combines medical devices, a software platform, and AI algorithms, all designed and produced in France, integrated into an ecosystem of services for the benefit of physicians and patients. This unique end-to-end solution enables complex examinations to be performed and provides remote interpretation of signals in a timely manner, contributing to faster and more reliable clinical decisions. As an expert in neurology, BIOSerenity has developed the Large Brain Model (LBM), a foundation model trained on more than ten years of EEG recordings. This database and AI platform give rise to decision support tools that improve the quality and speed of interpretation. Among its flagship services, the long-term (72-hour) home EEG, unique in France, speeds up access to diagnosis when hospital slots are hardly available. In sleep medicine, BIOSerenity relies on a network of dedicated centers and specialized medical and paramedical teams to accelerate the diagnosis of sleep disorders and optimize patient referral. This vertical integration - devices, software, AI, and medical services - supports continuous improvement in the care pathway, as well as faster and more reliable diagnosis.\",\"email\":\"contact@bioserenity.com\",\"legalName\":\"BIOSERENITY\",\"numberOfEmployees\":{\"@type\":\"QuantitativeValue\",\"minValue\":\"201\",\"maxValue\":\"500\"}}]}<\/script>\n<!-- \/ Yoast SEO Premium plugin. -->","yoast_head_json":{"title":"Somnophy - BioSerenity","robots":{"index":"index","follow":"follow","max-snippet":"max-snippet:-1","max-image-preview":"max-image-preview:large","max-video-preview":"max-video-preview:-1"},"canonical":"https:\/\/bioserenity.com\/de\/somnophy\/","og_locale":"de_DE","og_type":"article","og_title":"Somnophy","og_description":"Somnophy bietet die Durchf\u00fchrung und Fernauswertung der Polysomnographie (PSG) Somnophy ist eine von BIOSerenity entwickelte Plattform f\u00fcr die Fernauswertung, die Schlafstationen, \u00c4rzten und Technikern zur Verf\u00fcgung gestellt wird, die eine innovative L\u00f6sung f\u00fcr die Fernauswertung suchen. Unsere Techniker und Partner\u00e4rzte bewerten und interpretieren PSG-Aufnahmen von Kindern bis zu Erwachsenen an 7 Tagen in der Woche. [&hellip;]","og_url":"https:\/\/bioserenity.com\/de\/somnophy\/","og_site_name":"BioSerenity","article_modified_time":"2025-10-02T10:37:50+00:00","og_image":[{"width":2782,"height":1382,"url":"https:\/\/bioserenity.com\/wp-content\/uploads\/2024\/04\/PSG-EN.png","type":"image\/png"}],"twitter_card":"summary_large_image","twitter_misc":{"Gesch\u00e4tzte Lesezeit":"2\u00a0Minuten"},"schema":{"@context":"https:\/\/schema.org","@graph":[{"@type":"WebPage","@id":"https:\/\/bioserenity.com\/de\/somnophy\/","url":"https:\/\/bioserenity.com\/de\/somnophy\/","name":"Somnophy - BioSerenity","isPartOf":{"@id":"https:\/\/bioserenity.com\/de\/#website"},"primaryImageOfPage":{"@id":"https:\/\/bioserenity.com\/de\/somnophy\/#primaryimage"},"image":{"@id":"https:\/\/bioserenity.com\/de\/somnophy\/#primaryimage"},"thumbnailUrl":"https:\/\/bioserenity.com\/wp-content\/uploads\/2024\/04\/PSG-EN-1024x509.png","datePublished":"2024-04-04T12:10:00+00:00","dateModified":"2025-10-02T10:37:50+00:00","breadcrumb":{"@id":"https:\/\/bioserenity.com\/de\/somnophy\/#breadcrumb"},"inLanguage":"de","potentialAction":[{"@type":"ReadAction","target":["https:\/\/bioserenity.com\/de\/somnophy\/"]}]},{"@type":"ImageObject","inLanguage":"de","@id":"https:\/\/bioserenity.com\/de\/somnophy\/#primaryimage","url":"https:\/\/bioserenity.com\/wp-content\/uploads\/2024\/04\/PSG-EN-1024x509.png","contentUrl":"https:\/\/bioserenity.com\/wp-content\/uploads\/2024\/04\/PSG-EN-1024x509.png"},{"@type":"BreadcrumbList","@id":"https:\/\/bioserenity.com\/de\/somnophy\/#breadcrumb","itemListElement":[{"@type":"ListItem","position":1,"name":"Home","item":"https:\/\/bioserenity.com\/de\/startseite\/"},{"@type":"ListItem","position":2,"name":"Somnophy"}]},{"@type":"WebSite","@id":"https:\/\/bioserenity.com\/de\/#website","url":"https:\/\/bioserenity.com\/de\/","name":"BioSerenity","description":"Connected &amp; Integrated Neurosciences. Brain monitoring &amp; remote diagnostic","publisher":{"@id":"https:\/\/bioserenity.com\/de\/#organization"},"potentialAction":[{"@type":"SearchAction","target":{"@type":"EntryPoint","urlTemplate":"https:\/\/bioserenity.com\/de\/?s={search_term_string}"},"query-input":{"@type":"PropertyValueSpecification","valueRequired":true,"valueName":"search_term_string"}}],"inLanguage":"de"},{"@type":"Organization","@id":"https:\/\/bioserenity.com\/de\/#organization","name":"BioSerenity","url":"https:\/\/bioserenity.com\/de\/","logo":{"@type":"ImageObject","inLanguage":"de","@id":"https:\/\/bioserenity.com\/de\/#\/schema\/logo\/image\/","url":"https:\/\/bioserenity.com\/wp-content\/uploads\/2023\/05\/logo_bioserenity_BORDEAUX-600-o.png","contentUrl":"https:\/\/bioserenity.com\/wp-content\/uploads\/2023\/05\/logo_bioserenity_BORDEAUX-600-o.png","width":600,"height":170,"caption":"BioSerenity"},"image":{"@id":"https:\/\/bioserenity.com\/de\/#\/schema\/logo\/image\/"},"sameAs":["https:\/\/www.linkedin.com\/company\/bioserenity\/","https:\/\/www.youtube.com\/@bioserenity9854"],"description":"BIOSerenity, founded in 2014, is the French leader in electrophysiological diagnostics, performing more than 45,000 EEGs (electroencephalograms), 8,000 PSGs (polysomnographies), and 5,000 ECGs (electrocardiograms) each year. Its offering combines medical devices, a software platform, and AI algorithms, all designed and produced in France, integrated into an ecosystem of services for the benefit of physicians and patients. This unique end-to-end solution enables complex examinations to be performed and provides remote interpretation of signals in a timely manner, contributing to faster and more reliable clinical decisions. As an expert in neurology, BIOSerenity has developed the Large Brain Model (LBM), a foundation model trained on more than ten years of EEG recordings. This database and AI platform give rise to decision support tools that improve the quality and speed of interpretation. Among its flagship services, the long-term (72-hour) home EEG, unique in France, speeds up access to diagnosis when hospital slots are hardly available. In sleep medicine, BIOSerenity relies on a network of dedicated centers and specialized medical and paramedical teams to accelerate the diagnosis of sleep disorders and optimize patient referral. This vertical integration - devices, software, AI, and medical services - supports continuous improvement in the care pathway, as well as faster and more reliable diagnosis.","email":"contact@bioserenity.com","legalName":"BIOSERENITY","numberOfEmployees":{"@type":"QuantitativeValue","minValue":"201","maxValue":"500"}}]}},"_links":{"self":[{"href":"https:\/\/bioserenity.com\/de\/wp-json\/wp\/v2\/pages\/3511","targetHints":{"allow":["GET"]}}],"collection":[{"href":"https:\/\/bioserenity.com\/de\/wp-json\/wp\/v2\/pages"}],"about":[{"href":"https:\/\/bioserenity.com\/de\/wp-json\/wp\/v2\/types\/page"}],"author":[{"embeddable":true,"href":"https:\/\/bioserenity.com\/de\/wp-json\/wp\/v2\/users\/15"}],"replies":[{"embeddable":true,"href":"https:\/\/bioserenity.com\/de\/wp-json\/wp\/v2\/comments?post=3511"}],"version-history":[{"count":5,"href":"https:\/\/bioserenity.com\/de\/wp-json\/wp\/v2\/pages\/3511\/revisions"}],"predecessor-version":[{"id":5855,"href":"https:\/\/bioserenity.com\/de\/wp-json\/wp\/v2\/pages\/3511\/revisions\/5855"}],"wp:attachment":[{"href":"https:\/\/bioserenity.com\/de\/wp-json\/wp\/v2\/media?parent=3511"}],"curies":[{"name":"wp","href":"https:\/\/api.w.org\/{rel}","templated":true}]}}