{"id":3425,"date":"2024-04-03T18:38:15","date_gmt":"2024-04-03T17:38:15","guid":{"rendered":"http:\/\/bioscom.onpressidium.com\/frageboegen-zum-schlaf\/"},"modified":"2024-05-03T14:15:53","modified_gmt":"2024-05-03T13:15:53","slug":"frageboegen-zum-schlaf","status":"publish","type":"page","link":"https:\/\/bioserenity.com\/de\/frageboegen-zum-schlaf\/","title":{"rendered":"Frageb\u00f6gen zum Schlaf"},"content":{"rendered":"\t\t<div data-elementor-type=\"wp-page\" data-elementor-id=\"3425\" class=\"elementor elementor-3425 elementor-3342\" data-elementor-post-type=\"page\">\n\t\t\t\t<div class=\"elementor-element elementor-element-43921c49 e-flex e-con-boxed e-con e-parent\" data-id=\"43921c49\" data-element_type=\"container\" data-e-type=\"container\">\n\t\t\t\t\t<div class=\"e-con-inner\">\n\t\t\t\t<div class=\"elementor-element elementor-element-5846539d elementor-widget elementor-widget-text-editor\" data-id=\"5846539d\" data-element_type=\"widget\" data-e-type=\"widget\" data-widget_type=\"text-editor.default\">\n\t\t\t\t<div class=\"elementor-widget-container\">\n\t\t\t\t\t\t\t\t\t\n<div class=\"wp-block-group\">\n<div class=\"wp-block-file\"><a id=\"wp-block-file--media-7dbf2968-b421-4985-ae5b-0688d2d7e8d0\" href=\"http:\/\/bioserenity.com\/wp-content\/uploads\/2024\/04\/BioSerenity-Athens-Sleep-Questionnaire_ASQ_ENG.pdf\">BioSerenity-Athen-Schlaf-Questionnaire_ASQ_ENG<\/a><a href=\"http:\/\/bioserenity.com\/wp-content\/uploads\/2024\/04\/BioSerenity-Athens-Sleep-Questionnaire_ASQ_ENG.pdf\" class=\"wp-block-file__button wp-element-button\" download=\"\" aria-describedby=\"wp-block-file--media-7dbf2968-b421-4985-ae5b-0688d2d7e8d0\">Herunterladen<\/a><\/div>\n<\/div>\n\n\n\n<div class=\"wp-block-file\"><a id=\"wp-block-file--media-b83370d5-d895-46a1-832b-07e3e907bd1e\" href=\"http:\/\/bioserenity.com\/wp-content\/uploads\/2024\/04\/BioSerenity-Bergen-Insomnia-Scale-BIS_ENG.pdf\">BioSerenity-Bergen-Schlaflosigkeitsskala-BIS_ENG<\/a><a href=\"http:\/\/bioserenity.com\/wp-content\/uploads\/2024\/04\/BioSerenity-Bergen-Insomnia-Scale-BIS_ENG.pdf\" class=\"wp-block-file__button wp-element-button\" download=\"\" aria-describedby=\"wp-block-file--media-b83370d5-d895-46a1-832b-07e3e907bd1e\">Herunterladen<\/a><\/div>\n\n\n\n<div class=\"wp-block-file\"><a id=\"wp-block-file--media-4ffbedc3-c7aa-4b7c-9d38-c3f47da9a3b6\" href=\"http:\/\/bioserenity.com\/wp-content\/uploads\/2024\/04\/BioSerenity-Berlin-Questionnaire-BQ_ENG.pdf\">BioSerenity-Berlin-Questionnaire-BQ_ENG<\/a><a href=\"http:\/\/bioserenity.com\/wp-content\/uploads\/2024\/04\/BioSerenity-Berlin-Questionnaire-BQ_ENG.pdf\" class=\"wp-block-file__button wp-element-button\" download=\"\" aria-describedby=\"wp-block-file--media-4ffbedc3-c7aa-4b7c-9d38-c3f47da9a3b6\">Herunterladen<\/a><\/div>\n\n\n\n<div class=\"wp-block-file\"><a id=\"wp-block-file--media-76f420aa-80f3-48bb-be97-327440fb3ec4\" href=\"http:\/\/bioserenity.com\/wp-content\/uploads\/2024\/04\/BioSerenity-Calgary-Sleep-Apnea-Quality-of-Life-Index-SACLI_ENG.pdf\">BioSerenity-Calgary-Schlaf-Apnoe-Lebensqualit\u00e4ts-Index-SACLI_ENG<\/a><a href=\"http:\/\/bioserenity.com\/wp-content\/uploads\/2024\/04\/BioSerenity-Calgary-Sleep-Apnea-Quality-of-Life-Index-SACLI_ENG.pdf\" class=\"wp-block-file__button wp-element-button\" download=\"\" aria-describedby=\"wp-block-file--media-76f420aa-80f3-48bb-be97-327440fb3ec4\">Herunterladen<\/a><\/div>\n\n\n\n<div class=\"wp-block-file\"><a id=\"wp-block-file--media-12f64dad-c0d1-4c67-afc2-54260bbd0f69\" href=\"http:\/\/bioserenity.com\/wp-content\/uploads\/2024\/04\/BioSerenity-Epworth-Sleepiness-Scale-ENG.pdf\">BioSerenity-Epworth-Schlafenszeit-Skala-ENG<\/a><a href=\"http:\/\/bioserenity.com\/wp-content\/uploads\/2024\/04\/BioSerenity-Epworth-Sleepiness-Scale-ENG.pdf\" class=\"wp-block-file__button wp-element-button\" download=\"\" aria-describedby=\"wp-block-file--media-12f64dad-c0d1-4c67-afc2-54260bbd0f69\">Herunterladen<\/a><\/div>\n\n\n\n<div class=\"wp-block-file\"><a id=\"wp-block-file--media-f3bd046f-716f-4010-b1be-17beccc5b7ec\" href=\"http:\/\/bioserenity.com\/wp-content\/uploads\/2024\/04\/BioSerenity-Functional-Outcomes-of-Sleep-Questionnaire-FOSQ_10_ENG.pdf\">BioSerenity-Funktionsergebnisse-zum-Schlafen-Fragebogen-FOSQ_10_ENG<\/a><a href=\"http:\/\/bioserenity.com\/wp-content\/uploads\/2024\/04\/BioSerenity-Functional-Outcomes-of-Sleep-Questionnaire-FOSQ_10_ENG.pdf\" class=\"wp-block-file__button wp-element-button\" download=\"\" aria-describedby=\"wp-block-file--media-f3bd046f-716f-4010-b1be-17beccc5b7ec\">Herunterladen<\/a><\/div>\n\n\n\n<div class=\"wp-block-file\"><a id=\"wp-block-file--media-71613167-b254-4cd3-8b21-6106950e411b\" href=\"http:\/\/bioserenity.com\/wp-content\/uploads\/2024\/04\/BioSerenity-Insomnia-Severity-Index-ISI-ENG.pdf\">BioSerenity-Insomnia-Severity-Index-ISI-ENG<\/a><a href=\"http:\/\/bioserenity.com\/wp-content\/uploads\/2024\/04\/BioSerenity-Insomnia-Severity-Index-ISI-ENG.pdf\" class=\"wp-block-file__button wp-element-button\" download=\"\" aria-describedby=\"wp-block-file--media-71613167-b254-4cd3-8b21-6106950e411b\">Herunterladen<\/a><\/div>\n\n\n\n<div class=\"wp-block-file\"><a id=\"wp-block-file--media-02f2451a-c002-48d7-989b-cbba557048e1\" href=\"http:\/\/bioserenity.com\/wp-content\/uploads\/2024\/04\/BioSerenity-OSA-50-Screening-Questionnaire-OSA_ENG.pdf\">BioSerenity-OSA-50-Screening-Fragenkatalog-OSA_ENG<\/a><a href=\"http:\/\/bioserenity.com\/wp-content\/uploads\/2024\/04\/BioSerenity-OSA-50-Screening-Questionnaire-OSA_ENG.pdf\" class=\"wp-block-file__button wp-element-button\" download=\"\" aria-describedby=\"wp-block-file--media-02f2451a-c002-48d7-989b-cbba557048e1\">Herunterladen<\/a><\/div>\n\n\n\n<div class=\"wp-block-file\"><a id=\"wp-block-file--media-1fc05304-ae98-4a76-935f-caa6a80186f7\" href=\"http:\/\/bioserenity.com\/wp-content\/uploads\/2024\/04\/BioSerenity-Oviedo-Sleep-Questionnaire-OSQ_ENG.pdf\">BioSerenity-Oviedo-Schlaf-Fragenkatalog-OSQ_ENG<\/a><a href=\"http:\/\/bioserenity.com\/wp-content\/uploads\/2024\/04\/BioSerenity-Oviedo-Sleep-Questionnaire-OSQ_ENG.pdf\" class=\"wp-block-file__button wp-element-button\" download=\"\" aria-describedby=\"wp-block-file--media-1fc05304-ae98-4a76-935f-caa6a80186f7\">Herunterladen<\/a><\/div>\n\n\n\n<div class=\"wp-block-file\"><a id=\"wp-block-file--media-ac0faf47-a82b-4d6d-a9d4-a282071b2739\" href=\"http:\/\/bioserenity.com\/wp-content\/uploads\/2024\/04\/BioSerenity-Pittsburgh-Sleep-Quality-Index-PSQI_ENG.pdf\">BioSerenity-Pittsburgh-Schlaf-Qualit\u00e4ts-Index-PSQI_ENG<\/a><a href=\"http:\/\/bioserenity.com\/wp-content\/uploads\/2024\/04\/BioSerenity-Pittsburgh-Sleep-Quality-Index-PSQI_ENG.pdf\" class=\"wp-block-file__button wp-element-button\" download=\"\" aria-describedby=\"wp-block-file--media-ac0faf47-a82b-4d6d-a9d4-a282071b2739\">Herunterladen<\/a><\/div>\n\n\n\n<div class=\"wp-block-file\"><a id=\"wp-block-file--media-521faa24-67f9-4b74-a83f-5249fd4d8421\" href=\"http:\/\/bioserenity.com\/wp-content\/uploads\/2024\/04\/BioSerenity-Self-Efficacy-Measure-for-Sleep-Apnea-SEMSA_ENG.pdf\">BioSerenity-Selbstwirksamkeits-Messung-f\u00fcr-Schlaf-Apnoe-SEMSA_ENG<\/a><a href=\"http:\/\/bioserenity.com\/wp-content\/uploads\/2024\/04\/BioSerenity-Self-Efficacy-Measure-for-Sleep-Apnea-SEMSA_ENG.pdf\" class=\"wp-block-file__button wp-element-button\" download=\"\" aria-describedby=\"wp-block-file--media-521faa24-67f9-4b74-a83f-5249fd4d8421\">Herunterladen<\/a><\/div>\n\n\n\n<div class=\"wp-block-file\"><a id=\"wp-block-file--media-efdd6d32-7e73-4140-98bc-be00d636d357\" href=\"http:\/\/bioserenity.com\/wp-content\/uploads\/2024\/04\/BioSerenity-Simple-Four-Variables-SFV_ENG.pdf\">BioSerenity-Einfache-Vier-Variablen-SFV_ENG<\/a><a href=\"http:\/\/bioserenity.com\/wp-content\/uploads\/2024\/04\/BioSerenity-Simple-Four-Variables-SFV_ENG.pdf\" class=\"wp-block-file__button wp-element-button\" download=\"\" aria-describedby=\"wp-block-file--media-efdd6d32-7e73-4140-98bc-be00d636d357\">Herunterladen<\/a><\/div>\n\n\n\n<div class=\"wp-block-file\"><a id=\"wp-block-file--media-3fa44651-b523-47b9-a10c-07c263fbcf50\" href=\"http:\/\/bioserenity.com\/wp-content\/uploads\/2024\/04\/BioSerenity-Sleep-Apnea-Clinical-Score-SACS_ENG.pdf\">BioSerenity-Schlaf-Apnoe-Klinischer-Score-SACS_ENG<\/a><a href=\"http:\/\/bioserenity.com\/wp-content\/uploads\/2024\/04\/BioSerenity-Sleep-Apnea-Clinical-Score-SACS_ENG.pdf\" class=\"wp-block-file__button wp-element-button\" download=\"\" aria-describedby=\"wp-block-file--media-3fa44651-b523-47b9-a10c-07c263fbcf50\">Herunterladen<\/a><\/div>\n\n\n\n<div class=\"wp-block-file\"><a id=\"wp-block-file--media-39fd190f-f522-4c4c-9c0d-517fa690a226\" href=\"http:\/\/bioserenity.com\/wp-content\/uploads\/2024\/04\/BioSerenity-Sleep-Disorders-Questionnaire-SDQ_ENG.pdf\">BioSerenity-Schlafst\u00f6rungen-Questionnaire-SDQ_ENG<\/a><a href=\"http:\/\/bioserenity.com\/wp-content\/uploads\/2024\/04\/BioSerenity-Sleep-Disorders-Questionnaire-SDQ_ENG.pdf\" class=\"wp-block-file__button wp-element-button\" download=\"\" aria-describedby=\"wp-block-file--media-39fd190f-f522-4c4c-9c0d-517fa690a226\">Herunterladen<\/a><\/div>\n\n\n\n<div class=\"wp-block-file\"><a id=\"wp-block-file--media-49aa49f0-326b-438e-89d0-93a9cea427f3\" href=\"http:\/\/bioserenity.com\/wp-content\/uploads\/2024\/04\/BioSerenity-STOP-Questionnaire-STOP_ENG.pdf\">BioSerenity-STOP-Fragenkatalog-STOP_ENG<\/a><a href=\"http:\/\/bioserenity.com\/wp-content\/uploads\/2024\/04\/BioSerenity-STOP-Questionnaire-STOP_ENG.pdf\" class=\"wp-block-file__button wp-element-button\" download=\"\" aria-describedby=\"wp-block-file--media-49aa49f0-326b-438e-89d0-93a9cea427f3\">Herunterladen<\/a><\/div>\n\n\n\n<div class=\"wp-block-file\"><a id=\"wp-block-file--media-f6bc44d0-4fb8-42c5-8f0f-3c25386bae31\" href=\"http:\/\/bioserenity.com\/wp-content\/uploads\/2024\/04\/BioSerenity-STOP-BANG-Questionnaire-STOP-BANG_ENG.pdf\">BioSerenity-STOP-BANG-Fragenkatalog-STOP-BANG_ENG<\/a><a href=\"http:\/\/bioserenity.com\/wp-content\/uploads\/2024\/04\/BioSerenity-STOP-BANG-Questionnaire-STOP-BANG_ENG.pdf\" class=\"wp-block-file__button wp-element-button\" download=\"\" aria-describedby=\"wp-block-file--media-f6bc44d0-4fb8-42c5-8f0f-3c25386bae31\">Herunterladen<\/a><\/div>\n\t\t\t\t\t\t\t\t<\/div>\n\t\t\t\t<\/div>\n\t\t\t\t\t<\/div>\n\t\t\t\t<\/div>\n\t\t<div class=\"elementor-element elementor-element-fdd9f3a e-flex e-con-boxed e-con e-parent\" data-id=\"fdd9f3a\" data-element_type=\"container\" data-e-type=\"container\">\n\t\t\t\t\t<div class=\"e-con-inner\">\n\t\t\t\t<div class=\"elementor-element elementor-element-51fef1e elementor-widget elementor-widget-html\" data-id=\"51fef1e\" data-element_type=\"widget\" data-e-type=\"widget\" data-widget_type=\"html.default\">\n\t\t\t\t<div class=\"elementor-widget-container\">\n\t\t\t\t\t<script>document.addEventListener(\"DOMContentLoaded\", function() {\n    var retryLimit = 20; \/\/ Maximum number of retries\n    var retryCount = 0; \/\/ Current retry count\n\n    function suggestLanguageSwitch() {\n        if (typeof geoip_detect2_get_info_from_current_ip !== 'function') {\n            console.log(\"GeoIP detection library not loaded.\");\n            if (retryCount <retryLimit) { setTimeout(suggestLanguageSwitch, 200); \/\/ Retry after 100 milliseconds retryCount++; \/\/ Increment the retry counter console.log(\"Retrying... Attempt #\" + retryCount); } else { console.log(\"Failed to load GeoIP detection library after \" + retryLimit + \" attempts.\"); } return; } \/\/ This is where you include the call to geoip_detect2_get_info_from_current_ip var geoInfo = geoip_detect2_get_info_from_current_ip(); console.log(\"GeoIP Data:\", geoInfo); \/\/ Debugging line to check what GeoIP data is returned if (!geoInfo || !geoInfo.country) { console.log(\"No GeoIP information available.\"); return; } var countryCode = geoInfo.country.iso_code; var languageUrls = { 'FR': 'fr', 'IT': 'it', 'ES': 'es', 'DE': 'de' }; var messages = { 'FR': 'Souhaitez-vous passer \u00e0 la version fran\u00e7aise de notre site?', 'IT': 'Vuoi passare alla versione italiana del nostro sito?', 'ES': '\u00bfQuieres cambiar a la versi\u00f3n espa\u00f1ola de nuestro sitio?', 'DE': 'M\u00f6chten Sie zur deutschen Version unserer Website wechseln?' }; var currentPath = window.location.pathname; var pathSegments = currentPath.split('\/'); var currentLanguageSegment = pathSegments[1]; \/\/ Assuming language is the second segment if (countryCode in languageUrls && (pathSegments.length === 0 || languageUrls[countryCode] !== currentLanguageSegment)) { var localizedMessage = messages[countryCode]; var languageUrl = languageUrls[countryCode]; var languageSwitchBar = document.createElement('div'); languageSwitchBar.id = 'language-switch-bar'; languageSwitchBar.style.cssText = \"height: 30px; background-color: #2A3174; color: white; width: 100%; line-height: 30px; text-align: center; position: fixed; top: 0; left: 0; z-index: 9999; font-size: 14px;\"; languageSwitchBar.innerHTML = '<a href=\"' + window.location.origin + '\/' + languageUrl + '\" style=\"color: white; text-decoration: none;\">' + localizedMessage + '<\/a>';\n\n            document.body.prepend(languageSwitchBar);\n            document.body.style.paddingTop = languageSwitchBar.offsetHeight + 'px';\n        }\n    }\n\n    setTimeout(suggestLanguageSwitch, 100); \/\/ Initial delay to ensure scripts are loaded\n});\n<\/script>\t\t\t\t<\/div>\n\t\t\t\t<\/div>\n\t\t\t\t\t<\/div>\n\t\t\t\t<\/div>\n\t\t\t\t<\/div>\n\t\t","protected":false},"excerpt":{"rendered":"<p>BioSerenity-Athen-Schlaf-Questionnaire_ASQ_ENGHerunterladen BioSerenity-Bergen-Schlaflosigkeitsskala-BIS_ENGHerunterladen BioSerenity-Berlin-Questionnaire-BQ_ENGHerunterladen BioSerenity-Calgary-Schlaf-Apnoe-Lebensqualit\u00e4ts-Index-SACLI_ENGHerunterladen BioSerenity-Epworth-Schlafenszeit-Skala-ENGHerunterladen BioSerenity-Funktionsergebnisse-zum-Schlafen-Fragebogen-FOSQ_10_ENGHerunterladen BioSerenity-Insomnia-Severity-Index-ISI-ENGHerunterladen BioSerenity-OSA-50-Screening-Fragenkatalog-OSA_ENGHerunterladen BioSerenity-Oviedo-Schlaf-Fragenkatalog-OSQ_ENGHerunterladen BioSerenity-Pittsburgh-Schlaf-Qualit\u00e4ts-Index-PSQI_ENGHerunterladen BioSerenity-Selbstwirksamkeits-Messung-f\u00fcr-Schlaf-Apnoe-SEMSA_ENGHerunterladen BioSerenity-Einfache-Vier-Variablen-SFV_ENGHerunterladen BioSerenity-Schlaf-Apnoe-Klinischer-Score-SACS_ENGHerunterladen BioSerenity-Schlafst\u00f6rungen-Questionnaire-SDQ_ENGHerunterladen BioSerenity-STOP-Fragenkatalog-STOP_ENGHerunterladen BioSerenity-STOP-BANG-Fragenkatalog-STOP-BANG_ENGHerunterladen<\/p>\n","protected":false},"author":15,"featured_media":0,"parent":0,"menu_order":0,"comment_status":"closed","ping_status":"closed","template":"","meta":{"footnotes":""},"class_list":["post-3425","page","type-page","status-publish","hentry"],"blocksy_meta":[],"yoast_head":"<!-- This site is optimized with the Yoast SEO Premium plugin v27.4 (Yoast SEO v27.4) - https:\/\/yoast.com\/product\/yoast-seo-premium-wordpress\/ -->\n<title>Frageb\u00f6gen zum Schlaf - BioSerenity<\/title>\n<meta name=\"robots\" content=\"index, follow, max-snippet:-1, max-image-preview:large, max-video-preview:-1\" \/>\n<link rel=\"canonical\" href=\"https:\/\/bioserenity.com\/de\/frageboegen-zum-schlaf\/\" \/>\n<meta property=\"og:locale\" content=\"de_DE\" \/>\n<meta property=\"og:type\" content=\"article\" \/>\n<meta property=\"og:title\" content=\"Frageb\u00f6gen zum Schlaf\" \/>\n<meta property=\"og:description\" content=\"BioSerenity-Athen-Schlaf-Questionnaire_ASQ_ENGHerunterladen BioSerenity-Bergen-Schlaflosigkeitsskala-BIS_ENGHerunterladen BioSerenity-Berlin-Questionnaire-BQ_ENGHerunterladen BioSerenity-Calgary-Schlaf-Apnoe-Lebensqualit\u00e4ts-Index-SACLI_ENGHerunterladen BioSerenity-Epworth-Schlafenszeit-Skala-ENGHerunterladen BioSerenity-Funktionsergebnisse-zum-Schlafen-Fragebogen-FOSQ_10_ENGHerunterladen BioSerenity-Insomnia-Severity-Index-ISI-ENGHerunterladen BioSerenity-OSA-50-Screening-Fragenkatalog-OSA_ENGHerunterladen BioSerenity-Oviedo-Schlaf-Fragenkatalog-OSQ_ENGHerunterladen BioSerenity-Pittsburgh-Schlaf-Qualit\u00e4ts-Index-PSQI_ENGHerunterladen BioSerenity-Selbstwirksamkeits-Messung-f\u00fcr-Schlaf-Apnoe-SEMSA_ENGHerunterladen BioSerenity-Einfache-Vier-Variablen-SFV_ENGHerunterladen BioSerenity-Schlaf-Apnoe-Klinischer-Score-SACS_ENGHerunterladen BioSerenity-Schlafst\u00f6rungen-Questionnaire-SDQ_ENGHerunterladen BioSerenity-STOP-Fragenkatalog-STOP_ENGHerunterladen BioSerenity-STOP-BANG-Fragenkatalog-STOP-BANG_ENGHerunterladen\" \/>\n<meta property=\"og:url\" content=\"https:\/\/bioserenity.com\/de\/frageboegen-zum-schlaf\/\" \/>\n<meta property=\"og:site_name\" content=\"BioSerenity\" \/>\n<meta property=\"article:modified_time\" content=\"2024-05-03T13:15:53+00:00\" \/>\n<meta property=\"og:image\" content=\"https:\/\/bioserenity.com\/wp-content\/uploads\/2024\/03\/IceCap-BioSerenity.jpg\" \/>\n\t<meta property=\"og:image:width\" content=\"1920\" \/>\n\t<meta property=\"og:image:height\" content=\"912\" \/>\n\t<meta property=\"og:image:type\" content=\"image\/jpeg\" \/>\n<meta name=\"twitter:card\" content=\"summary_large_image\" \/>\n<script type=\"application\/ld+json\" class=\"yoast-schema-graph\">{\"@context\":\"https:\\\/\\\/schema.org\",\"@graph\":[{\"@type\":\"WebPage\",\"@id\":\"https:\\\/\\\/bioserenity.com\\\/de\\\/frageboegen-zum-schlaf\\\/\",\"url\":\"https:\\\/\\\/bioserenity.com\\\/de\\\/frageboegen-zum-schlaf\\\/\",\"name\":\"Frageb\u00f6gen zum Schlaf - BioSerenity\",\"isPartOf\":{\"@id\":\"https:\\\/\\\/bioserenity.com\\\/de\\\/#website\"},\"datePublished\":\"2024-04-03T17:38:15+00:00\",\"dateModified\":\"2024-05-03T13:15:53+00:00\",\"breadcrumb\":{\"@id\":\"https:\\\/\\\/bioserenity.com\\\/de\\\/frageboegen-zum-schlaf\\\/#breadcrumb\"},\"inLanguage\":\"de\",\"potentialAction\":[{\"@type\":\"ReadAction\",\"target\":[\"https:\\\/\\\/bioserenity.com\\\/de\\\/frageboegen-zum-schlaf\\\/\"]}]},{\"@type\":\"BreadcrumbList\",\"@id\":\"https:\\\/\\\/bioserenity.com\\\/de\\\/frageboegen-zum-schlaf\\\/#breadcrumb\",\"itemListElement\":[{\"@type\":\"ListItem\",\"position\":1,\"name\":\"Home\",\"item\":\"https:\\\/\\\/bioserenity.com\\\/de\\\/startseite\\\/\"},{\"@type\":\"ListItem\",\"position\":2,\"name\":\"Frageb\u00f6gen zum Schlaf\"}]},{\"@type\":\"WebSite\",\"@id\":\"https:\\\/\\\/bioserenity.com\\\/de\\\/#website\",\"url\":\"https:\\\/\\\/bioserenity.com\\\/de\\\/\",\"name\":\"BioSerenity\",\"description\":\"Connected &amp; Integrated Neurosciences. Brain monitoring &amp; remote diagnostic\",\"publisher\":{\"@id\":\"https:\\\/\\\/bioserenity.com\\\/de\\\/#organization\"},\"potentialAction\":[{\"@type\":\"SearchAction\",\"target\":{\"@type\":\"EntryPoint\",\"urlTemplate\":\"https:\\\/\\\/bioserenity.com\\\/de\\\/?s={search_term_string}\"},\"query-input\":{\"@type\":\"PropertyValueSpecification\",\"valueRequired\":true,\"valueName\":\"search_term_string\"}}],\"inLanguage\":\"de\"},{\"@type\":\"Organization\",\"@id\":\"https:\\\/\\\/bioserenity.com\\\/de\\\/#organization\",\"name\":\"BioSerenity\",\"url\":\"https:\\\/\\\/bioserenity.com\\\/de\\\/\",\"logo\":{\"@type\":\"ImageObject\",\"inLanguage\":\"de\",\"@id\":\"https:\\\/\\\/bioserenity.com\\\/de\\\/#\\\/schema\\\/logo\\\/image\\\/\",\"url\":\"https:\\\/\\\/bioserenity.com\\\/wp-content\\\/uploads\\\/2023\\\/05\\\/logo_bioserenity_BORDEAUX-600-o.png\",\"contentUrl\":\"https:\\\/\\\/bioserenity.com\\\/wp-content\\\/uploads\\\/2023\\\/05\\\/logo_bioserenity_BORDEAUX-600-o.png\",\"width\":600,\"height\":170,\"caption\":\"BioSerenity\"},\"image\":{\"@id\":\"https:\\\/\\\/bioserenity.com\\\/de\\\/#\\\/schema\\\/logo\\\/image\\\/\"},\"sameAs\":[\"https:\\\/\\\/www.linkedin.com\\\/company\\\/bioserenity\\\/\",\"https:\\\/\\\/www.youtube.com\\\/@bioserenity9854\"],\"description\":\"BIOSerenity, founded in 2014, is the French leader in electrophysiological diagnostics, performing more than 45,000 EEGs (electroencephalograms), 8,000 PSGs (polysomnographies), and 5,000 ECGs (electrocardiograms) each year. Its offering combines medical devices, a software platform, and AI algorithms, all designed and produced in France, integrated into an ecosystem of services for the benefit of physicians and patients. This unique end-to-end solution enables complex examinations to be performed and provides remote interpretation of signals in a timely manner, contributing to faster and more reliable clinical decisions. As an expert in neurology, BIOSerenity has developed the Large Brain Model (LBM), a foundation model trained on more than ten years of EEG recordings. This database and AI platform give rise to decision support tools that improve the quality and speed of interpretation. Among its flagship services, the long-term (72-hour) home EEG, unique in France, speeds up access to diagnosis when hospital slots are hardly available. In sleep medicine, BIOSerenity relies on a network of dedicated centers and specialized medical and paramedical teams to accelerate the diagnosis of sleep disorders and optimize patient referral. This vertical integration - devices, software, AI, and medical services - supports continuous improvement in the care pathway, as well as faster and more reliable diagnosis.\",\"email\":\"contact@bioserenity.com\",\"legalName\":\"BIOSERENITY\",\"numberOfEmployees\":{\"@type\":\"QuantitativeValue\",\"minValue\":\"201\",\"maxValue\":\"500\"}}]}<\/script>\n<!-- \/ Yoast SEO Premium plugin. -->","yoast_head_json":{"title":"Frageb\u00f6gen zum Schlaf - BioSerenity","robots":{"index":"index","follow":"follow","max-snippet":"max-snippet:-1","max-image-preview":"max-image-preview:large","max-video-preview":"max-video-preview:-1"},"canonical":"https:\/\/bioserenity.com\/de\/frageboegen-zum-schlaf\/","og_locale":"de_DE","og_type":"article","og_title":"Frageb\u00f6gen zum Schlaf","og_description":"BioSerenity-Athen-Schlaf-Questionnaire_ASQ_ENGHerunterladen BioSerenity-Bergen-Schlaflosigkeitsskala-BIS_ENGHerunterladen BioSerenity-Berlin-Questionnaire-BQ_ENGHerunterladen BioSerenity-Calgary-Schlaf-Apnoe-Lebensqualit\u00e4ts-Index-SACLI_ENGHerunterladen BioSerenity-Epworth-Schlafenszeit-Skala-ENGHerunterladen BioSerenity-Funktionsergebnisse-zum-Schlafen-Fragebogen-FOSQ_10_ENGHerunterladen BioSerenity-Insomnia-Severity-Index-ISI-ENGHerunterladen BioSerenity-OSA-50-Screening-Fragenkatalog-OSA_ENGHerunterladen BioSerenity-Oviedo-Schlaf-Fragenkatalog-OSQ_ENGHerunterladen BioSerenity-Pittsburgh-Schlaf-Qualit\u00e4ts-Index-PSQI_ENGHerunterladen BioSerenity-Selbstwirksamkeits-Messung-f\u00fcr-Schlaf-Apnoe-SEMSA_ENGHerunterladen BioSerenity-Einfache-Vier-Variablen-SFV_ENGHerunterladen BioSerenity-Schlaf-Apnoe-Klinischer-Score-SACS_ENGHerunterladen BioSerenity-Schlafst\u00f6rungen-Questionnaire-SDQ_ENGHerunterladen BioSerenity-STOP-Fragenkatalog-STOP_ENGHerunterladen BioSerenity-STOP-BANG-Fragenkatalog-STOP-BANG_ENGHerunterladen","og_url":"https:\/\/bioserenity.com\/de\/frageboegen-zum-schlaf\/","og_site_name":"BioSerenity","article_modified_time":"2024-05-03T13:15:53+00:00","og_image":[{"width":1920,"height":912,"url":"https:\/\/bioserenity.com\/wp-content\/uploads\/2024\/03\/IceCap-BioSerenity.jpg","type":"image\/jpeg"}],"twitter_card":"summary_large_image","schema":{"@context":"https:\/\/schema.org","@graph":[{"@type":"WebPage","@id":"https:\/\/bioserenity.com\/de\/frageboegen-zum-schlaf\/","url":"https:\/\/bioserenity.com\/de\/frageboegen-zum-schlaf\/","name":"Frageb\u00f6gen zum Schlaf - BioSerenity","isPartOf":{"@id":"https:\/\/bioserenity.com\/de\/#website"},"datePublished":"2024-04-03T17:38:15+00:00","dateModified":"2024-05-03T13:15:53+00:00","breadcrumb":{"@id":"https:\/\/bioserenity.com\/de\/frageboegen-zum-schlaf\/#breadcrumb"},"inLanguage":"de","potentialAction":[{"@type":"ReadAction","target":["https:\/\/bioserenity.com\/de\/frageboegen-zum-schlaf\/"]}]},{"@type":"BreadcrumbList","@id":"https:\/\/bioserenity.com\/de\/frageboegen-zum-schlaf\/#breadcrumb","itemListElement":[{"@type":"ListItem","position":1,"name":"Home","item":"https:\/\/bioserenity.com\/de\/startseite\/"},{"@type":"ListItem","position":2,"name":"Frageb\u00f6gen zum Schlaf"}]},{"@type":"WebSite","@id":"https:\/\/bioserenity.com\/de\/#website","url":"https:\/\/bioserenity.com\/de\/","name":"BioSerenity","description":"Connected &amp; Integrated Neurosciences. Brain monitoring &amp; remote diagnostic","publisher":{"@id":"https:\/\/bioserenity.com\/de\/#organization"},"potentialAction":[{"@type":"SearchAction","target":{"@type":"EntryPoint","urlTemplate":"https:\/\/bioserenity.com\/de\/?s={search_term_string}"},"query-input":{"@type":"PropertyValueSpecification","valueRequired":true,"valueName":"search_term_string"}}],"inLanguage":"de"},{"@type":"Organization","@id":"https:\/\/bioserenity.com\/de\/#organization","name":"BioSerenity","url":"https:\/\/bioserenity.com\/de\/","logo":{"@type":"ImageObject","inLanguage":"de","@id":"https:\/\/bioserenity.com\/de\/#\/schema\/logo\/image\/","url":"https:\/\/bioserenity.com\/wp-content\/uploads\/2023\/05\/logo_bioserenity_BORDEAUX-600-o.png","contentUrl":"https:\/\/bioserenity.com\/wp-content\/uploads\/2023\/05\/logo_bioserenity_BORDEAUX-600-o.png","width":600,"height":170,"caption":"BioSerenity"},"image":{"@id":"https:\/\/bioserenity.com\/de\/#\/schema\/logo\/image\/"},"sameAs":["https:\/\/www.linkedin.com\/company\/bioserenity\/","https:\/\/www.youtube.com\/@bioserenity9854"],"description":"BIOSerenity, founded in 2014, is the French leader in electrophysiological diagnostics, performing more than 45,000 EEGs (electroencephalograms), 8,000 PSGs (polysomnographies), and 5,000 ECGs (electrocardiograms) each year. Its offering combines medical devices, a software platform, and AI algorithms, all designed and produced in France, integrated into an ecosystem of services for the benefit of physicians and patients. This unique end-to-end solution enables complex examinations to be performed and provides remote interpretation of signals in a timely manner, contributing to faster and more reliable clinical decisions. As an expert in neurology, BIOSerenity has developed the Large Brain Model (LBM), a foundation model trained on more than ten years of EEG recordings. This database and AI platform give rise to decision support tools that improve the quality and speed of interpretation. Among its flagship services, the long-term (72-hour) home EEG, unique in France, speeds up access to diagnosis when hospital slots are hardly available. In sleep medicine, BIOSerenity relies on a network of dedicated centers and specialized medical and paramedical teams to accelerate the diagnosis of sleep disorders and optimize patient referral. This vertical integration - devices, software, AI, and medical services - supports continuous improvement in the care pathway, as well as faster and more reliable diagnosis.","email":"contact@bioserenity.com","legalName":"BIOSERENITY","numberOfEmployees":{"@type":"QuantitativeValue","minValue":"201","maxValue":"500"}}]}},"_links":{"self":[{"href":"https:\/\/bioserenity.com\/de\/wp-json\/wp\/v2\/pages\/3425","targetHints":{"allow":["GET"]}}],"collection":[{"href":"https:\/\/bioserenity.com\/de\/wp-json\/wp\/v2\/pages"}],"about":[{"href":"https:\/\/bioserenity.com\/de\/wp-json\/wp\/v2\/types\/page"}],"author":[{"embeddable":true,"href":"https:\/\/bioserenity.com\/de\/wp-json\/wp\/v2\/users\/15"}],"replies":[{"embeddable":true,"href":"https:\/\/bioserenity.com\/de\/wp-json\/wp\/v2\/comments?post=3425"}],"version-history":[{"count":2,"href":"https:\/\/bioserenity.com\/de\/wp-json\/wp\/v2\/pages\/3425\/revisions"}],"predecessor-version":[{"id":4550,"href":"https:\/\/bioserenity.com\/de\/wp-json\/wp\/v2\/pages\/3425\/revisions\/4550"}],"wp:attachment":[{"href":"https:\/\/bioserenity.com\/de\/wp-json\/wp\/v2\/media?parent=3425"}],"curies":[{"name":"wp","href":"https:\/\/api.w.org\/{rel}","templated":true}]}}